{"id":20733,"date":"2025-02-01T15:22:29","date_gmt":"2025-02-01T14:22:29","guid":{"rendered":"https:\/\/www.billigtrikotde.com\/?post_type=product&#038;p=20733"},"modified":"2025-03-01T09:22:47","modified_gmt":"2025-03-01T08:22:47","slug":"kinder-tottenham-hotspur-ausweich-trikotsatz-gruen-son-heung-min-7","status":"publish","type":"product","link":"https:\/\/www.billigtrikotde.com\/sl\/kinder-tottenham-hotspur-ausweich-trikotsatz-gruen-son-heung-min-7\/","title":{"rendered":"Otro\u0161ka obla\u010dila Tottenham Hotspur 2024-25 Green Son Heung-min 7"},"content":{"rendered":"<p>Oblikovanje tretjega dresa otro\u0161kega dresa poceni Tottenham Hotspur je subtilno navdihnjeno s sedmimi bresti, ki \u017ee stoletja stojijo v ju\u017enem Tottenhamu. Ta drevesa \u017ee ve\u010d generacij navdu\u0161ujejo lokalne prebivalce in so globoko zakoreninjena v folklori. Legenda pravi, da je prvotne jel\u0161e v 14. stoletju posadilo sedem sester lokalne dru\u017eine, kar zgodovini obmo\u010dja dodaja misti\u010den pridih.<\/p>\n<p>Tottenham Hotspur \u017eeli z vklju\u010ditvijo elementov te lokalne legende v oblikovanje dresa pokazati, da je zavezan ohranjanju vezi z lokalno skupnostjo. Vzorec na zeleni tkanini vizualno ponazarja globoko zakoreninjeno povezavo kluba s po\u0161tno \u0161tevilko N17 in okolico, ki je \u017ee ve\u010d kot stoletje njegov dom.<\/p>","protected":false},"excerpt":{"rendered":"<p>Das Design des dritten Trikots der Kinder Trikot Billig Tottenham Hotspur Ausweich Trikotsatz ist subtil inspiriert von den sieben Ulmen, die seit Jahrhunderten in South Tottenham stehen. Diese B\u00e4ume faszinieren die Anwohner seit Generationen und sind tief in der Folklore verwurzelt. Der Legende nach wurden die urspr\u00fcnglichen Ulmen im 14. Jahrhundert von sieben Schwestern einer [&hellip;]<\/p>","protected":false},"featured_media":20735,"comment_status":"open","ping_status":"closed","template":"","meta":[],"product_brand":[],"product_cat":[102],"product_tag":[20,574,24,94,1401,652,104,105],"class_list":{"0":"post-20733","1":"product","2":"type-product","3":"status-publish","4":"has-post-thumbnail","6":"product_cat-tottenham-hotspur-kindertrikot","7":"product_tag-coole-fussballtrikots","8":"product_tag-fussballtrikot-deutschland","9":"product_tag-guenstiges-fussballtrikot","10":"product_tag-kinder-fussball-trikotsatz","11":"product_tag-son-heung-min-trikots","12":"product_tag-tottenham-hotspur-fussballtrikot","13":"product_tag-tottenham-hotspur-trikots","14":"product_tag-tottenham-hotspur-trikotsatz-fuer-kinder","16":"first","17":"instock","18":"shipping-taxable","19":"purchasable","20":"product-type-variable"},"_links":{"self":[{"href":"https:\/\/www.billigtrikotde.com\/sl\/wp-json\/wp\/v2\/product\/20733","targetHints":{"allow":["GET"]}}],"collection":[{"href":"https:\/\/www.billigtrikotde.com\/sl\/wp-json\/wp\/v2\/product"}],"about":[{"href":"https:\/\/www.billigtrikotde.com\/sl\/wp-json\/wp\/v2\/types\/product"}],"replies":[{"embeddable":true,"href":"https:\/\/www.billigtrikotde.com\/sl\/wp-json\/wp\/v2\/comments?post=20733"}],"wp:featuredmedia":[{"embeddable":true,"href":"https:\/\/www.billigtrikotde.com\/sl\/wp-json\/wp\/v2\/media\/20735"}],"wp:attachment":[{"href":"https:\/\/www.billigtrikotde.com\/sl\/wp-json\/wp\/v2\/media?parent=20733"}],"wp:term":[{"taxonomy":"product_brand","embeddable":true,"href":"https:\/\/www.billigtrikotde.com\/sl\/wp-json\/wp\/v2\/product_brand?post=20733"},{"taxonomy":"product_cat","embeddable":true,"href":"https:\/\/www.billigtrikotde.com\/sl\/wp-json\/wp\/v2\/product_cat?post=20733"},{"taxonomy":"product_tag","embeddable":true,"href":"https:\/\/www.billigtrikotde.com\/sl\/wp-json\/wp\/v2\/product_tag?post=20733"}],"curies":[{"name":"wp","href":"https:\/\/api.w.org\/{rel}","templated":true}]}}