{"id":20707,"date":"2025-01-29T05:10:50","date_gmt":"2025-01-29T04:10:50","guid":{"rendered":"https:\/\/www.billigtrikotde.com\/?post_type=product&#038;p=20707"},"modified":"2025-02-08T15:17:47","modified_gmt":"2025-02-08T14:17:47","slug":"kaufen-kinder-tottenham-hotspur-heim-trikotsatz-2024-25-james-maddison-10","status":"publish","type":"product","link":"https:\/\/www.billigtrikotde.com\/sl\/kaufen-kinder-tottenham-hotspur-heim-trikotsatz-2024-25-james-maddison-10\/","title":{"rendered":"Nakup Otro\u0161ki komplet dresov Tottenham Hotspur Home 2024-25 James Maddison 10"},"content":{"rendered":"<p>Zasnova poceni doma\u010de majice Tottenham Hotspur 24\/25 ima mornarsko modre rokave, ki se vra\u010dajo k beli majici \"Lilywhite\". Ta zasnova slavi ikoni\u010dne barve kluba iz severnega Londona.<\/p>\n<p>Majica ima novo okroglo obliko vratu iz nogometne kolekcije in man\u0161ete s \u010drtastimi naramnicami. Vsi detajli dresa so v tradicionalni mornarsko modri barvi Tottenhama in se ujemajo s temno modrimi kratkimi hla\u010dami in belimi nogavicami za klasi\u010den videz Spursov.<\/p>\n<p>Nasveti za tiskanje: \u010ce sta ime in \u0161tevilka na sliki to\u010dno tak\u0161na, kot ju \u017eelite, ju ni treba ponovno vnesti. \u010ce ni tako, vnesite \u017eeleno ime in \u0161tevilko.<\/p>\n<p>Nasveti za pranje: Priporo\u010dljivo je, da nogometne majice perete ro\u010dno. \u010ce \u017eelite uporabiti pralni stroj, ne pozabite nogometne majice obrniti narobe in jih nato oprati. Stroj napolnite s hladno vodo in uporabite ob\u010dutljiv cikel, da bolje za\u0161\u010ditite barve.<\/p>","protected":false},"excerpt":{"rendered":"<p>Dizajn ugodnega doma\u010dega Tottenham Hotspur 24\/25 trikotnika prikazuje vselej mornarsko modre rokave, ki se vra\u010dajo k belemu \u00abLilywhite\u00bb majici. Ta dizajn praznuje ikoni\u010dne barve severnega Londona kluba. Trikotnik ima novi okrogli izrez po zasnovi Soccer in ovratnik z vzorcem s tankimi \u010drtami na rokavih. Vsi detajli trikotnika so v tradicionalnih mornarsko modrih poudarkih Tottenhama in se ujemajo z temno modrimi hla\u010dami in [\u2026]<\/p>","protected":false},"featured_media":20709,"comment_status":"open","ping_status":"closed","template":"","meta":[],"product_brand":[],"product_cat":[102],"product_tag":[20,574,24,1402,94,652,104,105],"class_list":{"0":"post-20707","1":"product","2":"type-product","3":"status-publish","4":"has-post-thumbnail","6":"product_cat-tottenham-hotspur-kindertrikot","7":"product_tag-coole-fussballtrikots","8":"product_tag-fussballtrikot-deutschland","9":"product_tag-guenstiges-fussballtrikot","10":"product_tag-james-maddison-trikots","11":"product_tag-kinder-fussball-trikotsatz","12":"product_tag-tottenham-hotspur-fussballtrikot","13":"product_tag-tottenham-hotspur-trikots","14":"product_tag-tottenham-hotspur-trikotsatz-fuer-kinder","16":"first","17":"instock","18":"shipping-taxable","19":"purchasable","20":"product-type-variable"},"_links":{"self":[{"href":"https:\/\/www.billigtrikotde.com\/sl\/wp-json\/wp\/v2\/product\/20707","targetHints":{"allow":["GET"]}}],"collection":[{"href":"https:\/\/www.billigtrikotde.com\/sl\/wp-json\/wp\/v2\/product"}],"about":[{"href":"https:\/\/www.billigtrikotde.com\/sl\/wp-json\/wp\/v2\/types\/product"}],"replies":[{"embeddable":true,"href":"https:\/\/www.billigtrikotde.com\/sl\/wp-json\/wp\/v2\/comments?post=20707"}],"wp:featuredmedia":[{"embeddable":true,"href":"https:\/\/www.billigtrikotde.com\/sl\/wp-json\/wp\/v2\/media\/20709"}],"wp:attachment":[{"href":"https:\/\/www.billigtrikotde.com\/sl\/wp-json\/wp\/v2\/media?parent=20707"}],"wp:term":[{"taxonomy":"product_brand","embeddable":true,"href":"https:\/\/www.billigtrikotde.com\/sl\/wp-json\/wp\/v2\/product_brand?post=20707"},{"taxonomy":"product_cat","embeddable":true,"href":"https:\/\/www.billigtrikotde.com\/sl\/wp-json\/wp\/v2\/product_cat?post=20707"},{"taxonomy":"product_tag","embeddable":true,"href":"https:\/\/www.billigtrikotde.com\/sl\/wp-json\/wp\/v2\/product_tag?post=20707"}],"curies":[{"name":"wp","href":"https:\/\/api.w.org\/{rel}","templated":true}]}}