{"id":20685,"date":"2025-01-26T08:33:01","date_gmt":"2025-01-26T07:33:01","guid":{"rendered":"https:\/\/www.billigtrikotde.com\/?post_type=product&#038;p=20685"},"modified":"2025-01-26T08:57:42","modified_gmt":"2025-01-26T07:57:42","slug":"guenstige-kindertrikot-real-madrid-ausweich-trikotsatz-2024-25-vinicius-junior-7","status":"publish","type":"product","link":"https:\/\/www.billigtrikotde.com\/sl\/guenstige-kindertrikot-real-madrid-ausweich-trikotsatz-2024-25-vinicius-junior-7\/","title":{"rendered":"Poceni otro\u0161ki dres Real Madrid izletni\u0161ki komplet 2024-25 Vinicius Junior 7"},"content":{"rendered":"<p>Cenovno ugodna tretja majica Real Madrid 2024\/25 ima prefinjeno temno sivo barvno shemo, ki se zelo razlikuje od prej\u0161njih modelov. Posebnost novega dresa Real Madrida je zapleten vzorec z za\u010detnicami kluba \"RMCF\", edinstven oblikovalski element, ki ga navdihujejo tradicionalni madridski uli\u010dni napisi in ustvarja mo\u010dno povezavo med ekipo in njenim doma\u010dim mestom. Monogram, ki se ponavlja po celotnem dresu, najnovej\u0161emu dresu Real Madrid 2024\/25 dodaja globino in zna\u010daj, v oblikovanje tretjega dresa Real Madrid 24\/25 pa je vklju\u010denih ve\u010d pomembnih podrobnosti. Dres ima plosko pleten polo ovratnik in zapenjanje na gumbe, ki celotni estetiki doda pridih elegance.<\/p>\n<p>Nasveti za tiskanje: \u010ce sta ime in \u0161tevilka na sliki to\u010dno tak\u0161na, kot ju \u017eelite, ju ni treba ponovno vnesti. \u010ce ni tako, vnesite \u017eeleno ime in \u0161tevilko.<\/p>\n<p>Nasveti za pranje: Priporo\u010dljivo je, da nogometne majice perete ro\u010dno. \u010ce \u017eelite uporabiti pralni stroj, ne pozabite nogometne majice obrniti narobe in jih nato oprati. Stroj napolnite s hladno vodo in uporabite ob\u010dutljiv cikel, da bolje za\u0161\u010ditite barve.<\/p>","protected":false},"excerpt":{"rendered":"<p>Das g\u00fcnstige dritte Trikot von Real Madrid 2024\/25 zeichnet sich durch ein raffiniertes dunkelgraues Farbschema aus, das sich deutlich von fr\u00fcheren Designs unterscheidet. Das herausragende Merkmal des neuen Trikots von Real Madrid ist ein kompliziertes Muster mit den Initialen des Vereins \u201eRMCF\u201c.Dieses einzigartige Designelement ist von traditionellen Madrider Stra\u00dfenschildern inspiriert und schafft eine starke Verbindung [&hellip;]<\/p>","protected":false},"featured_media":20687,"comment_status":"open","ping_status":"closed","template":"","meta":[],"product_brand":[],"product_cat":[165],"product_tag":[20,574,24,94,879,880,47,166,1302],"class_list":{"0":"post-20685","1":"product","2":"type-product","3":"status-publish","4":"has-post-thumbnail","6":"product_cat-real-madrid-kindertrikot","7":"product_tag-coole-fussballtrikots","8":"product_tag-fussballtrikot-deutschland","9":"product_tag-guenstiges-fussballtrikot","10":"product_tag-kinder-fussball-trikotsatz","11":"product_tag-real-madrid-fussballtrikots-kinder","12":"product_tag-real-madrid-trikot-fuer-kinder","13":"product_tag-real-madrid-trikots","14":"product_tag-real-madrid-trikotsatz-fuer-kinder","15":"product_tag-vinicius-junior-trikots","17":"first","18":"instock","19":"shipping-taxable","20":"purchasable","21":"product-type-variable"},"_links":{"self":[{"href":"https:\/\/www.billigtrikotde.com\/sl\/wp-json\/wp\/v2\/product\/20685","targetHints":{"allow":["GET"]}}],"collection":[{"href":"https:\/\/www.billigtrikotde.com\/sl\/wp-json\/wp\/v2\/product"}],"about":[{"href":"https:\/\/www.billigtrikotde.com\/sl\/wp-json\/wp\/v2\/types\/product"}],"replies":[{"embeddable":true,"href":"https:\/\/www.billigtrikotde.com\/sl\/wp-json\/wp\/v2\/comments?post=20685"}],"wp:featuredmedia":[{"embeddable":true,"href":"https:\/\/www.billigtrikotde.com\/sl\/wp-json\/wp\/v2\/media\/20687"}],"wp:attachment":[{"href":"https:\/\/www.billigtrikotde.com\/sl\/wp-json\/wp\/v2\/media?parent=20685"}],"wp:term":[{"taxonomy":"product_brand","embeddable":true,"href":"https:\/\/www.billigtrikotde.com\/sl\/wp-json\/wp\/v2\/product_brand?post=20685"},{"taxonomy":"product_cat","embeddable":true,"href":"https:\/\/www.billigtrikotde.com\/sl\/wp-json\/wp\/v2\/product_cat?post=20685"},{"taxonomy":"product_tag","embeddable":true,"href":"https:\/\/www.billigtrikotde.com\/sl\/wp-json\/wp\/v2\/product_tag?post=20685"}],"curies":[{"name":"wp","href":"https:\/\/api.w.org\/{rel}","templated":true}]}}