{"id":20666,"date":"2025-01-24T08:44:36","date_gmt":"2025-01-24T07:44:36","guid":{"rendered":"https:\/\/www.billigtrikotde.com\/?post_type=product&#038;p=20666"},"modified":"2025-03-01T09:21:47","modified_gmt":"2025-03-01T08:21:47","slug":"kinder-fussballtrikots-fc-barcelona-ausweich-trikotsatz-2024-25-lamine-yamal-19","status":"publish","type":"product","link":"https:\/\/www.billigtrikotde.com\/sl\/kinder-fussballtrikots-fc-barcelona-ausweich-trikotsatz-2024-25-lamine-yamal-19\/","title":{"rendered":"Otro\u0161ke nogometne majice FC Barcelona 2024-25 Lamine Yamal 19"},"content":{"rendered":"<p>Cenovno ugodna tretja majica Bar\u00e7a 2024-25 navdu\u0161uje s sodobno barvno shemo. Zdru\u017euje svetlo voltno barvo z modro barvo za logotipe in aplikacije. Uradne barve so \"Barely Volt \/ Old Royal\", tretji dres Bar\u00e7a 2024-2025 pa je oblikovan s simbolom \u017eenskega spola - hermafroditom, krogom nad kri\u017eem.<\/p>\n<p>Tako kot vsi drugi dresi za sezono 2024-2025 ima tudi dres Barcelone 24-25 na glavi oznako swoosh. Grb je na levi strani v enobarvni razli\u010dici z modro obrobo volta.<\/p>\n<p>Nasveti za tiskanje: \u010ce sta ime in \u0161tevilka na sliki to\u010dno tak\u0161na, kot ju \u017eelite, ju ni treba ponovno vnesti. \u010ce ni tako, vnesite \u017eeleno ime in \u0161tevilko.<\/p>\n<p>Nasveti za pranje: Priporo\u010dljivo je, da nogometne majice perete ro\u010dno. \u010ce \u017eelite uporabiti pralni stroj, ne pozabite nogometne majice obrniti narobe in jih nato oprati. Stroj napolnite s hladno vodo in uporabite ob\u010dutljiv cikel, da bolje za\u0161\u010ditite barve.<\/p>","protected":false},"excerpt":{"rendered":"<p>Dobra cena za tretjo majico Bar\u00e7a 2024-25 izstopa s sodobnim barvnim vzorcem. Kombinira svetlo volt zeleno z modro za logotipe in aplikacije. Uradno so barve \u00bbBarely Volt \/ Old Royal\u00ab. Tretja majica Bar\u00e7a 2024-2025 je oblikovana z \u017eenskim spolnim simbolom \u2013 zme\u0161ano, krog nad kri\u017eem. Kot vse druge majice sezone [\u2026]<\/p>","protected":false},"featured_media":20668,"comment_status":"open","ping_status":"closed","template":"","meta":[],"product_brand":[],"product_cat":[146],"product_tag":[20,33,1261,22,24,1225],"class_list":{"0":"post-20666","1":"product","2":"type-product","3":"status-publish","4":"has-post-thumbnail","6":"product_cat-barcelona-kindertrikot","7":"product_tag-coole-fussballtrikots","8":"product_tag-fc-barcelona-trikots","9":"product_tag-fussballtrikot-fuer-kinder","10":"product_tag-fussballtrikot-guenstig-kaufen","11":"product_tag-guenstiges-fussballtrikot","12":"product_tag-lamine-yamal-trikots","14":"first","15":"instock","16":"shipping-taxable","17":"purchasable","18":"product-type-variable"},"_links":{"self":[{"href":"https:\/\/www.billigtrikotde.com\/sl\/wp-json\/wp\/v2\/product\/20666","targetHints":{"allow":["GET"]}}],"collection":[{"href":"https:\/\/www.billigtrikotde.com\/sl\/wp-json\/wp\/v2\/product"}],"about":[{"href":"https:\/\/www.billigtrikotde.com\/sl\/wp-json\/wp\/v2\/types\/product"}],"replies":[{"embeddable":true,"href":"https:\/\/www.billigtrikotde.com\/sl\/wp-json\/wp\/v2\/comments?post=20666"}],"wp:featuredmedia":[{"embeddable":true,"href":"https:\/\/www.billigtrikotde.com\/sl\/wp-json\/wp\/v2\/media\/20668"}],"wp:attachment":[{"href":"https:\/\/www.billigtrikotde.com\/sl\/wp-json\/wp\/v2\/media?parent=20666"}],"wp:term":[{"taxonomy":"product_brand","embeddable":true,"href":"https:\/\/www.billigtrikotde.com\/sl\/wp-json\/wp\/v2\/product_brand?post=20666"},{"taxonomy":"product_cat","embeddable":true,"href":"https:\/\/www.billigtrikotde.com\/sl\/wp-json\/wp\/v2\/product_cat?post=20666"},{"taxonomy":"product_tag","embeddable":true,"href":"https:\/\/www.billigtrikotde.com\/sl\/wp-json\/wp\/v2\/product_tag?post=20666"}],"curies":[{"name":"wp","href":"https:\/\/api.w.org\/{rel}","templated":true}]}}