{"id":20646,"date":"2025-01-20T15:41:11","date_gmt":"2025-01-20T14:41:11","guid":{"rendered":"https:\/\/www.billigtrikotde.com\/?post_type=product&#038;p=20646"},"modified":"2025-03-01T09:21:07","modified_gmt":"2025-03-01T08:21:07","slug":"kinder-fussball-trikot-fc-barcelona-auswaerts-trikotsatz-2024-25-eric-garcia-24","status":"publish","type":"product","link":"https:\/\/www.billigtrikotde.com\/sl\/kinder-fussball-trikot-fc-barcelona-auswaerts-trikotsatz-2024-25-eric-garcia-24\/","title":{"rendered":"Otro\u0161ka nogometna majica FC Barcelona Away Kit 2024-25 Eric Garcia 24"},"content":{"rendered":"<p>Dres FC Barcelona 2024\/25 ima ikoni\u010dne \u010drte Barce na elegantnem \u010drnem ozadju, kar zagotavlja privla\u010den vizualni kontrast. Posebnost je klubski znak, znak iz TPU z odsevno povr\u0161ino ter modro in bordo obrobo. Ta gostujo\u010di komplet 2024\/25 je izdan ob 125. obletnici Barcelone, kar daje izdaji poseben pomen. Odlo\u010ditev kluba, da ponovno uporabi to barvno shemo, namiguje na me\u0161anico nostalgije in inovativnosti, ki bo privla\u010dna tako za dolgoletne kot nove navija\u010de.<\/p>\n<p>Nasveti za tiskanje: \u010ce sta ime in \u0161tevilka na sliki to\u010dno tak\u0161na, kot ju \u017eelite, ju ni treba ponovno vnesti. \u010ce ni tako, vnesite \u017eeleno ime in \u0161tevilko.<\/p>\n<p>Nasveti za pranje: Priporo\u010dljivo je, da nogometne majice perete ro\u010dno. \u010ce \u017eelite uporabiti pralni stroj, ne pozabite nogometne majice obrniti narobe in jih nato oprati. Stroj napolnite s hladno vodo in uporabite ob\u010dutljiv cikel, da bolje za\u0161\u010ditite barve.<\/p>","protected":false},"excerpt":{"rendered":"<p>Das Ausw\u00e4rtstrikot 2024\/25 des FC Barcelona zeigt die ikonischen Barca-Streifen auf einem eleganten schwarzen Hintergrund f\u00fcr einen auff\u00e4lligen optischen Kontrast. Ein Highlight ist das Vereinsabzeichen, ein TPU-Abzeichen mit reflektierender Oberfl\u00e4che und einer blauen und kastanienbraunen Umrandung. Dieses Ausw\u00e4rtstrikot 2024\/25 erscheint genau zu Barcelonas 125-j\u00e4hrigem Jubil\u00e4um, was der Ver\u00f6ffentlichung eine besondere Bedeutung verleiht. Die Entscheidung des [&hellip;]<\/p>","protected":false},"featured_media":20648,"comment_status":"open","ping_status":"closed","template":"","meta":[],"product_brand":[],"product_cat":[146],"product_tag":[20,1384,33,1261,22,24],"class_list":{"0":"post-20646","1":"product","2":"type-product","3":"status-publish","4":"has-post-thumbnail","6":"product_cat-barcelona-kindertrikot","7":"product_tag-coole-fussballtrikots","8":"product_tag-eric-garcia-trikots","9":"product_tag-fc-barcelona-trikots","10":"product_tag-fussballtrikot-fuer-kinder","11":"product_tag-fussballtrikot-guenstig-kaufen","12":"product_tag-guenstiges-fussballtrikot","14":"first","15":"instock","16":"shipping-taxable","17":"purchasable","18":"product-type-variable"},"_links":{"self":[{"href":"https:\/\/www.billigtrikotde.com\/sl\/wp-json\/wp\/v2\/product\/20646","targetHints":{"allow":["GET"]}}],"collection":[{"href":"https:\/\/www.billigtrikotde.com\/sl\/wp-json\/wp\/v2\/product"}],"about":[{"href":"https:\/\/www.billigtrikotde.com\/sl\/wp-json\/wp\/v2\/types\/product"}],"replies":[{"embeddable":true,"href":"https:\/\/www.billigtrikotde.com\/sl\/wp-json\/wp\/v2\/comments?post=20646"}],"wp:featuredmedia":[{"embeddable":true,"href":"https:\/\/www.billigtrikotde.com\/sl\/wp-json\/wp\/v2\/media\/20648"}],"wp:attachment":[{"href":"https:\/\/www.billigtrikotde.com\/sl\/wp-json\/wp\/v2\/media?parent=20646"}],"wp:term":[{"taxonomy":"product_brand","embeddable":true,"href":"https:\/\/www.billigtrikotde.com\/sl\/wp-json\/wp\/v2\/product_brand?post=20646"},{"taxonomy":"product_cat","embeddable":true,"href":"https:\/\/www.billigtrikotde.com\/sl\/wp-json\/wp\/v2\/product_cat?post=20646"},{"taxonomy":"product_tag","embeddable":true,"href":"https:\/\/www.billigtrikotde.com\/sl\/wp-json\/wp\/v2\/product_tag?post=20646"}],"curies":[{"name":"wp","href":"https:\/\/api.w.org\/{rel}","templated":true}]}}