{"id":20612,"date":"2025-01-14T15:35:48","date_gmt":"2025-01-14T14:35:48","guid":{"rendered":"https:\/\/www.billigtrikotde.com\/?post_type=product&#038;p=20612"},"modified":"2025-03-01T09:19:38","modified_gmt":"2025-03-01T08:19:38","slug":"guenstige-trikots-kinder-fc-barcelona-heimtrikot-2024-25-dani-olmo-20","status":"publish","type":"product","link":"https:\/\/www.billigtrikotde.com\/sl\/guenstige-trikots-kinder-fc-barcelona-heimtrikot-2024-25-dani-olmo-20\/","title":{"rendered":"Poceni Dresi Otroci FC Barcelona Home Shirt 2024-25 Dani Olmo 20"},"content":{"rendered":"<p>Cenovno ugoden dres FC Barcelona 2024-25 ima obetavno barvno kombinacijo in obliko. Dres Barcelona 2024-25 zdru\u017euje kraljevsko modro, mornarsko modro in rde\u010do barvo z zlatimi logotipi. Kar zadeva zasnovo, ima dres Barcelona 24-25 videz pol-pol v modri in bordo barvi. Logotipa swoosh in Spotify sta zlata, medtem ko je grb v standardnih barvah. Ovratnik in man\u0161ete so mornarsko modre barve. Barvna kombinacija in zasnova spominjata na dres ob 100. obletnici Barcelone.<\/p>\n<p>Nasveti za tiskanje: \u010ce sta ime in \u0161tevilka na sliki to\u010dno tak\u0161na, kot ju \u017eelite, ju ni treba ponovno vnesti. \u010ce ni tako, vnesite \u017eeleno ime in \u0161tevilko.<\/p>\n<p>Nasveti za pranje: Priporo\u010dljivo je, da nogometne majice perete ro\u010dno. \u010ce \u017eelite uporabiti pralni stroj, ne pozabite nogometne majice obrniti narobe in jih nato oprati. Stroj napolnite s hladno vodo in uporabite ob\u010dutljiv cikel, da bolje za\u0161\u010ditite barve.<\/p>","protected":false},"excerpt":{"rendered":"<p>Das g\u00fcnstige FC Barcelona 2024-25 Trikot hat eine vielversprechende Farbkombination und Design. Das Barcelona 2024-25 Trikot kombiniert K\u00f6nigsblau, Marineblau und Rot mit goldenen Logos. Was das Design angeht, so hat das Barcelona 24-25 Trikot einen Halb-und-Halb-Look in Blau und Kastanienbraun. Der Swoosh und die Spotify-Logos sind goldfarben, w\u00e4hrend das Wappen in den Standardfarben gehalten ist. [&hellip;]<\/p>","protected":false},"featured_media":20614,"comment_status":"open","ping_status":"closed","template":"","meta":[],"product_brand":[],"product_cat":[146],"product_tag":[20,1230,33,1261,22,24],"class_list":{"0":"post-20612","1":"product","2":"type-product","3":"status-publish","4":"has-post-thumbnail","6":"product_cat-barcelona-kindertrikot","7":"product_tag-coole-fussballtrikots","8":"product_tag-dani-olmo-trikots","9":"product_tag-fc-barcelona-trikots","10":"product_tag-fussballtrikot-fuer-kinder","11":"product_tag-fussballtrikot-guenstig-kaufen","12":"product_tag-guenstiges-fussballtrikot","14":"first","15":"instock","16":"shipping-taxable","17":"purchasable","18":"product-type-variable"},"_links":{"self":[{"href":"https:\/\/www.billigtrikotde.com\/sl\/wp-json\/wp\/v2\/product\/20612","targetHints":{"allow":["GET"]}}],"collection":[{"href":"https:\/\/www.billigtrikotde.com\/sl\/wp-json\/wp\/v2\/product"}],"about":[{"href":"https:\/\/www.billigtrikotde.com\/sl\/wp-json\/wp\/v2\/types\/product"}],"replies":[{"embeddable":true,"href":"https:\/\/www.billigtrikotde.com\/sl\/wp-json\/wp\/v2\/comments?post=20612"}],"wp:featuredmedia":[{"embeddable":true,"href":"https:\/\/www.billigtrikotde.com\/sl\/wp-json\/wp\/v2\/media\/20614"}],"wp:attachment":[{"href":"https:\/\/www.billigtrikotde.com\/sl\/wp-json\/wp\/v2\/media?parent=20612"}],"wp:term":[{"taxonomy":"product_brand","embeddable":true,"href":"https:\/\/www.billigtrikotde.com\/sl\/wp-json\/wp\/v2\/product_brand?post=20612"},{"taxonomy":"product_cat","embeddable":true,"href":"https:\/\/www.billigtrikotde.com\/sl\/wp-json\/wp\/v2\/product_cat?post=20612"},{"taxonomy":"product_tag","embeddable":true,"href":"https:\/\/www.billigtrikotde.com\/sl\/wp-json\/wp\/v2\/product_tag?post=20612"}],"curies":[{"name":"wp","href":"https:\/\/api.w.org\/{rel}","templated":true}]}}