{"id":20573,"date":"2025-01-10T14:55:49","date_gmt":"2025-01-10T13:55:49","guid":{"rendered":"https:\/\/www.billigtrikotde.com\/?post_type=product&#038;p=20573"},"modified":"2025-02-01T15:58:52","modified_gmt":"2025-02-01T14:58:52","slug":"fussballtrikots-kaufen-kinder-real-madrid-auswaerts-trikotsatz-2024-2025-personalisierbar","status":"publish","type":"product","link":"https:\/\/www.billigtrikotde.com\/sl\/fussballtrikots-kaufen-kinder-real-madrid-auswaerts-trikotsatz-2024-2025-personalisierbar\/","title":{"rendered":"Nogometne majice Nakup Otroci Real Madrid Away Kit 2024-2025 Prilagodljiv"},"content":{"rendered":"<p>Cenovno ugodna gostujo\u010da majica Real Madrid 24-25 po barvi spominja na tretjo majico iz sezone 2013-2014. Prevladuje svetlo oran\u017ena barva s \u010drnimi aplikacijami. Ovratnik ima bele podrobnosti. Barva gostujo\u010dega dresa Real Madrid 24-25 spominja na tretji dres iz sezone 2013-2014. V sezoni 2013-2014 je Madrid\u010danom uspelo uresni\u010diti svoje decimalne sanje, deseti naslov v Ligi prvakov.<\/p>\n<p>Nasveti za tiskanje: \u010ce sta ime in \u0161tevilka na sliki to\u010dno tak\u0161na, kot ju \u017eelite, ju ni treba ponovno vnesti. \u010ce ni tako, vnesite \u017eeleno ime in \u0161tevilko.<\/p>\n<p>Nasveti za pranje: Priporo\u010dljivo je, da nogometne majice perete ro\u010dno. \u010ce \u017eelite uporabiti pralni stroj, ne pozabite nogometne majice obrniti narobe in jih nato oprati. Stroj napolnite s hladno vodo in uporabite ob\u010dutljiv cikel, da bolje za\u0161\u010ditite barve.<\/p>","protected":false},"excerpt":{"rendered":"<p>Poceni Real Madrid 24-25 gostujo\u010da majica spominja na barvo tretje majice iz sezone 2013-2014 in je prete\u017eno svetlo oran\u017ena s \u010drnimi aplikacijami. Gostujo\u010di dres Real Madrid 24-25 po barvi spominja na tretji dres iz sezone 2013-2014. V sezoni 2013-2014 je Madrid\u010danom uspelo uresni\u010diti svoje decimalne sanje, deseti naslov v Ligi prvakov.<\/p>","protected":false},"featured_media":20563,"comment_status":"open","ping_status":"closed","template":"","meta":[],"product_brand":[],"product_cat":[165],"product_tag":[20,574,24,94,879,880,47,166],"class_list":{"0":"post-20573","1":"product","2":"type-product","3":"status-publish","4":"has-post-thumbnail","6":"product_cat-real-madrid-kindertrikot","7":"product_tag-coole-fussballtrikots","8":"product_tag-fussballtrikot-deutschland","9":"product_tag-guenstiges-fussballtrikot","10":"product_tag-kinder-fussball-trikotsatz","11":"product_tag-real-madrid-fussballtrikots-kinder","12":"product_tag-real-madrid-trikot-fuer-kinder","13":"product_tag-real-madrid-trikots","14":"product_tag-real-madrid-trikotsatz-fuer-kinder","16":"first","17":"instock","18":"shipping-taxable","19":"purchasable","20":"product-type-variable"},"_links":{"self":[{"href":"https:\/\/www.billigtrikotde.com\/sl\/wp-json\/wp\/v2\/product\/20573","targetHints":{"allow":["GET"]}}],"collection":[{"href":"https:\/\/www.billigtrikotde.com\/sl\/wp-json\/wp\/v2\/product"}],"about":[{"href":"https:\/\/www.billigtrikotde.com\/sl\/wp-json\/wp\/v2\/types\/product"}],"replies":[{"embeddable":true,"href":"https:\/\/www.billigtrikotde.com\/sl\/wp-json\/wp\/v2\/comments?post=20573"}],"wp:featuredmedia":[{"embeddable":true,"href":"https:\/\/www.billigtrikotde.com\/sl\/wp-json\/wp\/v2\/media\/20563"}],"wp:attachment":[{"href":"https:\/\/www.billigtrikotde.com\/sl\/wp-json\/wp\/v2\/media?parent=20573"}],"wp:term":[{"taxonomy":"product_brand","embeddable":true,"href":"https:\/\/www.billigtrikotde.com\/sl\/wp-json\/wp\/v2\/product_brand?post=20573"},{"taxonomy":"product_cat","embeddable":true,"href":"https:\/\/www.billigtrikotde.com\/sl\/wp-json\/wp\/v2\/product_cat?post=20573"},{"taxonomy":"product_tag","embeddable":true,"href":"https:\/\/www.billigtrikotde.com\/sl\/wp-json\/wp\/v2\/product_tag?post=20573"}],"curies":[{"name":"wp","href":"https:\/\/api.w.org\/{rel}","templated":true}]}}