{"id":20535,"date":"2025-01-07T09:02:43","date_gmt":"2025-01-07T08:02:43","guid":{"rendered":"https:\/\/www.billigtrikotde.com\/?post_type=product&#038;p=20535"},"modified":"2025-02-01T15:57:37","modified_gmt":"2025-02-01T14:57:37","slug":"kinder-rb-leipzig-ausweich-trikotsatz-2024-25-gruen-fussballtrikots-benjamin-sesko-30","status":"publish","type":"product","link":"https:\/\/www.billigtrikotde.com\/sl\/kinder-rb-leipzig-ausweich-trikotsatz-2024-25-gruen-fussballtrikots-benjamin-sesko-30\/","title":{"rendered":"Otro\u0161ki nogometni dres RB Leipzig 2024-25 Green Benjamin Sesko 30"},"content":{"rendered":"<p>Rasen Ballsport RB Leipzig 2024-25 tretja futrska majica je ve\u010dinoma temno modra z futuristi\u010dnimi grafiki, ki proslavljajo napredek in naslednjo generacijo kluba. Globok V-izrez in man\u0161ete so v mint zeleni barvi, medtem ko sta klubska grba in RB Leipzig v beli barvi.<\/p>\n<p>Nasveti za tiskanje: \u010ce sta ime in \u0161tevilka na sliki to\u010dno tak\u0161na, kot ju \u017eelite, ju ni treba ponovno vnesti. \u010ce ni tako, vnesite \u017eeleno ime in \u0161tevilko.<\/p>\n<p>Nasveti za pranje: Priporo\u010dljivo je, da nogometne majice perete ro\u010dno. \u010ce \u017eelite uporabiti pralni stroj, ne pozabite nogometne majice obrniti narobe in jih nato oprati. Stroj napolnite s hladno vodo in uporabite ob\u010dutljiv cikel, da bolje za\u0161\u010ditite barve.<\/p>","protected":false},"excerpt":{"rendered":"<p>RB Leipzig 2024-25 tretje nogometno majico je ve\u010dinoma temno modra z futuristi\u010dnimi grafikami, ki slavijo napredek in naslednjo generacijo kluba. Globok V-izrez in man\u0161ete so v mintno zeleni barvi, medtem ko sta klubna grba in RB Leipzig v beli barvi. Nasveti za tiskanje: \u010ce je ime in \u0161tevilka na sliki [\u2026]<\/p>","protected":false},"featured_media":20537,"comment_status":"open","ping_status":"closed","template":"","meta":[],"product_brand":[],"product_cat":[1330],"product_tag":[1335,20,574,24,94,1331,1332,1333,187,1334],"class_list":{"0":"post-20535","1":"product","2":"type-product","3":"status-publish","4":"has-post-thumbnail","6":"product_cat-rb-leipzig-kindertrikot","7":"product_tag-benjamin-sesko-trikots","8":"product_tag-coole-fussballtrikots","9":"product_tag-fussballtrikot-deutschland","10":"product_tag-guenstiges-fussballtrikot","11":"product_tag-kinder-fussball-trikotsatz","12":"product_tag-rb-leipzig-fussballtrikots-kinder","13":"product_tag-rb-leipzig-kinder-trikot-set","14":"product_tag-rb-leipzig-trikot-fuer-kinder","15":"product_tag-rb-leipzig-trikots","16":"product_tag-rb-leipzig-trikotsatz-fuer-kinder","18":"first","19":"instock","20":"shipping-taxable","21":"purchasable","22":"product-type-variable"},"_links":{"self":[{"href":"https:\/\/www.billigtrikotde.com\/sl\/wp-json\/wp\/v2\/product\/20535","targetHints":{"allow":["GET"]}}],"collection":[{"href":"https:\/\/www.billigtrikotde.com\/sl\/wp-json\/wp\/v2\/product"}],"about":[{"href":"https:\/\/www.billigtrikotde.com\/sl\/wp-json\/wp\/v2\/types\/product"}],"replies":[{"embeddable":true,"href":"https:\/\/www.billigtrikotde.com\/sl\/wp-json\/wp\/v2\/comments?post=20535"}],"wp:featuredmedia":[{"embeddable":true,"href":"https:\/\/www.billigtrikotde.com\/sl\/wp-json\/wp\/v2\/media\/20537"}],"wp:attachment":[{"href":"https:\/\/www.billigtrikotde.com\/sl\/wp-json\/wp\/v2\/media?parent=20535"}],"wp:term":[{"taxonomy":"product_brand","embeddable":true,"href":"https:\/\/www.billigtrikotde.com\/sl\/wp-json\/wp\/v2\/product_brand?post=20535"},{"taxonomy":"product_cat","embeddable":true,"href":"https:\/\/www.billigtrikotde.com\/sl\/wp-json\/wp\/v2\/product_cat?post=20535"},{"taxonomy":"product_tag","embeddable":true,"href":"https:\/\/www.billigtrikotde.com\/sl\/wp-json\/wp\/v2\/product_tag?post=20535"}],"curies":[{"name":"wp","href":"https:\/\/api.w.org\/{rel}","templated":true}]}}