{"id":2034,"date":"2024-10-23T13:57:03","date_gmt":"2024-10-23T11:57:03","guid":{"rendered":"http:\/\/billigtrikots.com\/?post_type=product&#038;p=2034"},"modified":"2024-10-23T13:58:39","modified_gmt":"2024-10-23T11:58:39","slug":"fussball-trikotsatz-chelsea-fc-stadium-2022-auswaertstrikot-gelb-schwarz-havertz-29","status":"publish","type":"product","link":"https:\/\/www.billigtrikotde.com\/sl\/fussball-trikotsatz-chelsea-fc-stadium-2022-auswaertstrikot-gelb-schwarz-havertz-29\/","title":{"rendered":"Nogometna majica Chelsea FC Stadium 2022 Away Kit rumena\/\u010drna Havertz 29"},"content":{"rendered":"<p>Predstavi svojo ekipo v Chelsea FC Stadium Away Traku. Izjemno zra\u010dno materialno snov odvaja pot od ko\u017ee in zagotavlja hladen ob\u010dutek med no\u0161enjem \u2013 ne glede na to, ali si na igri\u0161\u010du ali na tribuni.<\/p>\n<p>Tehnologija Nike Dri-FIT odvaja pot od ko\u017ee, kar omogo\u010da hitro izparevanje in suho udobje med no\u0161enjem.<\/p>\n<p>Material Nike Breathe je posebej zra\u010den in zagotavlja hladen ob\u010dutek med no\u0161enjem.<\/p>\n<p>Avtenti\u010den dizajn temelji na igralnih dresih profesionalcev.<\/p>\n<p>Nasveti za tiskanje: \u010ce sta ime in \u0161tevilka na sliki to\u010dno tak\u0161na, kot ju \u017eelite, ju ni treba ponovno vnesti. \u010ce ni tako, vnesite \u017eeleno ime in \u0161tevilko.<\/p>\n<p>Nasveti za pranje: Priporo\u010dljivo je, da nogometne majice perete ro\u010dno. \u010ce \u017eelite uporabiti pralni stroj, ne pozabite nogometne majice obrniti narobe in jih nato oprati. Stroj napolnite s hladno vodo in uporabite ob\u010dutljiv cikel, da bolje za\u0161\u010ditite barve.<\/p>","protected":false},"excerpt":{"rendered":"<p>Repr\u00e4sentiere dein Team im Chelsea FC Stadium Away Trikot. Das \u00e4u\u00dferst atmungsaktive Material leitet den Schwei\u00df von der Haut ab und sorgt damit f\u00fcr k\u00fchlen Tragekomfort \u2013 egal, ob auf dem Spielfeld oder der Trib\u00fcne. Die Nike Dri-FIT-Technologie leitet Schwei\u00df von der Haut ab, wodurch er schnell verdunstet, und erm\u00f6glicht so trockenen Tragekomfort. Das Nike [&hellip;]<\/p>","protected":false},"featured_media":2067,"comment_status":"open","ping_status":"closed","template":"","meta":[],"product_brand":[],"product_cat":[72],"product_tag":[20,76,73,21,22,23,24],"class_list":{"0":"post-2034","1":"product","2":"type-product","3":"status-publish","4":"has-post-thumbnail","6":"product_cat-chelsea","7":"product_tag-coole-fussballtrikots","8":"product_tag-chelsea-auswaertstrikot","9":"product_tag-chelsea-trikots","10":"product_tag-fussballtrikot-fuer-herren","11":"product_tag-fussballtrikot-guenstig-kaufen","12":"product_tag-fussballtrikot-kurzarm","13":"product_tag-guenstiges-fussballtrikot","15":"first","16":"instock","17":"shipping-taxable","18":"purchasable","19":"product-type-variable"},"_links":{"self":[{"href":"https:\/\/www.billigtrikotde.com\/sl\/wp-json\/wp\/v2\/product\/2034","targetHints":{"allow":["GET"]}}],"collection":[{"href":"https:\/\/www.billigtrikotde.com\/sl\/wp-json\/wp\/v2\/product"}],"about":[{"href":"https:\/\/www.billigtrikotde.com\/sl\/wp-json\/wp\/v2\/types\/product"}],"replies":[{"embeddable":true,"href":"https:\/\/www.billigtrikotde.com\/sl\/wp-json\/wp\/v2\/comments?post=2034"}],"wp:featuredmedia":[{"embeddable":true,"href":"https:\/\/www.billigtrikotde.com\/sl\/wp-json\/wp\/v2\/media\/2067"}],"wp:attachment":[{"href":"https:\/\/www.billigtrikotde.com\/sl\/wp-json\/wp\/v2\/media?parent=2034"}],"wp:term":[{"taxonomy":"product_brand","embeddable":true,"href":"https:\/\/www.billigtrikotde.com\/sl\/wp-json\/wp\/v2\/product_brand?post=2034"},{"taxonomy":"product_cat","embeddable":true,"href":"https:\/\/www.billigtrikotde.com\/sl\/wp-json\/wp\/v2\/product_cat?post=2034"},{"taxonomy":"product_tag","embeddable":true,"href":"https:\/\/www.billigtrikotde.com\/sl\/wp-json\/wp\/v2\/product_tag?post=2034"}],"curies":[{"name":"wp","href":"https:\/\/api.w.org\/{rel}","templated":true}]}}