{"id":1973,"date":"2024-10-23T13:54:18","date_gmt":"2024-10-23T11:54:18","guid":{"rendered":"http:\/\/billigtrikots.com\/?post_type=product&#038;p=1973"},"modified":"2024-10-23T13:55:52","modified_gmt":"2024-10-23T11:55:52","slug":"fc-chelsea-stadium-2022-herren-edouard-mendy-16-fussball-trikot","status":"publish","type":"product","link":"https:\/\/www.billigtrikotde.com\/sl\/fc-chelsea-stadium-2022-herren-edouard-mendy-16-fussball-trikot\/","title":{"rendered":"Chelsea FC Stadium 2022 Mens Edouard Mendy 16# Nogometna majica"},"content":{"rendered":"<p>Novi doma\u010di dres Chelsea za sezono 2021\/22 je kon\u010dno na voljo! Dres Chelsea za doma\u010do tekmo 2021\/22 bo zagotovo zadovolji najve\u010dje navija\u010de londonskega kluba! Seveda je modra barva \u0161e vedno glavna barva Blues Chelsea! Za to sezono se je Nike odlo\u010dil pogumno kreniti naprej in se odlo\u010dil za novo zasnovo, ki ni\u010d ne ostane neopa\u017eeno.<\/p>\n<p>Od \u0161ahovske deske do zig-zaga \u2013 jasno je, da Chelsea Football Club v sezoni 21\/22 v oglasno stavi. Upo\u0161tevajte, da je videz tudi na tem dresu Chelsea Trikot Home 21\/22 v rumeni barvi, zgodovinska barva kluba. Izpostaviti je tudi dejstvo, da je novi dres Chelsea 21\/22 izdelan iz recikliranih materialov, prijazen gest Blues!<\/p>\n<p>Izka\u017eite svojo zavezanost svoji najljub\u0161i ekipi in brez odla\u0161anja si privo\u0161\u010dite novi Chelsea doma\u010di dres 2021\/22!<\/p>\n<p>Nasveti za tiskanje: \u010ce sta ime in \u0161tevilka na sliki to\u010dno tak\u0161na, kot ju \u017eelite, ju ni treba ponovno vnesti. \u010ce ni tako, vnesite \u017eeleno ime in \u0161tevilko.<\/p>\n<p>Nasveti za pranje: Priporo\u010dljivo je, da nogometne majice perete ro\u010dno. \u010ce \u017eelite uporabiti pralni stroj, ne pozabite nogometne majice obrniti narobe in jih nato oprati. Stroj napolnite s hladno vodo in uporabite ob\u010dutljiv cikel, da bolje za\u0161\u010ditite barve.<\/p>","protected":false},"excerpt":{"rendered":"<p>Novi doma\u010di dres Chelsea za sezono 2021\/22 je kon\u010dno na voljo! Dres Chelsea za doma\u010do tekmo 2021\/22 bo zagotovo zadovolji najve\u010dje navija\u010de londonskega kluba! Seveda je modra barva \u0161e vedno glavna barva Blues Chelsea! Za to sezono se je Nike odlo\u010dil pogumno kreniti naprej in se odlo\u010dil za novo zasnovo, ki ni\u010d ne ostane neopa\u017eeno.<\/p>","protected":false},"featured_media":2005,"comment_status":"open","ping_status":"closed","template":"","meta":[],"product_brand":[],"product_cat":[72],"product_tag":[20,73,21,23,24],"class_list":{"0":"post-1973","1":"product","2":"type-product","3":"status-publish","4":"has-post-thumbnail","6":"product_cat-chelsea","7":"product_tag-coole-fussballtrikots","8":"product_tag-chelsea-trikots","9":"product_tag-fussballtrikot-fuer-herren","10":"product_tag-fussballtrikot-kurzarm","11":"product_tag-guenstiges-fussballtrikot","13":"first","14":"instock","15":"shipping-taxable","16":"purchasable","17":"product-type-variable"},"_links":{"self":[{"href":"https:\/\/www.billigtrikotde.com\/sl\/wp-json\/wp\/v2\/product\/1973","targetHints":{"allow":["GET"]}}],"collection":[{"href":"https:\/\/www.billigtrikotde.com\/sl\/wp-json\/wp\/v2\/product"}],"about":[{"href":"https:\/\/www.billigtrikotde.com\/sl\/wp-json\/wp\/v2\/types\/product"}],"replies":[{"embeddable":true,"href":"https:\/\/www.billigtrikotde.com\/sl\/wp-json\/wp\/v2\/comments?post=1973"}],"wp:featuredmedia":[{"embeddable":true,"href":"https:\/\/www.billigtrikotde.com\/sl\/wp-json\/wp\/v2\/media\/2005"}],"wp:attachment":[{"href":"https:\/\/www.billigtrikotde.com\/sl\/wp-json\/wp\/v2\/media?parent=1973"}],"wp:term":[{"taxonomy":"product_brand","embeddable":true,"href":"https:\/\/www.billigtrikotde.com\/sl\/wp-json\/wp\/v2\/product_brand?post=1973"},{"taxonomy":"product_cat","embeddable":true,"href":"https:\/\/www.billigtrikotde.com\/sl\/wp-json\/wp\/v2\/product_cat?post=1973"},{"taxonomy":"product_tag","embeddable":true,"href":"https:\/\/www.billigtrikotde.com\/sl\/wp-json\/wp\/v2\/product_tag?post=1973"}],"curies":[{"name":"wp","href":"https:\/\/api.w.org\/{rel}","templated":true}]}}