{"id":1967,"date":"2024-10-23T13:53:50","date_gmt":"2024-10-23T11:53:50","guid":{"rendered":"http:\/\/billigtrikots.com\/?post_type=product&#038;p=1967"},"modified":"2024-10-23T13:55:51","modified_gmt":"2024-10-23T11:55:51","slug":"herren-chelsea-fc-2022-drittes-trikot-mit-aufdruck-azpilicueta-28","status":"publish","type":"product","link":"https:\/\/www.billigtrikotde.com\/sl\/herren-chelsea-fc-2022-drittes-trikot-mit-aufdruck-azpilicueta-28\/","title":{"rendered":"Mo\u0161ka tretja majica Chelsea FC 2022 s potiskom Azpilicueta 28"},"content":{"rendered":"<p>Trikotnik Chelsea FC Stadium Ausweichtrikot navdu\u0161uje z bratvi\u0161kim detajlom in poskrbi za hladno, suho udobje med igranjem na igri\u0161\u010du ali na tribunah ob spodbujanju tima.<br \/>\nZra\u010dna tehnologija Nike Dri-FIT zagotavlja hladen, suh ob\u010dutek pri no\u0161enju.<br \/>\nAvtenti\u010den dizajn temelji na igralnih dresih profesionalcev.<\/p>\n<p>Nasveti za tiskanje: \u010ce sta ime in \u0161tevilka na sliki to\u010dno tak\u0161na, kot ju \u017eelite, ju ni treba ponovno vnesti. \u010ce ni tako, vnesite \u017eeleno ime in \u0161tevilko.<\/p>\n<p>Nasveti za pranje: Priporo\u010da se pranje nogometnih dresov ro\u010dno. \u010ce \u017eelite uporabiti pralni stroj, ga obrnite dresov in potem perite. Napolnite stroj z mrzlo vodo in uporabite program ne\u017enega pranja, da za\u0161\u010ditite barve<\/p>","protected":false},"excerpt":{"rendered":"<p>Chelsea FC Stadion izmenjevalna majica navdu\u0161i s podrobnostmi o mo\u0161tvu in poskrbi za hladno, suho udobje pri no\u0161enju na igri\u0161\u010du ali tribuni ob spodbujanju tima. Kot diha Nike Dri-FIT tehnologija zagotavlja hladno, suho udobje no\u0161enja. Avtenti\u010den dizajn temelji na igralnih majicah profesionalcev. Nasveti za tiskanje: Ko je ime in \u0161tevilka na [\u2026]<\/p>","protected":false},"featured_media":2005,"comment_status":"open","ping_status":"closed","template":"","meta":[],"product_brand":[],"product_cat":[72],"product_tag":[20,74,73,21,22,23,24],"class_list":{"0":"post-1967","1":"product","2":"type-product","3":"status-publish","4":"has-post-thumbnail","6":"product_cat-chelsea","7":"product_tag-coole-fussballtrikots","8":"product_tag-chelsea-ausweichtrikot","9":"product_tag-chelsea-trikots","10":"product_tag-fussballtrikot-fuer-herren","11":"product_tag-fussballtrikot-guenstig-kaufen","12":"product_tag-fussballtrikot-kurzarm","13":"product_tag-guenstiges-fussballtrikot","15":"first","16":"instock","17":"shipping-taxable","18":"purchasable","19":"product-type-variable"},"_links":{"self":[{"href":"https:\/\/www.billigtrikotde.com\/sl\/wp-json\/wp\/v2\/product\/1967","targetHints":{"allow":["GET"]}}],"collection":[{"href":"https:\/\/www.billigtrikotde.com\/sl\/wp-json\/wp\/v2\/product"}],"about":[{"href":"https:\/\/www.billigtrikotde.com\/sl\/wp-json\/wp\/v2\/types\/product"}],"replies":[{"embeddable":true,"href":"https:\/\/www.billigtrikotde.com\/sl\/wp-json\/wp\/v2\/comments?post=1967"}],"wp:featuredmedia":[{"embeddable":true,"href":"https:\/\/www.billigtrikotde.com\/sl\/wp-json\/wp\/v2\/media\/2005"}],"wp:attachment":[{"href":"https:\/\/www.billigtrikotde.com\/sl\/wp-json\/wp\/v2\/media?parent=1967"}],"wp:term":[{"taxonomy":"product_brand","embeddable":true,"href":"https:\/\/www.billigtrikotde.com\/sl\/wp-json\/wp\/v2\/product_brand?post=1967"},{"taxonomy":"product_cat","embeddable":true,"href":"https:\/\/www.billigtrikotde.com\/sl\/wp-json\/wp\/v2\/product_cat?post=1967"},{"taxonomy":"product_tag","embeddable":true,"href":"https:\/\/www.billigtrikotde.com\/sl\/wp-json\/wp\/v2\/product_tag?post=1967"}],"curies":[{"name":"wp","href":"https:\/\/api.w.org\/{rel}","templated":true}]}}