{"id":1965,"date":"2024-10-23T13:53:48","date_gmt":"2024-10-23T11:53:48","guid":{"rendered":"http:\/\/billigtrikots.com\/?post_type=product&#038;p=1965"},"modified":"2024-10-23T13:55:51","modified_gmt":"2024-10-23T11:55:51","slug":"chelsea-stadium-2022-heim-mateo-kovacic-17-fussball-trikot","status":"publish","type":"product","link":"https:\/\/www.billigtrikotde.com\/sl\/chelsea-stadium-2022-heim-mateo-kovacic-17-fussball-trikot\/","title":{"rendered":"Chelsea Stadium 2022 Home Mateo Kovacic 17# Nogometna majica"},"content":{"rendered":"<p>S tem dresom v modri barvi Nike predstavlja izdelek, s katerim boste lahko v dobrih in slabih \u010dasih strastno in predano podpirali svoj najljub\u0161i klub. Kot pravi navija\u010d londonskega kluba Chelsea FC potrebujete ta doma\u010di dres, ki ga nogometa\u0161i nosijo v Premier League. Priporo\u010damo ta model, ki odvaja znoj, je lahek, udoben in diha ter je prijeten na otip. Zagotovljena je visoka vzdr\u017eljivost. Odli\u010den videz te \u0161portne majice poudarja klubski grb na prsih. S to \u0161portno majico boste idealno oble\u010deni za vsak trening.<\/p>\n<p>Nasveti za tiskanje: \u010ce sta ime in \u0161tevilka na sliki to\u010dno tak\u0161na, kot ju \u017eelite, ju ni treba ponovno vnesti. \u010ce ni tako, vnesite \u017eeleno ime in \u0161tevilko.<\/p>\n<p>Nasveti za pranje: Priporo\u010dljivo je, da nogometne majice perete ro\u010dno. \u010ce \u017eelite uporabiti pralni stroj, ne pozabite nogometne majice obrniti narobe in jih nato oprati. Stroj napolnite s hladno vodo in uporabite ob\u010dutljiv cikel, da bolje za\u0161\u010ditite barve.<\/p>","protected":false},"excerpt":{"rendered":"<p>Nike bringt mit dem Trikot in Blau ein Produkt heraus, mit dem du deinen Lieblingsverein in guten wie in schlechten Zeiten mit Herzblut und Hingabe unterst\u00fctzen kannst. Als echter FC Chelsea London-Fan brauchst du dieses Heim-Trikot, das die Spieler in der Premier League tragen. Wir empfehlen dieses schwei\u00dfableitende, leichte, bequeme und atmungsaktive Modell mit dem [&hellip;]<\/p>","protected":false},"featured_media":1995,"comment_status":"open","ping_status":"closed","template":"","meta":[],"product_brand":[],"product_cat":[72],"product_tag":[20,73,21,23,24],"class_list":{"0":"post-1965","1":"product","2":"type-product","3":"status-publish","4":"has-post-thumbnail","6":"product_cat-chelsea","7":"product_tag-coole-fussballtrikots","8":"product_tag-chelsea-trikots","9":"product_tag-fussballtrikot-fuer-herren","10":"product_tag-fussballtrikot-kurzarm","11":"product_tag-guenstiges-fussballtrikot","13":"first","14":"instock","15":"shipping-taxable","16":"purchasable","17":"product-type-variable"},"_links":{"self":[{"href":"https:\/\/www.billigtrikotde.com\/sl\/wp-json\/wp\/v2\/product\/1965","targetHints":{"allow":["GET"]}}],"collection":[{"href":"https:\/\/www.billigtrikotde.com\/sl\/wp-json\/wp\/v2\/product"}],"about":[{"href":"https:\/\/www.billigtrikotde.com\/sl\/wp-json\/wp\/v2\/types\/product"}],"replies":[{"embeddable":true,"href":"https:\/\/www.billigtrikotde.com\/sl\/wp-json\/wp\/v2\/comments?post=1965"}],"wp:featuredmedia":[{"embeddable":true,"href":"https:\/\/www.billigtrikotde.com\/sl\/wp-json\/wp\/v2\/media\/1995"}],"wp:attachment":[{"href":"https:\/\/www.billigtrikotde.com\/sl\/wp-json\/wp\/v2\/media?parent=1965"}],"wp:term":[{"taxonomy":"product_brand","embeddable":true,"href":"https:\/\/www.billigtrikotde.com\/sl\/wp-json\/wp\/v2\/product_brand?post=1965"},{"taxonomy":"product_cat","embeddable":true,"href":"https:\/\/www.billigtrikotde.com\/sl\/wp-json\/wp\/v2\/product_cat?post=1965"},{"taxonomy":"product_tag","embeddable":true,"href":"https:\/\/www.billigtrikotde.com\/sl\/wp-json\/wp\/v2\/product_tag?post=1965"}],"curies":[{"name":"wp","href":"https:\/\/api.w.org\/{rel}","templated":true}]}}