{"id":19561,"date":"2024-10-24T11:36:19","date_gmt":"2024-10-24T09:36:19","guid":{"rendered":"http:\/\/billigtrikots.com\/?post_type=product&#038;p=19561"},"modified":"2025-02-13T10:36:04","modified_gmt":"2025-02-13T09:36:04","slug":"guenstige-kinder-fussballtrikots-rb-leipzig-heim-trikotsatz-2024-25","status":"publish","type":"product","link":"https:\/\/www.billigtrikotde.com\/sl\/guenstige-kinder-fussballtrikots-rb-leipzig-heim-trikotsatz-2024-25\/","title":{"rendered":"Poceni otro\u0161ke nogometne majice RB Leipzig doma\u010di komplet 2024-25"},"content":{"rendered":"<p>Dres RB Leipzig 2024-2025 ima sodobno obliko v klubskih barvah bele in rde\u010de. Dres RB Leipzig 2024-2025 izstopa po dizajnu na sprednji strani. 44. Dres Leipzig 24-25 ima edinstven grafi\u010dni dizajn v rde\u010di barvi. Vzorec je navdihnjen z Univerzo v Leipzigu. Tako ovratnik kot man\u0161ete doma\u010dega dresa Rasenballsports Leipzig 24-25 so rde\u010de barve.<\/p>\n<p>Nasveti za tiskanje: \u010ce sta ime in \u0161tevilka na sliki to\u010dno tak\u0161na, kot ju \u017eelite, ju ni treba ponovno vnesti. \u010ce ni tako, vnesite \u017eeleno ime in \u0161tevilko.<\/p>\n<p>Nasveti za pranje: Priporo\u010dljivo je, da nogometne majice perete ro\u010dno. \u010ce \u017eelite uporabiti pralni stroj, ne pozabite nogometne majice obrniti narobe in jih nato oprati. Stroj napolnite s hladno vodo in uporabite ob\u010dutljiv cikel, da bolje za\u0161\u010ditite barve.<\/p>","protected":false},"excerpt":{"rendered":"<p>Dres RB Leipzig 2024-2025 ima sodobno obliko v klubskih barvah bele in rde\u010de. Dres RB Leipzig 2024-2025 izstopa po dizajnu na sprednji strani. 44. Dres Leipzig 24-25 ima edinstven grafi\u010dni dizajn v rde\u010di barvi. Vzorec je navdihnjen z Univerzo v Leipzigu. Tako ovratnik kot man\u0161ete doma\u010dega dresa Rasenballsports Leipzig 24-25 so rde\u010de barve.<\/p>","protected":false},"featured_media":19609,"comment_status":"open","ping_status":"closed","template":"","meta":[],"product_brand":[],"product_cat":[1330],"product_tag":[20,574,24,94,1331,1332,1333,187,1334],"class_list":{"0":"post-19561","1":"product","2":"type-product","3":"status-publish","4":"has-post-thumbnail","6":"product_cat-rb-leipzig-kindertrikot","7":"product_tag-coole-fussballtrikots","8":"product_tag-fussballtrikot-deutschland","9":"product_tag-guenstiges-fussballtrikot","10":"product_tag-kinder-fussball-trikotsatz","11":"product_tag-rb-leipzig-fussballtrikots-kinder","12":"product_tag-rb-leipzig-kinder-trikot-set","13":"product_tag-rb-leipzig-trikot-fuer-kinder","14":"product_tag-rb-leipzig-trikots","15":"product_tag-rb-leipzig-trikotsatz-fuer-kinder","17":"first","18":"instock","19":"shipping-taxable","20":"purchasable","21":"product-type-variable"},"_links":{"self":[{"href":"https:\/\/www.billigtrikotde.com\/sl\/wp-json\/wp\/v2\/product\/19561","targetHints":{"allow":["GET"]}}],"collection":[{"href":"https:\/\/www.billigtrikotde.com\/sl\/wp-json\/wp\/v2\/product"}],"about":[{"href":"https:\/\/www.billigtrikotde.com\/sl\/wp-json\/wp\/v2\/types\/product"}],"replies":[{"embeddable":true,"href":"https:\/\/www.billigtrikotde.com\/sl\/wp-json\/wp\/v2\/comments?post=19561"}],"wp:featuredmedia":[{"embeddable":true,"href":"https:\/\/www.billigtrikotde.com\/sl\/wp-json\/wp\/v2\/media\/19609"}],"wp:attachment":[{"href":"https:\/\/www.billigtrikotde.com\/sl\/wp-json\/wp\/v2\/media?parent=19561"}],"wp:term":[{"taxonomy":"product_brand","embeddable":true,"href":"https:\/\/www.billigtrikotde.com\/sl\/wp-json\/wp\/v2\/product_brand?post=19561"},{"taxonomy":"product_cat","embeddable":true,"href":"https:\/\/www.billigtrikotde.com\/sl\/wp-json\/wp\/v2\/product_cat?post=19561"},{"taxonomy":"product_tag","embeddable":true,"href":"https:\/\/www.billigtrikotde.com\/sl\/wp-json\/wp\/v2\/product_tag?post=19561"}],"curies":[{"name":"wp","href":"https:\/\/api.w.org\/{rel}","templated":true}]}}