{"id":19559,"date":"2024-10-24T11:36:17","date_gmt":"2024-10-24T09:36:17","guid":{"rendered":"http:\/\/billigtrikots.com\/?post_type=product&#038;p=19559"},"modified":"2025-03-13T01:16:16","modified_gmt":"2025-03-13T00:16:16","slug":"neuen-paris-saint-germain-psg-auswaertstrikot-2024-25-mit-aufdruck-achraf-hakimi-2","status":"publish","type":"product","link":"https:\/\/www.billigtrikotde.com\/sl\/neuen-paris-saint-germain-psg-auswaertstrikot-2024-25-mit-aufdruck-achraf-hakimi-2\/","title":{"rendered":"Nova majica Paris Saint-Germain PSG Away Jersey 2024-25 s potiskom Achraf Hakimi 2"},"content":{"rendered":"<p>Gostujo\u010da majica PSG 2024-2026 je bele, modre in rde\u010de barve. Posebnost dresa je njegova zasnova. Dres PSG 2024-26 ima grafiko z Eifflovim stolpom. Gre za referen\u010dni dres za olimpijske igre leta 2024 v Parizu, navdihuje pa ga tudi gostujo\u010di dres iz sezone 1990-1991.<\/p>\n<p>Nasveti za tiskanje: \u010ce sta ime in \u0161tevilka na sliki to\u010dno tak\u0161na, kot ju \u017eelite, ju ni treba ponovno vnesti. \u010ce ni tako, vnesite \u017eeleno ime in \u0161tevilko.<\/p>\n<p>Nasveti za pranje: Priporo\u010dljivo je, da nogometne majice perete ro\u010dno. \u010ce \u017eelite uporabiti pralni stroj, ne pozabite nogometne majice obrniti narobe in jih nato oprati. Stroj napolnite s hladno vodo in uporabite ob\u010dutljiv cikel, da bolje za\u0161\u010ditite barve.<\/p>","protected":false},"excerpt":{"rendered":"<p>PSG 2024-2026 gostujo\u010de majice je bela, modra in rde\u010da. Posebnost majice je njena zasnova. Gostujo\u010da majica PSG 2024-26 ima grafiko z Eifflovim stolpom. Je referen\u010dna majica za olimpijske igre 2024 v Parizu, vendar je navdihnjena tudi z gostujo\u010do majico 1990-91. Nasveti za tiskanje: Ko je ime in \u0161tevilka na \u2026<\/p>","protected":false},"featured_media":19602,"comment_status":"open","ping_status":"closed","template":"","meta":[],"product_brand":[],"product_cat":[39],"product_tag":[1327,1328,20,535,577,1329,332,1272,1273,41,1274],"class_list":{"0":"post-19559","1":"product","2":"type-product","3":"status-publish","4":"has-post-thumbnail","6":"product_cat-paris-saint-germain","7":"product_tag-achraf-hakimi-kaufen","8":"product_tag-achraf-hakimi-trikots","9":"product_tag-coole-fussballtrikots","10":"product_tag-deutschland-trikot","11":"product_tag-fussballtrikots-trikotsatz","12":"product_tag-guenstige-achraf-hakimi-trikot","13":"product_tag-herren-fussball-trikotsatz","14":"product_tag-paris-saint-germain-psg-fussballtrikots-herren","15":"product_tag-paris-saint-germain-psg-trikot-fuer-herren","16":"product_tag-paris-saint-germain-trikots","17":"product_tag-psg-trikotsatz-fuer-herren","19":"first","20":"instock","21":"shipping-taxable","22":"purchasable","23":"product-type-variable"},"_links":{"self":[{"href":"https:\/\/www.billigtrikotde.com\/sl\/wp-json\/wp\/v2\/product\/19559","targetHints":{"allow":["GET"]}}],"collection":[{"href":"https:\/\/www.billigtrikotde.com\/sl\/wp-json\/wp\/v2\/product"}],"about":[{"href":"https:\/\/www.billigtrikotde.com\/sl\/wp-json\/wp\/v2\/types\/product"}],"replies":[{"embeddable":true,"href":"https:\/\/www.billigtrikotde.com\/sl\/wp-json\/wp\/v2\/comments?post=19559"}],"wp:featuredmedia":[{"embeddable":true,"href":"https:\/\/www.billigtrikotde.com\/sl\/wp-json\/wp\/v2\/media\/19602"}],"wp:attachment":[{"href":"https:\/\/www.billigtrikotde.com\/sl\/wp-json\/wp\/v2\/media?parent=19559"}],"wp:term":[{"taxonomy":"product_brand","embeddable":true,"href":"https:\/\/www.billigtrikotde.com\/sl\/wp-json\/wp\/v2\/product_brand?post=19559"},{"taxonomy":"product_cat","embeddable":true,"href":"https:\/\/www.billigtrikotde.com\/sl\/wp-json\/wp\/v2\/product_cat?post=19559"},{"taxonomy":"product_tag","embeddable":true,"href":"https:\/\/www.billigtrikotde.com\/sl\/wp-json\/wp\/v2\/product_tag?post=19559"}],"curies":[{"name":"wp","href":"https:\/\/api.w.org\/{rel}","templated":true}]}}