{"id":19539,"date":"2024-10-24T11:35:10","date_gmt":"2024-10-24T09:35:10","guid":{"rendered":"http:\/\/billigtrikots.com\/?post_type=product&#038;p=19539"},"modified":"2024-10-24T11:38:02","modified_gmt":"2024-10-24T09:38:02","slug":"kinder-fussball-trikot-liverpool-2024-25-auswaerts-trikotsatz-darwin-nunez-9","status":"publish","type":"product","link":"https:\/\/www.billigtrikotde.com\/sl\/kinder-fussball-trikot-liverpool-2024-25-auswaerts-trikotsatz-darwin-nunez-9\/","title":{"rendered":"Otro\u0161ka nogometna majica Liverpool 2024-25 Away Kit Darwin Nunez 9"},"content":{"rendered":"<p>Dres Liverpoola 2024-2025 za gostovanja zdru\u017euje temno antracitno osnovno barvo (skoraj \u010drno) s svetlo turkizno in svetlej\u0161o antracitno barvo aplikacij. Logotipi so krem barve. Uradne barve so \"Night Forest\/Antracite\/Washed Teal\/Sail\", zasnova gostujo\u010dega dresa Football Club Liverpool 24-25 pa je zelo preprosta. Nima vzorca ali grafi\u010dnega oblikovanja.<\/p>\n<p>Nasveti za tiskanje: \u010ce sta ime in \u0161tevilka na sliki to\u010dno tak\u0161na, kot ju \u017eelite, ju ni treba ponovno vnesti. \u010ce ni tako, vnesite \u017eeleno ime in \u0161tevilko.<\/p>\n<p>Nasveti za pranje: Priporo\u010dljivo je, da nogometne majice perete ro\u010dno. \u010ce \u017eelite uporabiti pralni stroj, ne pozabite nogometne majice obrniti narobe in jih nato oprati. Stroj napolnite s hladno vodo in uporabite ob\u010dutljiv cikel, da bolje za\u0161\u010ditite barve.<\/p>","protected":false},"excerpt":{"rendered":"<p>Liverpoolov gostujo\u010di dres za sezono 2024-2025 zdru\u017euje temno antracitno osnovno barvo (skoraj \u010drno) z svetlo turkiznimi in svetlej\u0161imi antracitnimi aplikacijami. Logotipi so kremaste barve. Uradne barve so \u201eNight Forest\/Anthracite\/Washed Teal\/Sail\u201c. Po oblikovanju je gostujo\u010di dres Liverpool Football Club 24-25 zelo enostaven. Ni vzorcev ali grafi\u010dne zasnove. Nasveti za tisk: Ko je ime in [\u2026]<\/p>","protected":false},"featured_media":19581,"comment_status":"open","ping_status":"closed","template":"","meta":[],"product_brand":[],"product_cat":[151],"product_tag":[20,1319,574,24,94,865,277,866,153,154],"class_list":{"0":"post-19539","1":"product","2":"type-product","3":"status-publish","4":"has-post-thumbnail","6":"product_cat-liverpool-kindertrikot","7":"product_tag-coole-fussballtrikots","8":"product_tag-darwin-nunez-trikots","9":"product_tag-fussballtrikot-deutschland","10":"product_tag-guenstiges-fussballtrikot","11":"product_tag-kinder-fussball-trikotsatz","12":"product_tag-liverpool-fussballtrikots-kinder","13":"product_tag-liverpool-kinder-trikot-set","14":"product_tag-liverpool-trikot-fuer-kinder","15":"product_tag-liverpool-trikots","16":"product_tag-liverpool-trikotsatz-fuer-kinder","18":"first","19":"instock","20":"shipping-taxable","21":"purchasable","22":"product-type-variable"},"_links":{"self":[{"href":"https:\/\/www.billigtrikotde.com\/sl\/wp-json\/wp\/v2\/product\/19539","targetHints":{"allow":["GET"]}}],"collection":[{"href":"https:\/\/www.billigtrikotde.com\/sl\/wp-json\/wp\/v2\/product"}],"about":[{"href":"https:\/\/www.billigtrikotde.com\/sl\/wp-json\/wp\/v2\/types\/product"}],"replies":[{"embeddable":true,"href":"https:\/\/www.billigtrikotde.com\/sl\/wp-json\/wp\/v2\/comments?post=19539"}],"wp:featuredmedia":[{"embeddable":true,"href":"https:\/\/www.billigtrikotde.com\/sl\/wp-json\/wp\/v2\/media\/19581"}],"wp:attachment":[{"href":"https:\/\/www.billigtrikotde.com\/sl\/wp-json\/wp\/v2\/media?parent=19539"}],"wp:term":[{"taxonomy":"product_brand","embeddable":true,"href":"https:\/\/www.billigtrikotde.com\/sl\/wp-json\/wp\/v2\/product_brand?post=19539"},{"taxonomy":"product_cat","embeddable":true,"href":"https:\/\/www.billigtrikotde.com\/sl\/wp-json\/wp\/v2\/product_cat?post=19539"},{"taxonomy":"product_tag","embeddable":true,"href":"https:\/\/www.billigtrikotde.com\/sl\/wp-json\/wp\/v2\/product_tag?post=19539"}],"curies":[{"name":"wp","href":"https:\/\/api.w.org\/{rel}","templated":true}]}}