{"id":19530,"date":"2024-10-24T11:34:36","date_gmt":"2024-10-24T09:34:36","guid":{"rendered":"http:\/\/billigtrikots.com\/?post_type=product&#038;p=19530"},"modified":"2024-10-24T11:37:27","modified_gmt":"2024-10-24T09:37:27","slug":"guenstige-kindertrikots-liverpool-heimtrikotsatz-2024-25-dominik-szoboszlai-8","status":"publish","type":"product","link":"https:\/\/www.billigtrikotde.com\/sl\/guenstige-kindertrikots-liverpool-heimtrikotsatz-2024-25-dominik-szoboszlai-8\/","title":{"rendered":"Poceni otro\u0161ki dresi Liverpool doma\u010di komplet 2024-25 Dominik Szoboszlai 8"},"content":{"rendered":"<p>Dres nogometnega kluba Liverpool 24-25 je kombinacija telovadno rde\u010de, bele in kromirano rumene barve. Telo je rde\u010de, logotipi so rumeni, logotipi sponzorjev in podrobnosti pa so bele barve.Dres Liverpool 24-25 izstopa predvsem zaradi dizajna na sprednji strani. Ima rumene \u010drte, ki tvorijo vzorec YNWA (You'll Never Walk Alone).<\/p>\n<p>Nasveti za tiskanje: \u010ce sta ime in \u0161tevilka na sliki to\u010dno tak\u0161na, kot ju \u017eelite, ju ni treba ponovno vnesti. \u010ce ni tako, vnesite \u017eeleno ime in \u0161tevilko.<\/p>\n<p>Nasveti za pranje: Priporo\u010dljivo je, da nogometne majice perete ro\u010dno. \u010ce \u017eelite uporabiti pralni stroj, ne pozabite nogometne majice obrniti narobe in jih nato oprati. Stroj napolnite s hladno vodo in uporabite ob\u010dutljiv cikel, da bolje za\u0161\u010ditite barve.<\/p>","protected":false},"excerpt":{"rendered":"<p>Dres nogometnega kluba Liverpool 24-25 je kombinacija telovadno rde\u010de, bele in kromirano rumene barve. Telo je rde\u010de, logotipi so rumeni, logotipi sponzorjev in podrobnosti pa so bele barve.Dres Liverpool 24-25 izstopa predvsem zaradi dizajna na sprednji strani. Ima rumene \u010drte, ki tvorijo vzorec YNWA (You'll Never Walk Alone).<\/p>","protected":false},"featured_media":19578,"comment_status":"open","ping_status":"closed","template":"","meta":[],"product_brand":[],"product_cat":[151],"product_tag":[20,1320,574,24,94,865,277,866,153,154],"class_list":{"0":"post-19530","1":"product","2":"type-product","3":"status-publish","4":"has-post-thumbnail","6":"product_cat-liverpool-kindertrikot","7":"product_tag-coole-fussballtrikots","8":"product_tag-dominik-szoboszlai-trikots","9":"product_tag-fussballtrikot-deutschland","10":"product_tag-guenstiges-fussballtrikot","11":"product_tag-kinder-fussball-trikotsatz","12":"product_tag-liverpool-fussballtrikots-kinder","13":"product_tag-liverpool-kinder-trikot-set","14":"product_tag-liverpool-trikot-fuer-kinder","15":"product_tag-liverpool-trikots","16":"product_tag-liverpool-trikotsatz-fuer-kinder","18":"first","19":"instock","20":"shipping-taxable","21":"purchasable","22":"product-type-variable"},"_links":{"self":[{"href":"https:\/\/www.billigtrikotde.com\/sl\/wp-json\/wp\/v2\/product\/19530","targetHints":{"allow":["GET"]}}],"collection":[{"href":"https:\/\/www.billigtrikotde.com\/sl\/wp-json\/wp\/v2\/product"}],"about":[{"href":"https:\/\/www.billigtrikotde.com\/sl\/wp-json\/wp\/v2\/types\/product"}],"replies":[{"embeddable":true,"href":"https:\/\/www.billigtrikotde.com\/sl\/wp-json\/wp\/v2\/comments?post=19530"}],"wp:featuredmedia":[{"embeddable":true,"href":"https:\/\/www.billigtrikotde.com\/sl\/wp-json\/wp\/v2\/media\/19578"}],"wp:attachment":[{"href":"https:\/\/www.billigtrikotde.com\/sl\/wp-json\/wp\/v2\/media?parent=19530"}],"wp:term":[{"taxonomy":"product_brand","embeddable":true,"href":"https:\/\/www.billigtrikotde.com\/sl\/wp-json\/wp\/v2\/product_brand?post=19530"},{"taxonomy":"product_cat","embeddable":true,"href":"https:\/\/www.billigtrikotde.com\/sl\/wp-json\/wp\/v2\/product_cat?post=19530"},{"taxonomy":"product_tag","embeddable":true,"href":"https:\/\/www.billigtrikotde.com\/sl\/wp-json\/wp\/v2\/product_tag?post=19530"}],"curies":[{"name":"wp","href":"https:\/\/api.w.org\/{rel}","templated":true}]}}