{"id":19497,"date":"2024-10-24T11:32:42","date_gmt":"2024-10-24T09:32:42","guid":{"rendered":"http:\/\/billigtrikots.com\/?post_type=product&#038;p=19497"},"modified":"2025-05-30T16:13:24","modified_gmt":"2025-05-30T14:13:24","slug":"personalisierbar-kinder-manchester-united-auswaerts-trikotsatz-2024-25","status":"publish","type":"product","link":"https:\/\/www.billigtrikotde.com\/sl\/personalisierbar-kinder-manchester-united-auswaerts-trikotsatz-2024-25\/","title":{"rendered":"Prilagodljiv otro\u0161ki izletni\u0161ki komplet Manchester United 2024-25"},"content":{"rendered":"<p>Nova gostujo\u010da majica Manchester United FC 24-25 ima mornarsko modro glavno barvo (\"Night Indigo\") v kombinaciji s svetlo srebrnimi logotipi in rde\u010dimi poudarki. Gostujo\u010di dres Manchester United 24-25 ima na sprednji strani cikcak motiv, sestavljen iz \u010drke M. Svetlomodra grafika na elegantnem polo ovratniku je poklon reki, ob kateri se nahaja Old Trafford.<\/p>\n<p>Nasveti za tiskanje: \u010ce sta ime in \u0161tevilka na sliki to\u010dno tak\u0161na, kot ju \u017eelite, ju ni treba ponovno vnesti. \u010ce ni tako, vnesite \u017eeleno ime in \u0161tevilko.<\/p>\n<p>Nasveti za pranje: Priporo\u010dljivo je, da nogometne majice perete ro\u010dno. \u010ce \u017eelite uporabiti pralni stroj, ne pozabite nogometne majice obrniti narobe in jih nato oprati. Stroj napolnite s hladno vodo in uporabite ob\u010dutljiv cikel, da bolje za\u0161\u010ditite barve.<\/p>","protected":false},"excerpt":{"rendered":"<p>Nova gostujo\u010da majica Manchester United FC 24-25 ima mornarsko modro glavno barvo (\"Night Indigo\") v kombinaciji s svetlo srebrnimi logotipi in rde\u010dimi poudarki. Gostujo\u010di dres Manchester United 24-25 ima na sprednji strani cikcak motiv, sestavljen iz \u010drke M. Svetlomodra grafika na elegantnem polo ovratniku je poklon reki, ob kateri se nahaja Old Trafford.<\/p>","protected":false},"featured_media":19536,"comment_status":"open","ping_status":"closed","template":"","meta":[],"product_brand":[],"product_cat":[140],"product_tag":[20,574,664,24,1262,898,899,52,142],"class_list":{"0":"post-19497","1":"product","2":"type-product","3":"status-publish","4":"has-post-thumbnail","6":"product_cat-manchester-united-kindertrikot","7":"product_tag-coole-fussballtrikots","8":"product_tag-fussballtrikot-deutschland","9":"product_tag-fussballtrikot-trikotsatz","10":"product_tag-guenstiges-fussballtrikot","11":"product_tag-manchester-united-24-25-trikot","12":"product_tag-manchester-united-fussballtrikots-kinder","13":"product_tag-manchester-united-trikot-fuer-kinder","14":"product_tag-manchester-united-trikots","15":"product_tag-manchester-united-trikotsatz-fuer-kinder","17":"first","18":"instock","19":"shipping-taxable","20":"purchasable","21":"product-type-variable"},"_links":{"self":[{"href":"https:\/\/www.billigtrikotde.com\/sl\/wp-json\/wp\/v2\/product\/19497","targetHints":{"allow":["GET"]}}],"collection":[{"href":"https:\/\/www.billigtrikotde.com\/sl\/wp-json\/wp\/v2\/product"}],"about":[{"href":"https:\/\/www.billigtrikotde.com\/sl\/wp-json\/wp\/v2\/types\/product"}],"replies":[{"embeddable":true,"href":"https:\/\/www.billigtrikotde.com\/sl\/wp-json\/wp\/v2\/comments?post=19497"}],"wp:featuredmedia":[{"embeddable":true,"href":"https:\/\/www.billigtrikotde.com\/sl\/wp-json\/wp\/v2\/media\/19536"}],"wp:attachment":[{"href":"https:\/\/www.billigtrikotde.com\/sl\/wp-json\/wp\/v2\/media?parent=19497"}],"wp:term":[{"taxonomy":"product_brand","embeddable":true,"href":"https:\/\/www.billigtrikotde.com\/sl\/wp-json\/wp\/v2\/product_brand?post=19497"},{"taxonomy":"product_cat","embeddable":true,"href":"https:\/\/www.billigtrikotde.com\/sl\/wp-json\/wp\/v2\/product_cat?post=19497"},{"taxonomy":"product_tag","embeddable":true,"href":"https:\/\/www.billigtrikotde.com\/sl\/wp-json\/wp\/v2\/product_tag?post=19497"}],"curies":[{"name":"wp","href":"https:\/\/api.w.org\/{rel}","templated":true}]}}