{"id":19482,"date":"2024-10-24T11:31:35","date_gmt":"2024-10-24T09:31:35","guid":{"rendered":"http:\/\/billigtrikots.com\/?post_type=product&#038;p=19482"},"modified":"2025-06-16T16:03:01","modified_gmt":"2025-06-16T14:03:01","slug":"juventus-ausweich-trikotsatz-2024-25-fussballtrikots-guenstig","status":"publish","type":"product","link":"https:\/\/www.billigtrikotde.com\/sl\/juventus-ausweich-trikotsatz-2024-25-fussballtrikots-guenstig\/","title":{"rendered":"Juventus 2024-25 Nogometne majice Poceni"},"content":{"rendered":"<p>Novi tretji komplet Juventus FC 24-25 je prete\u017eno antracitne barve z zlatimi logotipi. Najbolj zanimiva zna\u010dilnost tretjega kompleta Juventus FC 24-25 je pojav logotipa Trefoil in grba Juventus zebra. To v tretji dres Juventus 24-25 vna\u0161a klasiko in nostalgijo, pri \u010demer je za \u0161e ve\u010dji retro ob\u010dutek uporabljen klasi\u010dni polo ovratnik. Vzorec, sestavljen iz trenutnega logotipa Juventusa, dopolnjuje videz.<\/p>\n<p>Nasveti za tiskanje: \u010ce sta ime in \u0161tevilka na sliki to\u010dno tak\u0161na, kot ju \u017eelite, ju ni treba ponovno vnesti. \u010ce ni tako, vnesite \u017eeleno ime in \u0161tevilko.<\/p>\n<p>Nasveti za pranje: Priporo\u010dljivo je, da nogometne majice perete ro\u010dno. \u010ce \u017eelite uporabiti pralni stroj, ne pozabite nogometne majice obrniti narobe in jih nato oprati. Stroj napolnite s hladno vodo in uporabite ob\u010dutljiv cikel, da bolje za\u0161\u010ditite barve.<\/p>","protected":false},"excerpt":{"rendered":"<p>Das neue dritte Trikot von Juventus FC 24-25 ist \u00fcberwiegend anthrazitfarben mit goldenen Logos. Das interessanteste Merkmal des dritten Trikots des Juventus FC 24-25 ist das Auftauchen des Trefoil-Logos und des Juventus-Zebra-Wappens. Das bringt Klassik und Nostalgie in das dritte Trikot von Juventus 24-25. Es verwendet einen klassischen Polokragen f\u00fcr ein noch st\u00e4rkeres Retro-Gef\u00fchl. Ein [&hellip;]<\/p>","protected":false},"featured_media":19525,"comment_status":"open","ping_status":"closed","template":"","meta":[],"product_brand":[],"product_cat":[59],"product_tag":[20,574,21,23,24,617,618,61],"class_list":{"0":"post-19482","1":"product","2":"type-product","3":"status-publish","4":"has-post-thumbnail","6":"product_cat-juventus","7":"product_tag-coole-fussballtrikots","8":"product_tag-fussballtrikot-deutschland","9":"product_tag-fussballtrikot-fuer-herren","10":"product_tag-fussballtrikot-kurzarm","11":"product_tag-guenstiges-fussballtrikot","12":"product_tag-juventus-fussballtrikot","13":"product_tag-juventus-trikot","14":"product_tag-juventus-trikots","16":"first","17":"instock","18":"shipping-taxable","19":"purchasable","20":"product-type-variable"},"_links":{"self":[{"href":"https:\/\/www.billigtrikotde.com\/sl\/wp-json\/wp\/v2\/product\/19482","targetHints":{"allow":["GET"]}}],"collection":[{"href":"https:\/\/www.billigtrikotde.com\/sl\/wp-json\/wp\/v2\/product"}],"about":[{"href":"https:\/\/www.billigtrikotde.com\/sl\/wp-json\/wp\/v2\/types\/product"}],"replies":[{"embeddable":true,"href":"https:\/\/www.billigtrikotde.com\/sl\/wp-json\/wp\/v2\/comments?post=19482"}],"wp:featuredmedia":[{"embeddable":true,"href":"https:\/\/www.billigtrikotde.com\/sl\/wp-json\/wp\/v2\/media\/19525"}],"wp:attachment":[{"href":"https:\/\/www.billigtrikotde.com\/sl\/wp-json\/wp\/v2\/media?parent=19482"}],"wp:term":[{"taxonomy":"product_brand","embeddable":true,"href":"https:\/\/www.billigtrikotde.com\/sl\/wp-json\/wp\/v2\/product_brand?post=19482"},{"taxonomy":"product_cat","embeddable":true,"href":"https:\/\/www.billigtrikotde.com\/sl\/wp-json\/wp\/v2\/product_cat?post=19482"},{"taxonomy":"product_tag","embeddable":true,"href":"https:\/\/www.billigtrikotde.com\/sl\/wp-json\/wp\/v2\/product_tag?post=19482"}],"curies":[{"name":"wp","href":"https:\/\/api.w.org\/{rel}","templated":true}]}}