{"id":19339,"date":"2024-10-24T11:22:38","date_gmt":"2024-10-24T09:22:38","guid":{"rendered":"http:\/\/billigtrikots.com\/?post_type=product&#038;p=19339"},"modified":"2025-10-16T16:01:52","modified_gmt":"2025-10-16T14:01:52","slug":"guenstiges-kindertrikot-real-madrid-24-25-auswaertstrikot-trikotsatz-jude-bellingham-5","status":"publish","type":"product","link":"https:\/\/www.billigtrikotde.com\/sl\/guenstiges-kindertrikot-real-madrid-24-25-auswaertstrikot-trikotsatz-jude-bellingham-5\/","title":{"rendered":"Poceni otro\u0161ki dres Real Madrid 24-25 gostujo\u010di komplet Jude Bellingham 5"},"content":{"rendered":"<p>Novi gostujo\u010di dres Real Madrid 24-25 po barvi spominja na tretji dres iz sezone 2013-2014 in je prete\u017eno svetlo oran\u017ene barve s \u010drnimi aplikacijami. Izletni\u0161ki dres Real Madrid za sezono 2024\/25 je navdihnjen z zvezdami na nebu med gostujo\u010dimi tekmami in vedno povezuje klub s \u0161tadionom Santiago Bernabeu. Oran\u017eni dres ima abstraktno astralno grafiko, ki poteka po celotnem dresu, na njem pa najdemo odtenke svetle\u010de modre, \u010drno-modre kovinske in no\u010dne mornarske barve - \u0161e posebej na ovratniku. Dres, ki madridiste povezuje z njihovo domovino.<\/p>\n<p>Nasveti za tiskanje: \u010ce sta ime in \u0161tevilka na sliki to\u010dno tak\u0161na, kot ju \u017eelite, ju ni treba ponovno vnesti. \u010ce ni tako, vnesite \u017eeleno ime in \u0161tevilko.<\/p>\n<p>Nasveti za pranje: Priporo\u010dljivo je, da nogometne majice perete ro\u010dno. \u010ce \u017eelite uporabiti pralni stroj, ne pozabite nogometne majice obrniti narobe in jih nato oprati. Stroj napolnite s hladno vodo in uporabite ob\u010dutljiv cikel, da bolje za\u0161\u010ditite barve.<\/p>","protected":false},"excerpt":{"rendered":"<p>Das neue Real Madrid 24-25 Ausw\u00e4rtstrikot erinnert farblich an das dritte Trikot von 2013-2014. Es ist \u00fcberwiegend leuchtend orange mit schwarzen Applikationen. Der Kragen ist mit wei\u00dfen Details versehen.Das Ausw\u00e4rtstrikot von Real Madrid f\u00fcr die Saison 2024\/25 ist von den Sternen am Himmel w\u00e4hrend der Ausw\u00e4rtsspiele inspiriert und verbindet den Verein immer mit dem Santiago [&hellip;]<\/p>","protected":false},"featured_media":19386,"comment_status":"open","ping_status":"closed","template":"","meta":[],"product_brand":[],"product_cat":[165],"product_tag":[20,574,24,1255,94,879,880,47,166],"class_list":{"0":"post-19339","1":"product","2":"type-product","3":"status-publish","4":"has-post-thumbnail","6":"product_cat-real-madrid-kindertrikot","7":"product_tag-coole-fussballtrikots","8":"product_tag-fussballtrikot-deutschland","9":"product_tag-guenstiges-fussballtrikot","10":"product_tag-jude-bellingham-trikots","11":"product_tag-kinder-fussball-trikotsatz","12":"product_tag-real-madrid-fussballtrikots-kinder","13":"product_tag-real-madrid-trikot-fuer-kinder","14":"product_tag-real-madrid-trikots","15":"product_tag-real-madrid-trikotsatz-fuer-kinder","17":"first","18":"instock","19":"shipping-taxable","20":"purchasable","21":"product-type-variable"},"_links":{"self":[{"href":"https:\/\/www.billigtrikotde.com\/sl\/wp-json\/wp\/v2\/product\/19339","targetHints":{"allow":["GET"]}}],"collection":[{"href":"https:\/\/www.billigtrikotde.com\/sl\/wp-json\/wp\/v2\/product"}],"about":[{"href":"https:\/\/www.billigtrikotde.com\/sl\/wp-json\/wp\/v2\/types\/product"}],"replies":[{"embeddable":true,"href":"https:\/\/www.billigtrikotde.com\/sl\/wp-json\/wp\/v2\/comments?post=19339"}],"wp:featuredmedia":[{"embeddable":true,"href":"https:\/\/www.billigtrikotde.com\/sl\/wp-json\/wp\/v2\/media\/19386"}],"wp:attachment":[{"href":"https:\/\/www.billigtrikotde.com\/sl\/wp-json\/wp\/v2\/media?parent=19339"}],"wp:term":[{"taxonomy":"product_brand","embeddable":true,"href":"https:\/\/www.billigtrikotde.com\/sl\/wp-json\/wp\/v2\/product_brand?post=19339"},{"taxonomy":"product_cat","embeddable":true,"href":"https:\/\/www.billigtrikotde.com\/sl\/wp-json\/wp\/v2\/product_cat?post=19339"},{"taxonomy":"product_tag","embeddable":true,"href":"https:\/\/www.billigtrikotde.com\/sl\/wp-json\/wp\/v2\/product_tag?post=19339"}],"curies":[{"name":"wp","href":"https:\/\/api.w.org\/{rel}","templated":true}]}}