{"id":19326,"date":"2024-10-24T11:22:02","date_gmt":"2024-10-24T09:22:02","guid":{"rendered":"http:\/\/billigtrikots.com\/?post_type=product&#038;p=19326"},"modified":"2025-06-16T16:03:02","modified_gmt":"2025-06-16T14:03:02","slug":"juventus-heimtrikot-2024-25-schwarz-weiss-fussballtrikots-dusan-vlahovic-9","status":"publish","type":"product","link":"https:\/\/www.billigtrikotde.com\/sl\/juventus-heimtrikot-2024-25-schwarz-weiss-fussballtrikots-dusan-vlahovic-9\/","title":{"rendered":"Juventus Doma\u010da majica 2024-25 \u010drna bela Nogometne majice Du\u0161an Vlahovi\u0107 9"},"content":{"rendered":"<p>Novi dres Juventus 2024-25 je tradicionalno belo-\u010drn z dvema velikima \u010drnima navpi\u010dnima \u010drtama \u010dez logotip in grb Juventusa. Logotip in grb Juventusa sta bele barve na \u010drni \u010drtasti podlagi.<\/p>\n<p>Nasveti za tiskanje: \u010ce sta ime in \u0161tevilka na sliki to\u010dno tak\u0161na, kot ju \u017eelite, ju ni treba ponovno vnesti. \u010ce ni tako, vnesite \u017eeleno ime in \u0161tevilko.<\/p>\n<p>Nasveti za pranje: Priporo\u010dljivo je, da nogometne majice perete ro\u010dno. \u010ce \u017eelite uporabiti pralni stroj, ne pozabite nogometne majice obrniti narobe in jih nato oprati. Stroj napolnite s hladno vodo in uporabite ob\u010dutljiv cikel, da bolje za\u0161\u010ditite barve.<\/p>","protected":false},"excerpt":{"rendered":"<p>Novi dres Juventus 2024-25 je tradicionalno bel in \u010drn s \u0161tirimi velikimi \u010drnimi navpi\u010dnimi \u010drtami, ki te\u010dejo \u010dez logotip in Juventusov grb. Logotip in Juve-jev grb sta bela na \u010drnem ozadju \u010drte. Nasveti za tiskanje: \u010ce je ime in \u0161tevilka na sliki to\u010dno tak\u0161na, kot \u017eelite, jih ni potrebno [\u2026]<\/p>","protected":false},"featured_media":19374,"comment_status":"open","ping_status":"closed","template":"","meta":[],"product_brand":[],"product_cat":[59],"product_tag":[20,1301,574,21,23,24,617,618,61],"class_list":{"0":"post-19326","1":"product","2":"type-product","3":"status-publish","4":"has-post-thumbnail","6":"product_cat-juventus","7":"product_tag-coole-fussballtrikots","8":"product_tag-dusan-vlahovic-trikots","9":"product_tag-fussballtrikot-deutschland","10":"product_tag-fussballtrikot-fuer-herren","11":"product_tag-fussballtrikot-kurzarm","12":"product_tag-guenstiges-fussballtrikot","13":"product_tag-juventus-fussballtrikot","14":"product_tag-juventus-trikot","15":"product_tag-juventus-trikots","17":"first","18":"instock","19":"shipping-taxable","20":"purchasable","21":"product-type-variable"},"_links":{"self":[{"href":"https:\/\/www.billigtrikotde.com\/sl\/wp-json\/wp\/v2\/product\/19326","targetHints":{"allow":["GET"]}}],"collection":[{"href":"https:\/\/www.billigtrikotde.com\/sl\/wp-json\/wp\/v2\/product"}],"about":[{"href":"https:\/\/www.billigtrikotde.com\/sl\/wp-json\/wp\/v2\/types\/product"}],"replies":[{"embeddable":true,"href":"https:\/\/www.billigtrikotde.com\/sl\/wp-json\/wp\/v2\/comments?post=19326"}],"wp:featuredmedia":[{"embeddable":true,"href":"https:\/\/www.billigtrikotde.com\/sl\/wp-json\/wp\/v2\/media\/19374"}],"wp:attachment":[{"href":"https:\/\/www.billigtrikotde.com\/sl\/wp-json\/wp\/v2\/media?parent=19326"}],"wp:term":[{"taxonomy":"product_brand","embeddable":true,"href":"https:\/\/www.billigtrikotde.com\/sl\/wp-json\/wp\/v2\/product_brand?post=19326"},{"taxonomy":"product_cat","embeddable":true,"href":"https:\/\/www.billigtrikotde.com\/sl\/wp-json\/wp\/v2\/product_cat?post=19326"},{"taxonomy":"product_tag","embeddable":true,"href":"https:\/\/www.billigtrikotde.com\/sl\/wp-json\/wp\/v2\/product_tag?post=19326"}],"curies":[{"name":"wp","href":"https:\/\/api.w.org\/{rel}","templated":true}]}}