{"id":19316,"date":"2024-10-24T11:21:29","date_gmt":"2024-10-24T09:21:29","guid":{"rendered":"http:\/\/billigtrikots.com\/?post_type=product&#038;p=19316"},"modified":"2024-10-24T11:24:16","modified_gmt":"2024-10-24T09:24:16","slug":"fussballtrikots-benfica-auswaertstrikot-2024-25-fuer-herren-personalisierbar","status":"publish","type":"product","link":"https:\/\/www.billigtrikotde.com\/sl\/fussballtrikots-benfica-auswaertstrikot-2024-25-fuer-herren-personalisierbar\/","title":{"rendered":"Benfica Away nogometne majice 2024-25 za mo\u0161ke"},"content":{"rendered":"<p>Dres Benfica 24-25 je prete\u017eno \u010drne barve s presenetljivimi rde\u010dimi poudarki. Tri \u010drte, logotip in grb Benfice so izrazito rde\u010di.<\/p>\n<p>Nasveti za tiskanje: \u010ce sta ime in \u0161tevilka na sliki to\u010dno tak\u0161na, kot ju \u017eelite, ju ni treba ponovno vnesti. \u010ce ni tako, vnesite \u017eeleno ime in \u0161tevilko.<\/p>\n<p>Nasveti za pranje: Priporo\u010dljivo je, da nogometne majice perete ro\u010dno. \u010ce \u017eelite uporabiti pralni stroj, ne pozabite nogometne majice obrniti narobe in jih nato oprati. Stroj napolnite s hladno vodo in uporabite ob\u010dutljiv cikel, da bolje za\u0161\u010ditite barve.<\/p>","protected":false},"excerpt":{"rendered":"<p>Benfica 24-25 gostujo\u010di dres je ve\u010dinoma \u010drn z izrazitimi rde\u010dimi poudarki. Trije trijeprsti? Wait: in German original: 'Die drei Streifen, das Logo und das Benfica-Wappen sind alle auff\u00e4llig rot.' Slovenian: 'Tri \u010drte, logotip in grb Benfice so vsi izjemno rde\u010di.'; 'Tipi za tiskanje: \u010ce je ime in \u0161tevilka na sliki popolnoma tak\u0161ni, kot \u017eelite, ju ne morate znova vna\u0161ati. \u010ce ne, bi morali vnesti svoje \u017eelene ime in \u0161tevilko [\u2026]'<\/p>","protected":false},"featured_media":19364,"comment_status":"open","ping_status":"closed","template":"","meta":[],"product_brand":[],"product_cat":[188],"product_tag":[729,730,190,20,574,21,22,23,24,191],"class_list":{"0":"post-19316","1":"product","2":"type-product","3":"status-publish","4":"has-post-thumbnail","6":"product_cat-sl-benfica","7":"product_tag-benfica-fussballtrikot","8":"product_tag-benfica-trikot","9":"product_tag-benfica-trikots","10":"product_tag-coole-fussballtrikots","11":"product_tag-fussballtrikot-deutschland","12":"product_tag-fussballtrikot-fuer-herren","13":"product_tag-fussballtrikot-guenstig-kaufen","14":"product_tag-fussballtrikot-kurzarm","15":"product_tag-guenstiges-fussballtrikot","16":"product_tag-heimtrikot-benfica","18":"first","19":"instock","20":"shipping-taxable","21":"purchasable","22":"product-type-variable"},"_links":{"self":[{"href":"https:\/\/www.billigtrikotde.com\/sl\/wp-json\/wp\/v2\/product\/19316","targetHints":{"allow":["GET"]}}],"collection":[{"href":"https:\/\/www.billigtrikotde.com\/sl\/wp-json\/wp\/v2\/product"}],"about":[{"href":"https:\/\/www.billigtrikotde.com\/sl\/wp-json\/wp\/v2\/types\/product"}],"replies":[{"embeddable":true,"href":"https:\/\/www.billigtrikotde.com\/sl\/wp-json\/wp\/v2\/comments?post=19316"}],"wp:featuredmedia":[{"embeddable":true,"href":"https:\/\/www.billigtrikotde.com\/sl\/wp-json\/wp\/v2\/media\/19364"}],"wp:attachment":[{"href":"https:\/\/www.billigtrikotde.com\/sl\/wp-json\/wp\/v2\/media?parent=19316"}],"wp:term":[{"taxonomy":"product_brand","embeddable":true,"href":"https:\/\/www.billigtrikotde.com\/sl\/wp-json\/wp\/v2\/product_brand?post=19316"},{"taxonomy":"product_cat","embeddable":true,"href":"https:\/\/www.billigtrikotde.com\/sl\/wp-json\/wp\/v2\/product_cat?post=19316"},{"taxonomy":"product_tag","embeddable":true,"href":"https:\/\/www.billigtrikotde.com\/sl\/wp-json\/wp\/v2\/product_tag?post=19316"}],"curies":[{"name":"wp","href":"https:\/\/api.w.org\/{rel}","templated":true}]}}