{"id":19305,"date":"2024-10-24T11:20:49","date_gmt":"2024-10-24T09:20:49","guid":{"rendered":"http:\/\/billigtrikots.com\/?post_type=product&#038;p=19305"},"modified":"2024-10-24T11:23:37","modified_gmt":"2024-10-24T09:23:37","slug":"kinderheim-trikot-benfica-heimtrikot-2024-25-rot-kurzarm-weiss-kurze-hosen","status":"publish","type":"product","link":"https:\/\/www.billigtrikotde.com\/sl\/kinderheim-trikot-benfica-heimtrikot-2024-25-rot-kurzarm-weiss-kurze-hosen\/","title":{"rendered":"Benfica Otro\u0161ka doma\u010da majica 2024-25 rde\u010da s kratkimi rokavi + bele kratke hla\u010de"},"content":{"rendered":"<p>Nova majica je poklon bogati zgodovini kluba in ima klasi\u010den V-izrez. Oblika je navdihnjena z doma\u010dim dresom iz sezone 1974\/75, ko je Benfica osvojila naslov v Primeira Ligi, in vzbuja ob\u010dutek nostalgije. SL Benfica se je poglobila v korenine zgodovine kluba in razvila dres z zna\u010dilnim belim vratom v obliki \u010drke V in grafiko, ki ponavlja \u010drko V.<\/p>\n<p>Majica ima \u017eivahen vzorec v rde\u010dih odtenkih, ki ga spredaj krasijo motivi v obliki \u010drke V. Novi logotip je izvezen na desni strani prsnega ko\u0161a, na levi strani pa je ikoni\u010dni znak SL Benfica, ki ga krasijo tri zvezde, ki predstavljajo vseh deset prvenstev, ki jih je osvojil klub.<\/p>\n<p>Nasveti za tiskanje: \u010ce sta ime in \u0161tevilka na sliki to\u010dno tak\u0161na, kot ju \u017eelite, ju ni treba ponovno vnesti. \u010ce ni tako, vnesite \u017eeleno ime in \u0161tevilko.<\/p>\n<p>Nasveti za pranje: Priporo\u010dljivo je, da nogometne majice perete ro\u010dno. \u010ce \u017eelite uporabiti pralni stroj, ne pozabite nogometne majice obrniti narobe in jih nato oprati. Stroj napolnite s hladno vodo in uporabite ob\u010dutljiv cikel, da bolje za\u0161\u010ditite barve.<\/p>","protected":false},"excerpt":{"rendered":"<p>Das neue Trikot ist eine Hommage an die reiche Vereinsgeschichte und hat einen klassischen V-Ausschnitt. Das Design ist vom Heimtrikot der Saison 1974\/75 inspiriert, als Benfica einen Titel in der Primeira Liga gewann, und weckt ein Gef\u00fchl von Nostalgie. SL Benfica hat sich mit den Wurzeln der Vereinsgeschichte befasst und ein Trikot mit einem markanten [&hellip;]<\/p>","protected":false},"featured_media":19353,"comment_status":"open","ping_status":"closed","template":"","meta":[],"product_brand":[],"product_cat":[726],"product_tag":[727,728,20,574,24,94],"class_list":{"0":"post-19305","1":"product","2":"type-product","3":"status-publish","4":"has-post-thumbnail","6":"product_cat-benfica-kindertrikot","7":"product_tag-benfica-fussballtrikots-kinder-mit-eigenem-namen","8":"product_tag-benfica-trikot-fuer-kinder","9":"product_tag-coole-fussballtrikots","10":"product_tag-fussballtrikot-deutschland","11":"product_tag-guenstiges-fussballtrikot","12":"product_tag-kinder-fussball-trikotsatz","14":"first","15":"instock","16":"shipping-taxable","17":"purchasable","18":"product-type-variable"},"_links":{"self":[{"href":"https:\/\/www.billigtrikotde.com\/sl\/wp-json\/wp\/v2\/product\/19305","targetHints":{"allow":["GET"]}}],"collection":[{"href":"https:\/\/www.billigtrikotde.com\/sl\/wp-json\/wp\/v2\/product"}],"about":[{"href":"https:\/\/www.billigtrikotde.com\/sl\/wp-json\/wp\/v2\/types\/product"}],"replies":[{"embeddable":true,"href":"https:\/\/www.billigtrikotde.com\/sl\/wp-json\/wp\/v2\/comments?post=19305"}],"wp:featuredmedia":[{"embeddable":true,"href":"https:\/\/www.billigtrikotde.com\/sl\/wp-json\/wp\/v2\/media\/19353"}],"wp:attachment":[{"href":"https:\/\/www.billigtrikotde.com\/sl\/wp-json\/wp\/v2\/media?parent=19305"}],"wp:term":[{"taxonomy":"product_brand","embeddable":true,"href":"https:\/\/www.billigtrikotde.com\/sl\/wp-json\/wp\/v2\/product_brand?post=19305"},{"taxonomy":"product_cat","embeddable":true,"href":"https:\/\/www.billigtrikotde.com\/sl\/wp-json\/wp\/v2\/product_cat?post=19305"},{"taxonomy":"product_tag","embeddable":true,"href":"https:\/\/www.billigtrikotde.com\/sl\/wp-json\/wp\/v2\/product_tag?post=19305"}],"curies":[{"name":"wp","href":"https:\/\/api.w.org\/{rel}","templated":true}]}}