{"id":19277,"date":"2024-10-24T11:19:03","date_gmt":"2024-10-24T09:19:03","guid":{"rendered":"http:\/\/billigtrikots.com\/?post_type=product&#038;p=19277"},"modified":"2024-10-24T11:21:54","modified_gmt":"2024-10-24T09:21:54","slug":"fussballtrikot-kinder-set-manchester-united-heimtrikot-2024-25-marcus-rashford-10","status":"publish","type":"product","link":"https:\/\/www.billigtrikotde.com\/sl\/fussballtrikot-kinder-set-manchester-united-heimtrikot-2024-25-marcus-rashford-10\/","title":{"rendered":"Nogometna majica Otro\u0161ki komplet Manchester United Home Shirt 2024-25 Marcus Rashford 10"},"content":{"rendered":"<p>Dres Manchester United FC 24-25 zdru\u017euje dva odtenka rde\u010de barve v barvnem gradientu. To ni prvi\u010d, da je dres Manchester Uniteda kombiniral dva odtenka rde\u010de barve. Nazadnje se je to zgodilo v sezoni 2016-17, posebnost dresa Manchester United 24-25 pa je subtilen vzorec gradienta rde\u010de barve na rde\u010di.<\/p>\n<p>Nasveti za tiskanje: \u010ce sta ime in \u0161tevilka na sliki to\u010dno tak\u0161na, kot ju \u017eelite, ju ni treba ponovno vnesti. \u010ce ni tako, vnesite \u017eeleno ime in \u0161tevilko.<\/p>\n<p>Nasveti za pranje: Priporo\u010dljivo je, da nogometne majice perete ro\u010dno. \u010ce \u017eelite uporabiti pralni stroj, ne pozabite nogometne majice obrniti narobe in jih nato oprati. Stroj napolnite s hladno vodo in uporabite ob\u010dutljiv cikel, da bolje za\u0161\u010ditite barve.<\/p>","protected":false},"excerpt":{"rendered":"<p>Trikot Manchester United FC 24-25 kombinira dve rde\u010di odtenki v barvnem pregradu ali gradientnem vzorcu. Ni prvi\u010d, da trikot Manchester United zdru\u017euje dve rde\u010di barvi. Zadnji\u010d se je to zgodilo v sezoni 2016-17. Posebnost dresa 24-25 Manchester Uniteda je diskreten vzorec rde\u010de na rde\u010do v gradaciji. Nasveti za tiskanje: \u010ce je ime [\u2026]<\/p>","protected":false},"featured_media":19321,"comment_status":"open","ping_status":"closed","template":"","meta":[],"product_brand":[],"product_cat":[140],"product_tag":[20,574,664,24,1262,898,899,52,142,1296],"class_list":{"0":"post-19277","1":"product","2":"type-product","3":"status-publish","4":"has-post-thumbnail","6":"product_cat-manchester-united-kindertrikot","7":"product_tag-coole-fussballtrikots","8":"product_tag-fussballtrikot-deutschland","9":"product_tag-fussballtrikot-trikotsatz","10":"product_tag-guenstiges-fussballtrikot","11":"product_tag-manchester-united-24-25-trikot","12":"product_tag-manchester-united-fussballtrikots-kinder","13":"product_tag-manchester-united-trikot-fuer-kinder","14":"product_tag-manchester-united-trikots","15":"product_tag-manchester-united-trikotsatz-fuer-kinder","16":"product_tag-marcus-rashford-trikots","18":"first","19":"instock","20":"shipping-taxable","21":"purchasable","22":"product-type-variable"},"_links":{"self":[{"href":"https:\/\/www.billigtrikotde.com\/sl\/wp-json\/wp\/v2\/product\/19277","targetHints":{"allow":["GET"]}}],"collection":[{"href":"https:\/\/www.billigtrikotde.com\/sl\/wp-json\/wp\/v2\/product"}],"about":[{"href":"https:\/\/www.billigtrikotde.com\/sl\/wp-json\/wp\/v2\/types\/product"}],"replies":[{"embeddable":true,"href":"https:\/\/www.billigtrikotde.com\/sl\/wp-json\/wp\/v2\/comments?post=19277"}],"wp:featuredmedia":[{"embeddable":true,"href":"https:\/\/www.billigtrikotde.com\/sl\/wp-json\/wp\/v2\/media\/19321"}],"wp:attachment":[{"href":"https:\/\/www.billigtrikotde.com\/sl\/wp-json\/wp\/v2\/media?parent=19277"}],"wp:term":[{"taxonomy":"product_brand","embeddable":true,"href":"https:\/\/www.billigtrikotde.com\/sl\/wp-json\/wp\/v2\/product_brand?post=19277"},{"taxonomy":"product_cat","embeddable":true,"href":"https:\/\/www.billigtrikotde.com\/sl\/wp-json\/wp\/v2\/product_cat?post=19277"},{"taxonomy":"product_tag","embeddable":true,"href":"https:\/\/www.billigtrikotde.com\/sl\/wp-json\/wp\/v2\/product_tag?post=19277"}],"curies":[{"name":"wp","href":"https:\/\/api.w.org\/{rel}","templated":true}]}}