{"id":19275,"date":"2024-10-24T11:19:00","date_gmt":"2024-10-24T09:19:00","guid":{"rendered":"http:\/\/billigtrikots.com\/?post_type=product&#038;p=19275"},"modified":"2024-10-24T11:21:54","modified_gmt":"2024-10-24T09:21:54","slug":"billiges-fussballtrikot-fuer-herren-aston-villa-heimtrikot-2024-25","status":"publish","type":"product","link":"https:\/\/www.billigtrikotde.com\/sl\/billiges-fussballtrikot-fuer-herren-aston-villa-heimtrikot-2024-25\/","title":{"rendered":"Poceni nogometna majica za mo\u0161ke Aston Villa Home Shirt 2024-25"},"content":{"rendered":"<p>Dres Aston Villa 2024-25 zdru\u017euje bordo osnovno barvo z belim logotipom in aplikacijami v nebesno modri barvi. Posebnost novega dresa Aston Ville je nov grb. Na sprednji strani je nov logotip novega glavnega sponzorja kluba, podjetja Betano. Na hrbtni strani, pod ovratnikom doma\u010dega dresa Aston Villa 24-25, je napis ob 150. obletnici kluba.<\/p>\n<p>Nasveti za tiskanje: \u010ce sta ime in \u0161tevilka na sliki to\u010dno tak\u0161na, kot ju \u017eelite, ju ni treba ponovno vnesti. \u010ce ni tako, vnesite \u017eeleno ime in \u0161tevilko.<\/p>\n<p>Nasveti za pranje: Priporo\u010dljivo je, da nogometne majice perete ro\u010dno. \u010ce \u017eelite uporabiti pralni stroj, ne pozabite nogometne majice obrniti narobe in jih nato oprati. Stroj napolnite s hladno vodo in uporabite ob\u010dutljiv cikel, da bolje za\u0161\u010ditite barve.<\/p>","protected":false},"excerpt":{"rendered":"<p>Das Aston Villa 2024-25 Trikot kombiniert eine weinrote Grundfarbe mit einem wei\u00dfen Logo und himmelblauen Applikationen. Ein auff\u00e4lliges Merkmal des neuen Aston Villa Trikots ist das neue Wappen. Auf der Vorderseite befindet sich das neue Logo des neuen Hauptsponsors des Vereins, Betano. Auf der R\u00fcckseite unter dem Kragen des Aston Villa 24-25 Heimtrikots befindet sich [&hellip;]<\/p>","protected":false},"featured_media":19319,"comment_status":"open","ping_status":"closed","template":"","meta":[],"product_brand":[],"product_cat":[1061],"product_tag":[1062,1063,20,574,21,22,24],"class_list":{"0":"post-19275","1":"product","2":"type-product","3":"status-publish","4":"has-post-thumbnail","6":"product_cat-aston-villa","7":"product_tag-aston-villa-fussballtrikot","8":"product_tag-aston-villa-trikot","9":"product_tag-coole-fussballtrikots","10":"product_tag-fussballtrikot-deutschland","11":"product_tag-fussballtrikot-fuer-herren","12":"product_tag-fussballtrikot-guenstig-kaufen","13":"product_tag-guenstiges-fussballtrikot","15":"first","16":"instock","17":"shipping-taxable","18":"purchasable","19":"product-type-variable"},"_links":{"self":[{"href":"https:\/\/www.billigtrikotde.com\/sl\/wp-json\/wp\/v2\/product\/19275","targetHints":{"allow":["GET"]}}],"collection":[{"href":"https:\/\/www.billigtrikotde.com\/sl\/wp-json\/wp\/v2\/product"}],"about":[{"href":"https:\/\/www.billigtrikotde.com\/sl\/wp-json\/wp\/v2\/types\/product"}],"replies":[{"embeddable":true,"href":"https:\/\/www.billigtrikotde.com\/sl\/wp-json\/wp\/v2\/comments?post=19275"}],"wp:featuredmedia":[{"embeddable":true,"href":"https:\/\/www.billigtrikotde.com\/sl\/wp-json\/wp\/v2\/media\/19319"}],"wp:attachment":[{"href":"https:\/\/www.billigtrikotde.com\/sl\/wp-json\/wp\/v2\/media?parent=19275"}],"wp:term":[{"taxonomy":"product_brand","embeddable":true,"href":"https:\/\/www.billigtrikotde.com\/sl\/wp-json\/wp\/v2\/product_brand?post=19275"},{"taxonomy":"product_cat","embeddable":true,"href":"https:\/\/www.billigtrikotde.com\/sl\/wp-json\/wp\/v2\/product_cat?post=19275"},{"taxonomy":"product_tag","embeddable":true,"href":"https:\/\/www.billigtrikotde.com\/sl\/wp-json\/wp\/v2\/product_tag?post=19275"}],"curies":[{"name":"wp","href":"https:\/\/api.w.org\/{rel}","templated":true}]}}