{"id":19237,"date":"2024-10-24T11:16:43","date_gmt":"2024-10-24T09:16:43","guid":{"rendered":"http:\/\/billigtrikots.com\/?post_type=product&#038;p=19237"},"modified":"2024-10-24T11:19:59","modified_gmt":"2024-10-24T09:19:59","slug":"neueste-fussballtrikots-fc-barcelona-2024-25-heimtrikot-alejandro-balde-3","status":"publish","type":"product","link":"https:\/\/www.billigtrikotde.com\/sl\/neueste-fussballtrikots-fc-barcelona-2024-25-heimtrikot-alejandro-balde-3\/","title":{"rendered":"Najnovej\u0161e nogometne majice FC Barcelona 2024-25 Home Shirt Alejandro Balde 3"},"content":{"rendered":"<p>Dres FC Barcelona 2024-25 ima obetavno barvno kombinacijo in obliko. Dres Barcelona 2024-25 zdru\u017euje kraljevsko modro, mornarsko modro in rde\u010do barvo z zlatimi logotipi, v smislu oblikovanja pa je dres Barcelona 24-25 videti pol na pol v modri in bordo barvi. Logotipa swoosh in Spotify sta zlata, medtem ko je grb v standardnih barvah. Ovratnik in man\u0161ete so mornarsko modre barve, barvna kombinacija in zasnova pa spominjata na dres ob 100-letnici Barcelone.<\/p>\n<p>Nasveti za tiskanje: \u010ce sta ime in \u0161tevilka na sliki to\u010dno tak\u0161na, kot ju \u017eelite, ju ni treba ponovno vnesti. \u010ce ni tako, vnesite \u017eeleno ime in \u0161tevilko.<\/p>\n<p>Nasveti za pranje: Priporo\u010dljivo je, da nogometne majice perete ro\u010dno. \u010ce \u017eelite uporabiti pralni stroj, ne pozabite nogometne majice obrniti narobe in jih nato oprati. Stroj napolnite s hladno vodo in uporabite ob\u010dutljiv cikel, da bolje za\u0161\u010ditite barve.<\/p>","protected":false},"excerpt":{"rendered":"<p>Das FC Barcelona 2024-25 Trikot hat eine vielversprechende Farbkombination und Design. Das Barcelona 2024-25 Trikot kombiniert K\u00f6nigsblau, Marineblau und Rot mit goldenen Logos.Was das Design angeht, so hat das Barcelona 24-25 Trikot einen Halb-und-Halb-Look in Blau und Kastanienbraun. Der Swoosh und die Spotify-Logos sind goldfarben, w\u00e4hrend das Wappen in den Standardfarben gehalten ist. Der Kragen [&hellip;]<\/p>","protected":false},"featured_media":19281,"comment_status":"open","ping_status":"closed","template":"","meta":[],"product_brand":[],"product_cat":[31],"product_tag":[1289,20,1275,21,22,24],"class_list":{"0":"post-19237","1":"product","2":"type-product","3":"status-publish","4":"has-post-thumbnail","6":"product_cat-fc-barcelona","7":"product_tag-alejandro-balde-trikots","8":"product_tag-coole-fussballtrikots","9":"product_tag-fc-barcelona-24-25-trikot","10":"product_tag-fussballtrikot-fuer-herren","11":"product_tag-fussballtrikot-guenstig-kaufen","12":"product_tag-guenstiges-fussballtrikot","14":"first","15":"instock","16":"shipping-taxable","17":"purchasable","18":"product-type-variable"},"_links":{"self":[{"href":"https:\/\/www.billigtrikotde.com\/sl\/wp-json\/wp\/v2\/product\/19237","targetHints":{"allow":["GET"]}}],"collection":[{"href":"https:\/\/www.billigtrikotde.com\/sl\/wp-json\/wp\/v2\/product"}],"about":[{"href":"https:\/\/www.billigtrikotde.com\/sl\/wp-json\/wp\/v2\/types\/product"}],"replies":[{"embeddable":true,"href":"https:\/\/www.billigtrikotde.com\/sl\/wp-json\/wp\/v2\/comments?post=19237"}],"wp:featuredmedia":[{"embeddable":true,"href":"https:\/\/www.billigtrikotde.com\/sl\/wp-json\/wp\/v2\/media\/19281"}],"wp:attachment":[{"href":"https:\/\/www.billigtrikotde.com\/sl\/wp-json\/wp\/v2\/media?parent=19237"}],"wp:term":[{"taxonomy":"product_brand","embeddable":true,"href":"https:\/\/www.billigtrikotde.com\/sl\/wp-json\/wp\/v2\/product_brand?post=19237"},{"taxonomy":"product_cat","embeddable":true,"href":"https:\/\/www.billigtrikotde.com\/sl\/wp-json\/wp\/v2\/product_cat?post=19237"},{"taxonomy":"product_tag","embeddable":true,"href":"https:\/\/www.billigtrikotde.com\/sl\/wp-json\/wp\/v2\/product_tag?post=19237"}],"curies":[{"name":"wp","href":"https:\/\/api.w.org\/{rel}","templated":true}]}}