{"id":19235,"date":"2024-10-24T11:16:41","date_gmt":"2024-10-24T09:16:41","guid":{"rendered":"http:\/\/billigtrikots.com\/?post_type=product&#038;p=19235"},"modified":"2025-06-09T04:41:39","modified_gmt":"2025-06-09T02:41:39","slug":"bestseller-fussballtrikot-arsenal-2024-25-drittes-trikot-personalisierbar","status":"publish","type":"product","link":"https:\/\/www.billigtrikotde.com\/sl\/bestseller-fussballtrikot-arsenal-2024-25-drittes-trikot-personalisierbar\/","title":{"rendered":"Najbolj prodajana nogometna majica Arsenal 2024-25 Third Shirt Customisable Football Shirt"},"content":{"rendered":"<p>Tretja nogometna majica Arsenal 24-25 ima glavno barvo aqua, ki je kombinirana s svetlo vijoli\u010dasto in mornarsko modro. Logotip Trefoil, ki na Arsenalovem dresu ni bil uporabljen od leta 1992, se vra\u010da na dresu Arsenal 24-25. Oblika tretjega nogometnega dresa Arsenal FC 2024-25 je v nasprotju s klasi\u010dnim logotipom Trefoil moderna. Ima sodobno obliko barvnega gradienta, ki spominja na severni sij.<\/p>\n<p>Nasveti za tiskanje: \u010ce sta ime in \u0161tevilka na sliki to\u010dno tak\u0161na, kot ju \u017eelite, ju ni treba ponovno vnesti. \u010ce ni tako, vnesite \u017eeleno ime in \u0161tevilko.<\/p>\n<p>Nasveti za pranje: Priporo\u010dljivo je, da nogometne majice perete ro\u010dno. \u010ce \u017eelite uporabiti pralni stroj, ne pozabite nogometne majice obrniti narobe in jih nato oprati. Stroj napolnite s hladno vodo in uporabite ob\u010dutljiv cikel, da bolje za\u0161\u010ditite barve.<\/p>","protected":false},"excerpt":{"rendered":"<p>Das dritte Fu\u00dfballtrikot von Arsenal 24-25 hat eine aquafarbene Hauptfarbe, die mit Light Purple und Navy Blue kombiniert wird. Das Trefoil Logo, das seit 1992 nicht mehr auf einem Arsenal Trikot verwendet wurde, feiert auf dem Arsenal 24-25 Trikot ein Comeback. Das Design des dritten Arsenal-FC 2024-25 Fu\u00dfballtrikots ist im Gegensatz zum klassischen Trefoil-Logo modern. [&hellip;]<\/p>","protected":false},"featured_media":19279,"comment_status":"open","ping_status":"closed","template":"","meta":[],"product_brand":[],"product_cat":[55],"product_tag":[609,610,1007,21,23,24],"class_list":{"0":"post-19235","1":"product","2":"type-product","3":"status-publish","4":"has-post-thumbnail","6":"product_cat-arsenal","7":"product_tag-arsenal-fussballtrikot","8":"product_tag-arsenal-trikot","9":"product_tag-arsenal-trikot-2024","10":"product_tag-fussballtrikot-fuer-herren","11":"product_tag-fussballtrikot-kurzarm","12":"product_tag-guenstiges-fussballtrikot","14":"first","15":"instock","16":"shipping-taxable","17":"purchasable","18":"product-type-variable"},"_links":{"self":[{"href":"https:\/\/www.billigtrikotde.com\/sl\/wp-json\/wp\/v2\/product\/19235","targetHints":{"allow":["GET"]}}],"collection":[{"href":"https:\/\/www.billigtrikotde.com\/sl\/wp-json\/wp\/v2\/product"}],"about":[{"href":"https:\/\/www.billigtrikotde.com\/sl\/wp-json\/wp\/v2\/types\/product"}],"replies":[{"embeddable":true,"href":"https:\/\/www.billigtrikotde.com\/sl\/wp-json\/wp\/v2\/comments?post=19235"}],"wp:featuredmedia":[{"embeddable":true,"href":"https:\/\/www.billigtrikotde.com\/sl\/wp-json\/wp\/v2\/media\/19279"}],"wp:attachment":[{"href":"https:\/\/www.billigtrikotde.com\/sl\/wp-json\/wp\/v2\/media?parent=19235"}],"wp:term":[{"taxonomy":"product_brand","embeddable":true,"href":"https:\/\/www.billigtrikotde.com\/sl\/wp-json\/wp\/v2\/product_brand?post=19235"},{"taxonomy":"product_cat","embeddable":true,"href":"https:\/\/www.billigtrikotde.com\/sl\/wp-json\/wp\/v2\/product_cat?post=19235"},{"taxonomy":"product_tag","embeddable":true,"href":"https:\/\/www.billigtrikotde.com\/sl\/wp-json\/wp\/v2\/product_tag?post=19235"}],"curies":[{"name":"wp","href":"https:\/\/api.w.org\/{rel}","templated":true}]}}