{"id":19215,"date":"2024-10-24T11:15:30","date_gmt":"2024-10-24T09:15:30","guid":{"rendered":"http:\/\/billigtrikots.com\/?post_type=product&#038;p=19215"},"modified":"2024-10-24T11:18:50","modified_gmt":"2024-10-24T09:18:50","slug":"guenstige-fussballtrikots-arsenal-2024-25-schwarz-auswaertstrikot-fuer-kinder","status":"publish","type":"product","link":"https:\/\/www.billigtrikotde.com\/sl\/guenstige-fussballtrikots-arsenal-2024-25-schwarz-auswaertstrikot-fuer-kinder\/","title":{"rendered":"Poceni Nogometne majice Arsenal 2024-25 black away kit za otroke"},"content":{"rendered":"<p>Dres Arsenal 2024-25 je bil oblikovan v sodelovanju z londonskim podjetjem Labrum. S \u010drno osnovno barvo in poudarki v rde\u010di in zeleni barvi je poklon nekdanjima igralcema Arsenala Davidu Rocastlu in Ianu Wrightu.<\/p>\n<p>Nasveti za tiskanje: \u010ce sta ime in \u0161tevilka na sliki to\u010dno tak\u0161na, kot ju \u017eelite, ju ni treba ponovno vnesti. \u010ce ni tako, vnesite \u017eeleno ime in \u0161tevilko.<\/p>\n<p>Nasveti za pranje: Priporo\u010dljivo je, da nogometne majice perete ro\u010dno. \u010ce \u017eelite uporabiti pralni stroj, ne pozabite nogometne majice obrniti narobe in jih nato oprati. Stroj napolnite s hladno vodo in uporabite ob\u010dutljiv cikel, da bolje za\u0161\u010ditite barve.<\/p>","protected":false},"excerpt":{"rendered":"<p>Arsenalova sezona 2024-25 zunanja majica je bila zasnovana v sodelovanju z londonskim podjetjem Labrum. To je po\u010dastitev nekdanjim igralcem Arsenala Davidu Rocastlu in Ianu Wrightu z \u010drnim ozadjem in poudarki rde\u010de ter zelene barve. Napotila za tiskanje: \u010ce je ime in \u0161tevilka na sliki to\u010dno tak\u0161na, kot \u017eelite, jih morate [\u2026]<\/p>","protected":false},"featured_media":19261,"comment_status":"open","ping_status":"closed","template":"","meta":[],"product_brand":[],"product_cat":[167],"product_tag":[851,852,1263,20,574,23,24,94,586],"class_list":{"0":"post-19215","1":"product","2":"type-product","3":"status-publish","4":"has-post-thumbnail","6":"product_cat-arsenal-kindertrikot","7":"product_tag-arsenal-fussballtrikots-kinder","8":"product_tag-arsenal-trikot-fuer-kinder","9":"product_tag-arsenal-trikotsatz-fuer-kinder","10":"product_tag-coole-fussballtrikots","11":"product_tag-fussballtrikot-deutschland","12":"product_tag-fussballtrikot-kurzarm","13":"product_tag-guenstiges-fussballtrikot","14":"product_tag-kinder-fussball-trikotsatz","15":"product_tag-kinder-fussballtrikot","17":"first","18":"instock","19":"shipping-taxable","20":"purchasable","21":"product-type-variable"},"_links":{"self":[{"href":"https:\/\/www.billigtrikotde.com\/sl\/wp-json\/wp\/v2\/product\/19215","targetHints":{"allow":["GET"]}}],"collection":[{"href":"https:\/\/www.billigtrikotde.com\/sl\/wp-json\/wp\/v2\/product"}],"about":[{"href":"https:\/\/www.billigtrikotde.com\/sl\/wp-json\/wp\/v2\/types\/product"}],"replies":[{"embeddable":true,"href":"https:\/\/www.billigtrikotde.com\/sl\/wp-json\/wp\/v2\/comments?post=19215"}],"wp:featuredmedia":[{"embeddable":true,"href":"https:\/\/www.billigtrikotde.com\/sl\/wp-json\/wp\/v2\/media\/19261"}],"wp:attachment":[{"href":"https:\/\/www.billigtrikotde.com\/sl\/wp-json\/wp\/v2\/media?parent=19215"}],"wp:term":[{"taxonomy":"product_brand","embeddable":true,"href":"https:\/\/www.billigtrikotde.com\/sl\/wp-json\/wp\/v2\/product_brand?post=19215"},{"taxonomy":"product_cat","embeddable":true,"href":"https:\/\/www.billigtrikotde.com\/sl\/wp-json\/wp\/v2\/product_cat?post=19215"},{"taxonomy":"product_tag","embeddable":true,"href":"https:\/\/www.billigtrikotde.com\/sl\/wp-json\/wp\/v2\/product_tag?post=19215"}],"curies":[{"name":"wp","href":"https:\/\/api.w.org\/{rel}","templated":true}]}}