{"id":19181,"date":"2024-10-24T11:13:39","date_gmt":"2024-10-24T09:13:39","guid":{"rendered":"http:\/\/billigtrikots.com\/?post_type=product&#038;p=19181"},"modified":"2024-10-24T11:16:31","modified_gmt":"2024-10-24T09:16:31","slug":"billige-fussballtrikots-herren-athletic-bilbao-auswaertstrikot-2024-25","status":"publish","type":"product","link":"https:\/\/www.billigtrikotde.com\/sl\/billige-fussballtrikots-herren-athletic-bilbao-auswaertstrikot-2024-25\/","title":{"rendered":"Poceni nogometne majice Mens Athletic Bilbao Away Shirt 2024-25"},"content":{"rendered":"<p>Izletni\u0161ki komplet Castore Athletic Bilbao 24-25 ima kraljevsko modro (\"Bilbao blue\" - \"Gabarra blue\") glavno barvo v kombinaciji s sivim ovratnikom z rde\u010dim robom. Stranice dresa so prav tako sive in rde\u010de barve, nazadnje pa je Bilbao kraljevsko modro barvo za svoj gostujo\u010di komplet uporabil v sezoni 2018-19. Na sprednji strani ima dres subtilen potisk, na zadnji strani pa baskovsko zastavo v obliki levje glave, ki namiguje na to, da je klub \"Made in Euskal Herria\".<\/p>\n<p>Nasveti za tiskanje: \u010ce sta ime in \u0161tevilka na sliki to\u010dno tak\u0161na, kot ju \u017eelite, ju ni treba ponovno vnesti. \u010ce ni tako, vnesite \u017eeleno ime in \u0161tevilko.<\/p>\n<p>Nasveti za pranje: Priporo\u010dljivo je, da nogometne majice perete ro\u010dno. \u010ce \u017eelite uporabiti pralni stroj, ne pozabite nogometne majice obrniti narobe in jih nato oprati. Stroj napolnite s hladno vodo in uporabite ob\u010dutljiv cikel, da bolje za\u0161\u010ditite barve.<\/p>","protected":false},"excerpt":{"rendered":"<p>Das Castore Athletic Bilbao 24-25 Ausw\u00e4rtstrikot hat eine k\u00f6nigsblaue (\u201eBilbao-Blau\u201c \u2013 \u201eGabarra-Blau\u201c) Hauptfarbe, kombiniert mit einem grauen Kragen mit roter Einfassung. Die Seiten des Trikots sind ebenfalls grau und rot.Das letzte Mal, dass Bilbao k\u00f6nigsblau f\u00fcr sein Ausw\u00e4rtstrikot verwendet hat, war in der Saison 2018-19,Auf der Vorderseite gibt es einen dezenten Aufdruck und auf der [&hellip;]<\/p>","protected":false},"featured_media":19220,"comment_status":"open","ping_status":"closed","template":"","meta":[],"product_brand":[],"product_cat":[909],"product_tag":[1278,910,911,20,574,21,22,23,24],"class_list":{"0":"post-19181","1":"product","2":"type-product","3":"status-publish","4":"has-post-thumbnail","6":"product_cat-athletic-bilbao","7":"product_tag-athletic-bilbao-24-25-trikot","8":"product_tag-athletic-bilbao-fussballtrikot","9":"product_tag-athletic-bilbao-trikot","10":"product_tag-coole-fussballtrikots","11":"product_tag-fussballtrikot-deutschland","12":"product_tag-fussballtrikot-fuer-herren","13":"product_tag-fussballtrikot-guenstig-kaufen","14":"product_tag-fussballtrikot-kurzarm","15":"product_tag-guenstiges-fussballtrikot","17":"first","18":"instock","19":"shipping-taxable","20":"purchasable","21":"product-type-variable"},"_links":{"self":[{"href":"https:\/\/www.billigtrikotde.com\/sl\/wp-json\/wp\/v2\/product\/19181","targetHints":{"allow":["GET"]}}],"collection":[{"href":"https:\/\/www.billigtrikotde.com\/sl\/wp-json\/wp\/v2\/product"}],"about":[{"href":"https:\/\/www.billigtrikotde.com\/sl\/wp-json\/wp\/v2\/types\/product"}],"replies":[{"embeddable":true,"href":"https:\/\/www.billigtrikotde.com\/sl\/wp-json\/wp\/v2\/comments?post=19181"}],"wp:featuredmedia":[{"embeddable":true,"href":"https:\/\/www.billigtrikotde.com\/sl\/wp-json\/wp\/v2\/media\/19220"}],"wp:attachment":[{"href":"https:\/\/www.billigtrikotde.com\/sl\/wp-json\/wp\/v2\/media?parent=19181"}],"wp:term":[{"taxonomy":"product_brand","embeddable":true,"href":"https:\/\/www.billigtrikotde.com\/sl\/wp-json\/wp\/v2\/product_brand?post=19181"},{"taxonomy":"product_cat","embeddable":true,"href":"https:\/\/www.billigtrikotde.com\/sl\/wp-json\/wp\/v2\/product_cat?post=19181"},{"taxonomy":"product_tag","embeddable":true,"href":"https:\/\/www.billigtrikotde.com\/sl\/wp-json\/wp\/v2\/product_tag?post=19181"}],"curies":[{"name":"wp","href":"https:\/\/api.w.org\/{rel}","templated":true}]}}