{"id":1916,"date":"2024-10-23T13:51:35","date_gmt":"2024-10-23T11:51:35","guid":{"rendered":"http:\/\/billigtrikots.com\/?post_type=product&#038;p=1916"},"modified":"2024-10-23T13:53:40","modified_gmt":"2024-10-23T11:53:40","slug":"castore-wolves-heimtrikot-gelb-2022-kurzarm-kurze-hosen-mit-aufdruck-adama-37","status":"publish","type":"product","link":"https:\/\/www.billigtrikotde.com\/sl\/castore-wolves-heimtrikot-gelb-2022-kurzarm-kurze-hosen-mit-aufdruck-adama-37\/","title":{"rendered":"Castore Wolves doma\u010da majica rumena 2022 kratka rokava + kratke hla\u010de z napisom ADAMA 37"},"content":{"rendered":"<p>Pripravi se in poka\u017ei svojo podporo v tej mo\u0161ki Wolverhampton Wanderers FC 2021\/22 doma\u010di majici od Castore. Ta standardna majica v zlati barvi je izdelana iz lahkega poliestrskega materiala, ki te ohranja hladnega in udobnega na igri\u0161\u010du. Ima V-izrez, kratke rokave in kontrastne \u010drne vlo\u017eke ter man\u0161ete. Z zna\u010dilnim blagovno znamko Castore je ta majica opremljena z ikoni\u010dnim grbom Wolves na prsih. Strojno pralna.<\/p>\n<p>Nasveti za tiskanje: \u010ce sta ime in \u0161tevilka na sliki to\u010dno tak\u0161na, kot ju \u017eelite, ju ni treba ponovno vnesti. \u010ce ni tako, vnesite \u017eeleno ime in \u0161tevilko.<\/p>\n<p>Nasveti za pranje: Priporo\u010dljivo je, da nogometne majice perete ro\u010dno. \u010ce \u017eelite uporabiti pralni stroj, ne pozabite nogometne majice obrniti narobe in jih nato oprati. Stroj napolnite s hladno vodo in uporabite ob\u010dutljiv cikel, da bolje za\u0161\u010ditite barve.<\/p>","protected":false},"excerpt":{"rendered":"<p>Pripravi se in poka\u017ei svojo podporo v tej mo\u0161ki Wolverhampton Wanderers FC 2021\/22 doma\u010di majici od Castore. Ta standardna majica v zlati barvi je izdelana iz lahkega poliesternega tkanega materiala, ki te bo ohranjal hladnega in udobnega na igri\u0161\u010du. Ima V-izrez, kratke rokave in kontrastne \u010drne vlo\u017eke ter ovratnike. S prepoznavnim blagovno znamko Castore je ta [\u2026]<\/p>","protected":false},"featured_media":1947,"comment_status":"open","ping_status":"closed","template":"","meta":[],"product_brand":[],"product_cat":[69],"product_tag":[20,70,21,22,23,24,71],"class_list":{"0":"post-1916","1":"product","2":"type-product","3":"status-publish","4":"has-post-thumbnail","6":"product_cat-wolverhampton-wanderers","7":"product_tag-coole-fussballtrikots","8":"product_tag-castore-wolves-heimtrikot","9":"product_tag-fussballtrikot-fuer-herren","10":"product_tag-fussballtrikot-guenstig-kaufen","11":"product_tag-fussballtrikot-kurzarm","12":"product_tag-guenstiges-fussballtrikot","13":"product_tag-wolverhampton-wanderers-trikots","15":"first","16":"instock","17":"shipping-taxable","18":"purchasable","19":"product-type-variable"},"_links":{"self":[{"href":"https:\/\/www.billigtrikotde.com\/sl\/wp-json\/wp\/v2\/product\/1916","targetHints":{"allow":["GET"]}}],"collection":[{"href":"https:\/\/www.billigtrikotde.com\/sl\/wp-json\/wp\/v2\/product"}],"about":[{"href":"https:\/\/www.billigtrikotde.com\/sl\/wp-json\/wp\/v2\/types\/product"}],"replies":[{"embeddable":true,"href":"https:\/\/www.billigtrikotde.com\/sl\/wp-json\/wp\/v2\/comments?post=1916"}],"wp:featuredmedia":[{"embeddable":true,"href":"https:\/\/www.billigtrikotde.com\/sl\/wp-json\/wp\/v2\/media\/1947"}],"wp:attachment":[{"href":"https:\/\/www.billigtrikotde.com\/sl\/wp-json\/wp\/v2\/media?parent=1916"}],"wp:term":[{"taxonomy":"product_brand","embeddable":true,"href":"https:\/\/www.billigtrikotde.com\/sl\/wp-json\/wp\/v2\/product_brand?post=1916"},{"taxonomy":"product_cat","embeddable":true,"href":"https:\/\/www.billigtrikotde.com\/sl\/wp-json\/wp\/v2\/product_cat?post=1916"},{"taxonomy":"product_tag","embeddable":true,"href":"https:\/\/www.billigtrikotde.com\/sl\/wp-json\/wp\/v2\/product_tag?post=1916"}],"curies":[{"name":"wp","href":"https:\/\/api.w.org\/{rel}","templated":true}]}}