{"id":1914,"date":"2024-10-23T13:51:34","date_gmt":"2024-10-23T11:51:34","guid":{"rendered":"http:\/\/billigtrikots.com\/?post_type=product&#038;p=1914"},"modified":"2024-10-23T13:53:09","modified_gmt":"2024-10-23T11:53:09","slug":"gelbe-trikotsatz-borussia-dortmund-2022-fussball-trikots-online-kaufen-anpassbarer","status":"publish","type":"product","link":"https:\/\/www.billigtrikotde.com\/sl\/gelbe-trikotsatz-borussia-dortmund-2022-fussball-trikots-online-kaufen-anpassbarer\/","title":{"rendered":"Rumeni komplet dresov Borussia Dortmund 2022, spletna prodaja dresov prilagodljiva"},"content":{"rendered":"<p>Aus tiefstem Herzen zeigst du deine Bewunderung im aktuellen Borussen Heim Trikot, das sich in der traditionellen Heimfarbe Gelb\/Schwarz pr\u00e4sentiert. Nat\u00fcrlich tr\u00e4gt auch das diesj\u00e4hrige Jersey mit Stolz das Vereinswappen direkt auf dem Herzen. P-uma Markendetails d\u00fcrfen ebenso, wie die Sponsorenschriftz\u00fcge und \u2013logos, nicht fehlen.<\/p>\n<p>Als w\u00e4re das clubtreue Design nicht schon Grund genug, dich f\u00fcr das BVB Heim Trikot 2021\/22 zu entscheiden, kommt das Oberteil auch noch in erstklassiger P-uma Qualit\u00e4t. So besteht es aus langlebigem, formstabilem Polyester, das dir den ganzen Tag \u00fcber beste Unterst\u00fctzung bietet.<\/p>\n<p>Sein High-Performance dryCELL-Material sch\u00fctzt dich dar\u00fcber hinaus vor Feuchtigkeit am K\u00f6rper und h\u00e4lt deinen Body trocken und k\u00fchl. Die Replica-Version des BVB Heim Trikots sitzt locker am K\u00f6rper und l\u00e4sst dir viel Bewegungsfreiheit in alle Richtungen. Beliebte Raglan-\u00c4rmel vollenden die gelungene Passform und versprechen einen noch angenehmeren Tragekomfort.<\/p>\n<p>Bringe deine Fangarderobe auf den aktuellsten Stand und sichere dir rechtzeitig das neue P-uma BVB Herren Heim Trikot 2021\/22 f\u00fcr deinen authentischen Fanjubel!<\/p>\n<p>Nasveti za tiskanje: \u010ce sta ime in \u0161tevilka na sliki to\u010dno tak\u0161na, kot ju \u017eelite, ju ni treba ponovno vnesti. \u010ce ni tako, vnesite \u017eeleno ime in \u0161tevilko.<\/p>\n<p>Nasveti za pranje: Priporo\u010dljivo je, da nogometne majice perete ro\u010dno. \u010ce \u017eelite uporabiti pralni stroj, ne pozabite nogometne majice obrniti narobe in jih nato oprati. Stroj napolnite s hladno vodo in uporabite ob\u010dutljiv cikel, da bolje za\u0161\u010ditite barve.<\/p>","protected":false},"excerpt":{"rendered":"<p>Iz globine srca poka\u017eite svojo ob\u010dudovanje v trenutnem doma\u010dem dresu Borussen, ki se predstavlja v tradicionalni doma\u010di barvi rumeni\/\u010drni. Seveda tudi leto\u0161nji dres s ponosom nosi klubskega grba neposredno na srcu. Podrobnosti blagovne znamke P-uma, kot so tudi napis in logotipi sponzorjev, ne smejo manjkati. Kot da \u017ee sama zvestoba klubu ni dovolj razlogov, da bi se odlo\u010dili za ta dizajn [...]<\/p>","protected":false},"featured_media":1945,"comment_status":"open","ping_status":"closed","template":"","meta":[],"product_brand":[],"product_cat":[63],"product_tag":[20,65,66,67,21,22,23,24],"class_list":{"0":"post-1914","1":"product","2":"type-product","3":"status-publish","4":"has-post-thumbnail","6":"product_cat-borussia-dortmund","7":"product_tag-coole-fussballtrikots","8":"product_tag-borussia-dortmund-trikots","9":"product_tag-bvb-trikots","10":"product_tag-fussball-trikotsatz","11":"product_tag-fussballtrikot-fuer-herren","12":"product_tag-fussballtrikot-guenstig-kaufen","13":"product_tag-fussballtrikot-kurzarm","14":"product_tag-guenstiges-fussballtrikot","16":"first","17":"instock","18":"shipping-taxable","19":"purchasable","20":"product-type-variable"},"_links":{"self":[{"href":"https:\/\/www.billigtrikotde.com\/sl\/wp-json\/wp\/v2\/product\/1914","targetHints":{"allow":["GET"]}}],"collection":[{"href":"https:\/\/www.billigtrikotde.com\/sl\/wp-json\/wp\/v2\/product"}],"about":[{"href":"https:\/\/www.billigtrikotde.com\/sl\/wp-json\/wp\/v2\/types\/product"}],"replies":[{"embeddable":true,"href":"https:\/\/www.billigtrikotde.com\/sl\/wp-json\/wp\/v2\/comments?post=1914"}],"wp:featuredmedia":[{"embeddable":true,"href":"https:\/\/www.billigtrikotde.com\/sl\/wp-json\/wp\/v2\/media\/1945"}],"wp:attachment":[{"href":"https:\/\/www.billigtrikotde.com\/sl\/wp-json\/wp\/v2\/media?parent=1914"}],"wp:term":[{"taxonomy":"product_brand","embeddable":true,"href":"https:\/\/www.billigtrikotde.com\/sl\/wp-json\/wp\/v2\/product_brand?post=1914"},{"taxonomy":"product_cat","embeddable":true,"href":"https:\/\/www.billigtrikotde.com\/sl\/wp-json\/wp\/v2\/product_cat?post=1914"},{"taxonomy":"product_tag","embeddable":true,"href":"https:\/\/www.billigtrikotde.com\/sl\/wp-json\/wp\/v2\/product_tag?post=1914"}],"curies":[{"name":"wp","href":"https:\/\/api.w.org\/{rel}","templated":true}]}}