{"id":19114,"date":"2024-10-24T11:10:09","date_gmt":"2024-10-24T09:10:09","guid":{"rendered":"http:\/\/billigtrikots.com\/?post_type=product&#038;p=19114"},"modified":"2024-10-24T11:13:31","modified_gmt":"2024-10-24T09:13:31","slug":"kaufen-billig-fussballtrikots-nordirland-auswaertstrikots-2024-weiss","status":"publish","type":"product","link":"https:\/\/www.billigtrikotde.com\/sl\/kaufen-billig-fussballtrikots-nordirland-auswaertstrikots-2024-weiss\/","title":{"rendered":"Kupi poceni Severna Irska Away nogometne majice 2024 White"},"content":{"rendered":"<p>Komplet Severne Irske 2024 je prete\u017eno bele barve s kraljevsko modrimi in mentolovimi poudarki.<\/p>\n<p>Vrhunec dresa Severne Irske 2024 je vzorec kri\u017ea, ki poteka skozi nogometni grb Severne Irske.<\/p>\n<p>Nasveti za tiskanje: \u010ce sta ime in \u0161tevilka na sliki to\u010dno tak\u0161na, kot ju \u017eelite, ju ni treba ponovno vnesti. \u010ce ni tako, vnesite \u017eeleno ime in \u0161tevilko.<\/p>\n<p>Nasveti za pranje: Priporo\u010dljivo je, da nogometne majice perete ro\u010dno. \u010ce \u017eelite uporabiti pralni stroj, ne pozabite nogometne majice obrniti narobe in jih nato oprati. Stroj napolnite s hladno vodo in uporabite ob\u010dutljiv cikel, da bolje za\u0161\u010ditite barve.<\/p>","protected":false},"excerpt":{"rendered":"<p>Das Nordirland 2024 Ausw\u00e4rtstrikot ist \u00fcberwiegend wei\u00df mit k\u00f6nigsblauen und mintfarbenen Akzenten. Das Highlight des Nordirland 2024 Ausw\u00e4rtstrikots ist das Kreuzmuster, das sich durch das nordirische Fu\u00dfballwappen zieht. Tipps zum Drucken: Wenn der Name und die Nummer auf dem Bild genau Ihren W\u00fcnschen entsprechen, m\u00fcssen Sie sie nicht erneut eingeben. Wenn nicht, sollten Sie Ihren [&hellip;]<\/p>","protected":false},"featured_media":19167,"comment_status":"open","ping_status":"closed","template":"","meta":[],"product_brand":[],"product_cat":[1266],"product_tag":[20,22,23,24,1267,1268,1269,1270],"class_list":{"0":"post-19114","1":"product","2":"type-product","3":"status-publish","4":"has-post-thumbnail","6":"product_cat-nordirland-trikots","7":"product_tag-coole-fussballtrikots","8":"product_tag-fussballtrikot-guenstig-kaufen","9":"product_tag-fussballtrikot-kurzarm","10":"product_tag-guenstiges-fussballtrikot","11":"product_tag-nordirland-2024-auswaertstrikot","12":"product_tag-nordirland-auswaerts-2024","13":"product_tag-nordirland-fussballtrikots","14":"product_tag-nordirland-heim-2024","16":"first","17":"instock","18":"shipping-taxable","19":"purchasable","20":"product-type-variable"},"_links":{"self":[{"href":"https:\/\/www.billigtrikotde.com\/sl\/wp-json\/wp\/v2\/product\/19114","targetHints":{"allow":["GET"]}}],"collection":[{"href":"https:\/\/www.billigtrikotde.com\/sl\/wp-json\/wp\/v2\/product"}],"about":[{"href":"https:\/\/www.billigtrikotde.com\/sl\/wp-json\/wp\/v2\/types\/product"}],"replies":[{"embeddable":true,"href":"https:\/\/www.billigtrikotde.com\/sl\/wp-json\/wp\/v2\/comments?post=19114"}],"wp:featuredmedia":[{"embeddable":true,"href":"https:\/\/www.billigtrikotde.com\/sl\/wp-json\/wp\/v2\/media\/19167"}],"wp:attachment":[{"href":"https:\/\/www.billigtrikotde.com\/sl\/wp-json\/wp\/v2\/media?parent=19114"}],"wp:term":[{"taxonomy":"product_brand","embeddable":true,"href":"https:\/\/www.billigtrikotde.com\/sl\/wp-json\/wp\/v2\/product_brand?post=19114"},{"taxonomy":"product_cat","embeddable":true,"href":"https:\/\/www.billigtrikotde.com\/sl\/wp-json\/wp\/v2\/product_cat?post=19114"},{"taxonomy":"product_tag","embeddable":true,"href":"https:\/\/www.billigtrikotde.com\/sl\/wp-json\/wp\/v2\/product_tag?post=19114"}],"curies":[{"name":"wp","href":"https:\/\/api.w.org\/{rel}","templated":true}]}}