{"id":19100,"date":"2024-10-24T11:09:31","date_gmt":"2024-10-24T09:09:31","guid":{"rendered":"http:\/\/billigtrikots.com\/?post_type=product&#038;p=19100"},"modified":"2024-10-24T11:12:23","modified_gmt":"2024-10-24T09:12:23","slug":"kinder-fussball-trikot-set-ac-mailand-heimtrikot-2024-2025","status":"publish","type":"product","link":"https:\/\/www.billigtrikotde.com\/sl\/kinder-fussball-trikot-set-ac-mailand-heimtrikot-2024-2025\/","title":{"rendered":"Otro\u0161ka nogometna majica AC Milan Home Shirt 2024 2025"},"content":{"rendered":"<p>Novi dres Milana 24-25 se vra\u010da h klasi\u010dni zasnovi, potem ko je bil dres v prej\u0161nji sezoni v eksperimentalnem slogu. Na njem so rde\u010de in \u010drne klubske \u010drte v kombinaciji z belimi logotipi, znotraj rde\u010dih \u010drt pa je zelo subtilen dizajn, ki je verjetno povezan s 125. obletnico kluba. Milan je bil ustanovljen leta 1899, torej na dana\u0161nji dan pred 125 leti, na notranji strani ovratnika pa je posebna oznaka obletnice z besedilom \"Social Club Institution\" in grafiko DNK, medtem ko je na zadnjem ovratniku dresa poseben vzorec 125 Years A.C. Milan, s katerim klub obele\u017euje 125. obletnico delovanja.<\/p>\n<p>Nasveti za tiskanje: \u010ce sta ime in \u0161tevilka na sliki to\u010dno tak\u0161na, kot ju \u017eelite, ju ni treba ponovno vnesti. \u010ce ni tako, vnesite \u017eeleno ime in \u0161tevilko.<\/p>\n<p>Nasveti za pranje: Priporo\u010dljivo je, da nogometne majice perete ro\u010dno. \u010ce \u017eelite uporabiti pralni stroj, ne pozabite nogometne majice obrniti narobe in jih nato oprati. Stroj napolnite s hladno vodo in uporabite ob\u010dutljiv cikel, da bolje za\u0161\u010ditite barve.<\/p>","protected":false},"excerpt":{"rendered":"<p>Das neue Milan Trikot 24-25 kehrt zu einem klassischen Design zur\u00fcck, nachdem das Trikot der letzten Saison einen experimentellen Stil hatte. Es zeigt die roten und schwarzen Streifen des Vereins in Kombination mit wei\u00dfen Logos.Innerhalb der roten Streifen befindet sich ein sehr dezentes Design, das wahrscheinlich mit dem 125-j\u00e4hrigen Jubil\u00e4um des Vereins zusammenh\u00e4ngt. Milan wurde [&hellip;]<\/p>","protected":false},"featured_media":19153,"comment_status":"open","ping_status":"closed","template":"","meta":[],"product_brand":[],"product_cat":[92],"product_tag":[630,25,631,93,20,574,23,24,94,1264],"class_list":{"0":"post-19100","1":"product","2":"type-product","3":"status-publish","4":"has-post-thumbnail","6":"product_cat-ac-mailand-kindertrikot","7":"product_tag-ac-milan-fussballtrikots-kinder","8":"product_tag-ac-milan-heimtrikot","9":"product_tag-ac-milan-trikot-fuer-kinder","10":"product_tag-ac-milan-trikotsatz-fuer-kinder","11":"product_tag-coole-fussballtrikots","12":"product_tag-fussballtrikot-deutschland","13":"product_tag-fussballtrikot-kurzarm","14":"product_tag-guenstiges-fussballtrikot","15":"product_tag-kinder-fussball-trikotsatz","16":"product_tag-milan-24-25-trikot","18":"first","19":"instock","20":"shipping-taxable","21":"purchasable","22":"product-type-variable"},"_links":{"self":[{"href":"https:\/\/www.billigtrikotde.com\/sl\/wp-json\/wp\/v2\/product\/19100","targetHints":{"allow":["GET"]}}],"collection":[{"href":"https:\/\/www.billigtrikotde.com\/sl\/wp-json\/wp\/v2\/product"}],"about":[{"href":"https:\/\/www.billigtrikotde.com\/sl\/wp-json\/wp\/v2\/types\/product"}],"replies":[{"embeddable":true,"href":"https:\/\/www.billigtrikotde.com\/sl\/wp-json\/wp\/v2\/comments?post=19100"}],"wp:featuredmedia":[{"embeddable":true,"href":"https:\/\/www.billigtrikotde.com\/sl\/wp-json\/wp\/v2\/media\/19153"}],"wp:attachment":[{"href":"https:\/\/www.billigtrikotde.com\/sl\/wp-json\/wp\/v2\/media?parent=19100"}],"wp:term":[{"taxonomy":"product_brand","embeddable":true,"href":"https:\/\/www.billigtrikotde.com\/sl\/wp-json\/wp\/v2\/product_brand?post=19100"},{"taxonomy":"product_cat","embeddable":true,"href":"https:\/\/www.billigtrikotde.com\/sl\/wp-json\/wp\/v2\/product_cat?post=19100"},{"taxonomy":"product_tag","embeddable":true,"href":"https:\/\/www.billigtrikotde.com\/sl\/wp-json\/wp\/v2\/product_tag?post=19100"}],"curies":[{"name":"wp","href":"https:\/\/api.w.org\/{rel}","templated":true}]}}