{"id":191,"date":"2024-10-23T12:09:01","date_gmt":"2024-10-23T10:09:01","guid":{"rendered":"http:\/\/billigtrikots.com\/?post_type=product&#038;p=191"},"modified":"2024-10-23T12:11:07","modified_gmt":"2024-10-23T10:11:07","slug":"fc-barcelona-2021-22-herren-heimtrikot-blau-rot-mit-aufdruck-umtiti-23","status":"publish","type":"product","link":"https:\/\/www.billigtrikotde.com\/sl\/fc-barcelona-2021-22-herren-heimtrikot-blau-rot-mit-aufdruck-umtiti-23\/","title":{"rendered":"FC Barcelona 2021\/22 Mo\u0161ka doma\u010da majica modra\/rde\u010da s potiskom UMTITI 23"},"content":{"rendered":"<p>Predstavi svojo ekipo v doma\u010dem dresu FC Barcelona na stadionu. Izjemno zra\u010dno material odvaja pot od ko\u017ee in zagotavlja hladen ob\u010dutek med no\u0161enjem na igri\u0161\u010du ali ob navijanju za svojo ekipo na tribunah. Ta izdelek je 100 % izdelan iz recikliranega poliestra.<\/p>\n<p>Nasveti za tiskanje: \u010ce sta ime in \u0161tevilka na sliki to\u010dno tak\u0161na, kot ju \u017eelite, ju ni treba ponovno vnesti. \u010ce ni tako, vnesite \u017eeleno ime in \u0161tevilko.<\/p>\n<p>Nasveti za pranje: Priporo\u010dljivo je, da nogometne majice perete ro\u010dno. \u010ce \u017eelite uporabiti pralni stroj, ne pozabite nogometne majice obrniti narobe in jih nato oprati. Stroj napolnite s hladno vodo in uporabite ob\u010dutljiv cikel, da bolje za\u0161\u010ditite barve.<\/p>","protected":false},"excerpt":{"rendered":"<p>Repr\u00e4sentiere dein Team im FC Barcelona Stadium Heimtrikot. Das \u00e4u\u00dferst atmungsaktive Material leitet den Schwei\u00df von der Haut ab und sorgt damit f\u00fcr k\u00fchlen Tragekomfort auf dem Spielfeld oder beim Anfeuern deines Teams auf der Trib\u00fcne. Dieses Produkt besteht zu 100 % aus recyceltem Polyester. Tipps zum Drucken: Wenn der Name und die Nummer auf [&hellip;]<\/p>","protected":false},"featured_media":226,"comment_status":"open","ping_status":"closed","template":"","meta":[],"product_brand":[],"product_cat":[31],"product_tag":[32,20,33,21,22,23,24],"class_list":{"0":"post-191","1":"product","2":"type-product","3":"status-publish","4":"has-post-thumbnail","6":"product_cat-fc-barcelona","7":"product_tag-barcelona-heimtrikot","8":"product_tag-coole-fussballtrikots","9":"product_tag-fc-barcelona-trikots","10":"product_tag-fussballtrikot-fuer-herren","11":"product_tag-fussballtrikot-guenstig-kaufen","12":"product_tag-fussballtrikot-kurzarm","13":"product_tag-guenstiges-fussballtrikot","15":"first","16":"instock","17":"shipping-taxable","18":"purchasable","19":"product-type-variable"},"_links":{"self":[{"href":"https:\/\/www.billigtrikotde.com\/sl\/wp-json\/wp\/v2\/product\/191","targetHints":{"allow":["GET"]}}],"collection":[{"href":"https:\/\/www.billigtrikotde.com\/sl\/wp-json\/wp\/v2\/product"}],"about":[{"href":"https:\/\/www.billigtrikotde.com\/sl\/wp-json\/wp\/v2\/types\/product"}],"replies":[{"embeddable":true,"href":"https:\/\/www.billigtrikotde.com\/sl\/wp-json\/wp\/v2\/comments?post=191"}],"wp:featuredmedia":[{"embeddable":true,"href":"https:\/\/www.billigtrikotde.com\/sl\/wp-json\/wp\/v2\/media\/226"}],"wp:attachment":[{"href":"https:\/\/www.billigtrikotde.com\/sl\/wp-json\/wp\/v2\/media?parent=191"}],"wp:term":[{"taxonomy":"product_brand","embeddable":true,"href":"https:\/\/www.billigtrikotde.com\/sl\/wp-json\/wp\/v2\/product_brand?post=191"},{"taxonomy":"product_cat","embeddable":true,"href":"https:\/\/www.billigtrikotde.com\/sl\/wp-json\/wp\/v2\/product_cat?post=191"},{"taxonomy":"product_tag","embeddable":true,"href":"https:\/\/www.billigtrikotde.com\/sl\/wp-json\/wp\/v2\/product_tag?post=191"}],"curies":[{"name":"wp","href":"https:\/\/api.w.org\/{rel}","templated":true}]}}