{"id":19098,"date":"2024-10-24T11:09:29","date_gmt":"2024-10-24T09:09:29","guid":{"rendered":"http:\/\/billigtrikots.com\/?post_type=product&#038;p=19098"},"modified":"2025-04-26T09:57:12","modified_gmt":"2025-04-26T07:57:12","slug":"neue-fussballtrikot-atletico-madrid-heimtrikot-2024-25-fuer-kinder","status":"publish","type":"product","link":"https:\/\/www.billigtrikotde.com\/sl\/neue-fussballtrikot-atletico-madrid-heimtrikot-2024-25-fuer-kinder\/","title":{"rendered":"Nova majica Atletico Madrid Home Shirt 2024-25 za otroke"},"content":{"rendered":"<p>Novi dres Atl\u00e9tico de Madrid za nogomet 2024-25 predstavlja edinstveno interpretacijo klasi\u010dnih rde\u010dih in belih \u010drt kluba. Dres Atl\u00e9tico Madrid 24-25 je ve\u010dinoma rde\u010d, z edinstvenimi belimi \u010drtami in modrim robom na zunanji strani. Znotraj \u010drt so naizmeni\u010dno modre in rde\u010de linije z efektom bledenja, ki poskrbi za edinstven videz.<\/p>\n<p>Nasveti za tiskanje: \u010ce sta ime in \u0161tevilka na sliki to\u010dno tak\u0161na, kot ju \u017eelite, ju ni treba ponovno vnesti. \u010ce ni tako, vnesite \u017eeleno ime in \u0161tevilko.<\/p>\n<p>Nasveti za pranje: Priporo\u010dljivo je, da nogometne majice perete ro\u010dno. \u010ce \u017eelite uporabiti pralni stroj, ne pozabite nogometne majice obrniti narobe in jih nato oprati. Stroj napolnite s hladno vodo in uporabite ob\u010dutljiv cikel, da bolje za\u0161\u010ditite barve.<\/p>","protected":false},"excerpt":{"rendered":"<p>Novi dres Atl\u00e9tico de Madrid za nogomet 2024-25 predstavlja edinstveno interpretacijo klasi\u010dnih rde\u010dih in belih \u010drt kluba. Dres Atl\u00e9tico Madrid 24-25 je ve\u010dinoma rde\u010d, z edinstvenimi belimi \u010drtami in modrim robom na zunanji strani. Znotraj \u010drt so naizmeni\u010dno modre in rde\u010de linije z efektom bledenja, ki poskrbi za edinstven videz.<\/p>","protected":false},"featured_media":19151,"comment_status":"open","ping_status":"closed","template":"","meta":[],"product_brand":[],"product_cat":[157],"product_tag":[868,869,158,20,215,94],"class_list":{"0":"post-19098","1":"product","2":"type-product","3":"status-publish","4":"has-post-thumbnail","6":"product_cat-atletico-madrid-kindertrikot","7":"product_tag-atletico-madrid-fussballtrikots-kinder","8":"product_tag-atletico-madrid-trikot-fuer-kinder","9":"product_tag-atletico-madrid-trikotsatz-fuer-kinder","10":"product_tag-coole-fussballtrikots","11":"product_tag-fussball-trikot-kurzarm","12":"product_tag-kinder-fussball-trikotsatz","14":"first","15":"instock","16":"shipping-taxable","17":"purchasable","18":"product-type-variable"},"_links":{"self":[{"href":"https:\/\/www.billigtrikotde.com\/sl\/wp-json\/wp\/v2\/product\/19098","targetHints":{"allow":["GET"]}}],"collection":[{"href":"https:\/\/www.billigtrikotde.com\/sl\/wp-json\/wp\/v2\/product"}],"about":[{"href":"https:\/\/www.billigtrikotde.com\/sl\/wp-json\/wp\/v2\/types\/product"}],"replies":[{"embeddable":true,"href":"https:\/\/www.billigtrikotde.com\/sl\/wp-json\/wp\/v2\/comments?post=19098"}],"wp:featuredmedia":[{"embeddable":true,"href":"https:\/\/www.billigtrikotde.com\/sl\/wp-json\/wp\/v2\/media\/19151"}],"wp:attachment":[{"href":"https:\/\/www.billigtrikotde.com\/sl\/wp-json\/wp\/v2\/media?parent=19098"}],"wp:term":[{"taxonomy":"product_brand","embeddable":true,"href":"https:\/\/www.billigtrikotde.com\/sl\/wp-json\/wp\/v2\/product_brand?post=19098"},{"taxonomy":"product_cat","embeddable":true,"href":"https:\/\/www.billigtrikotde.com\/sl\/wp-json\/wp\/v2\/product_cat?post=19098"},{"taxonomy":"product_tag","embeddable":true,"href":"https:\/\/www.billigtrikotde.com\/sl\/wp-json\/wp\/v2\/product_tag?post=19098"}],"curies":[{"name":"wp","href":"https:\/\/api.w.org\/{rel}","templated":true}]}}