{"id":19072,"date":"2024-10-24T11:08:15","date_gmt":"2024-10-24T09:08:15","guid":{"rendered":"http:\/\/billigtrikots.com\/?post_type=product&#038;p=19072"},"modified":"2024-10-24T11:11:10","modified_gmt":"2024-10-24T09:11:10","slug":"fussballtrikot-kinder-guenstig-england-heimtrikot-em-2024-kyle-walker-2","status":"publish","type":"product","link":"https:\/\/www.billigtrikotde.com\/sl\/fussballtrikot-kinder-guenstig-england-heimtrikot-em-2024-kyle-walker-2\/","title":{"rendered":"Otro\u0161ka nogometna majica Poceni Anglija Doma\u010da majica Euro 2024 Kyle Walker 2"},"content":{"rendered":"<p>Dres Anglije za Euro 2024 je velika sprememba v primerjavi s prej\u0161njimi doma\u010dimi majicami Anglije. Nogometna majica Anglija 2024 zdru\u017euje klasi\u010dno belo barvo dr\u017eave s temno mornarsko modro in bordo\/svetlo rde\u010dimi detajli. Uporablja posebej izdelan ovratnik, ki je kombinacija klasi\u010dnega V ovratnika in polo ovratnika, man\u0161ete doma\u010de majice Anglija 2024 pa so zaklju\u010dene z elegantnimi mornarsko modrimi\/svetlo rde\u010dimi\/bordo \u010drtami.<\/p>\n<p>Nasveti za tiskanje: \u010ce sta ime in \u0161tevilka na sliki to\u010dno tak\u0161na, kot ju \u017eelite, ju ni treba ponovno vnesti. \u010ce ni tako, vnesite \u017eeleno ime in \u0161tevilko.<\/p>\n<p>Nasveti za pranje: Priporo\u010dljivo je, da nogometne majice perete ro\u010dno. \u010ce \u017eelite uporabiti pralni stroj, ne pozabite nogometne majice obrniti narobe in jih nato oprati. Stroj napolnite s hladno vodo in uporabite ob\u010dutljiv cikel, da bolje za\u0161\u010ditite barve.<\/p>","protected":false},"excerpt":{"rendered":"<p>Das England Euro 2024 Trikot ist eine starke Ver\u00e4nderung gegen\u00fcber den bisherigen England Heimtrikots. Das England 2024 Fu\u00dfballtrikot kombiniert das klassische Wei\u00df des Landes mit einem dunklen Marineblau und kastanienbraunen\/hellroten Details. It verwendet einen speziell konstruierten Kragen, der eine Kombination aus einem klassischen V-Kragen und einem Polokragen ist.Die \u00c4rmelb\u00fcndchen des England 2024 Heimtrikots sind mit [&hellip;]<\/p>","protected":false},"featured_media":19119,"comment_status":"open","ping_status":"closed","template":"","meta":[],"product_brand":[],"product_cat":[1096],"product_tag":[20,1076,1235,22,23,1250,24,1251,1252],"class_list":{"0":"post-19072","1":"product","2":"type-product","3":"status-publish","4":"has-post-thumbnail","6":"product_cat-em-2024-england","7":"product_tag-coole-fussballtrikots","8":"product_tag-em-2024-trikot","9":"product_tag-england-em-2024-trikot-kinder-kaufen","10":"product_tag-fussballtrikot-guenstig-kaufen","11":"product_tag-fussballtrikot-kurzarm","12":"product_tag-guenstige-kyle-walker-trikot-kinder","13":"product_tag-guenstiges-fussballtrikot","14":"product_tag-kyle-walker-trikot-kinder-kaufen","15":"product_tag-kyle-walker-trikots","17":"first","18":"instock","19":"shipping-taxable","20":"purchasable","21":"product-type-variable"},"_links":{"self":[{"href":"https:\/\/www.billigtrikotde.com\/sl\/wp-json\/wp\/v2\/product\/19072","targetHints":{"allow":["GET"]}}],"collection":[{"href":"https:\/\/www.billigtrikotde.com\/sl\/wp-json\/wp\/v2\/product"}],"about":[{"href":"https:\/\/www.billigtrikotde.com\/sl\/wp-json\/wp\/v2\/types\/product"}],"replies":[{"embeddable":true,"href":"https:\/\/www.billigtrikotde.com\/sl\/wp-json\/wp\/v2\/comments?post=19072"}],"wp:featuredmedia":[{"embeddable":true,"href":"https:\/\/www.billigtrikotde.com\/sl\/wp-json\/wp\/v2\/media\/19119"}],"wp:attachment":[{"href":"https:\/\/www.billigtrikotde.com\/sl\/wp-json\/wp\/v2\/media?parent=19072"}],"wp:term":[{"taxonomy":"product_brand","embeddable":true,"href":"https:\/\/www.billigtrikotde.com\/sl\/wp-json\/wp\/v2\/product_brand?post=19072"},{"taxonomy":"product_cat","embeddable":true,"href":"https:\/\/www.billigtrikotde.com\/sl\/wp-json\/wp\/v2\/product_cat?post=19072"},{"taxonomy":"product_tag","embeddable":true,"href":"https:\/\/www.billigtrikotde.com\/sl\/wp-json\/wp\/v2\/product_tag?post=19072"}],"curies":[{"name":"wp","href":"https:\/\/api.w.org\/{rel}","templated":true}]}}