{"id":19005,"date":"2024-10-24T11:05:55","date_gmt":"2024-10-24T09:05:55","guid":{"rendered":"http:\/\/billigtrikots.com\/?post_type=product&#038;p=19005"},"modified":"2024-10-24T11:07:15","modified_gmt":"2024-10-24T09:07:15","slug":"kinder-fussballtrikot-set-manchester-city-heimtrikotsatz-2024-25-blau-weiss-ruben-dias-3","status":"publish","type":"product","link":"https:\/\/www.billigtrikotde.com\/sl\/kinder-fussballtrikot-set-manchester-city-heimtrikotsatz-2024-25-blau-weiss-ruben-dias-3\/","title":{"rendered":"Otro\u0161ka nogometna majica Manchester City Home Kit 2024-25 modra bela Ruben Dias 3"},"content":{"rendered":"<p>Nova majica Man City 2024-25 ima klasi\u010dno nebesno modro barvo v kombinaciji z mornari\u0161kimi aplikacijami in belimi logotipi, zaradi \u010desar majica Manchester City 24-25 izstopa, pa so ovratnik in man\u0161ete. Oba imata edinstveno grafiko 0161, navdihnjeno z grafiti, ki je poklon obmo\u010dju 0161 v Manchestru. Telefonska koda 0161 pokriva velik del velikega Manchestra, vklju\u010dno s sredi\u0161\u010dem mesta in okoli\u0161kimi obmo\u010dji.<\/p>\n<p>Nasveti za tiskanje: \u010ce sta ime in \u0161tevilka na sliki to\u010dno tak\u0161na, kot ju \u017eelite, ju ni treba ponovno vnesti. \u010ce ni tako, vnesite \u017eeleno ime in \u0161tevilko.<\/p>\n<p>Nasveti za pranje: Priporo\u010dljivo je, da nogometne majice perete ro\u010dno. \u010ce \u017eelite uporabiti pralni stroj, ne pozabite nogometne majice obrniti narobe in jih nato oprati. Stroj napolnite s hladno vodo in uporabite ob\u010dutljiv cikel, da bolje za\u0161\u010ditite barve.<\/p>","protected":false},"excerpt":{"rendered":"<p>Das neue Man City 2024-25 Trikot hat die klassische himmelblaue Farbe kombiniert mit navyfarbenen Applikationen und wei\u00dfen Logos.Was das Manchester City 24-25 Trikot besonders auszeichnet, sind der Kragen und die \u00c4rmelb\u00fcndchen. Beide sind mit einer einzigartigen, von Graffiti inspirierten 0161-Grafik versehen, die eine Hommage an den 0161-Bereich von Manchester ist. Die Telefonvorwahl 0161 deckt einen [&hellip;]<\/p>","protected":false},"featured_media":19021,"comment_status":"closed","ping_status":"closed","template":"","meta":[],"product_brand":[],"product_cat":[144],"product_tag":[20,22,23,24,1231],"class_list":{"0":"post-19005","1":"product","2":"type-product","3":"status-publish","4":"has-post-thumbnail","6":"product_cat-manchester-city-kindertrikot","7":"product_tag-coole-fussballtrikots","8":"product_tag-fussballtrikot-guenstig-kaufen","9":"product_tag-fussballtrikot-kurzarm","10":"product_tag-guenstiges-fussballtrikot","11":"product_tag-ruben-dias-trikots","13":"first","14":"instock","15":"purchasable","16":"product-type-variable"},"_links":{"self":[{"href":"https:\/\/www.billigtrikotde.com\/sl\/wp-json\/wp\/v2\/product\/19005","targetHints":{"allow":["GET"]}}],"collection":[{"href":"https:\/\/www.billigtrikotde.com\/sl\/wp-json\/wp\/v2\/product"}],"about":[{"href":"https:\/\/www.billigtrikotde.com\/sl\/wp-json\/wp\/v2\/types\/product"}],"replies":[{"embeddable":true,"href":"https:\/\/www.billigtrikotde.com\/sl\/wp-json\/wp\/v2\/comments?post=19005"}],"wp:featuredmedia":[{"embeddable":true,"href":"https:\/\/www.billigtrikotde.com\/sl\/wp-json\/wp\/v2\/media\/19021"}],"wp:attachment":[{"href":"https:\/\/www.billigtrikotde.com\/sl\/wp-json\/wp\/v2\/media?parent=19005"}],"wp:term":[{"taxonomy":"product_brand","embeddable":true,"href":"https:\/\/www.billigtrikotde.com\/sl\/wp-json\/wp\/v2\/product_brand?post=19005"},{"taxonomy":"product_cat","embeddable":true,"href":"https:\/\/www.billigtrikotde.com\/sl\/wp-json\/wp\/v2\/product_cat?post=19005"},{"taxonomy":"product_tag","embeddable":true,"href":"https:\/\/www.billigtrikotde.com\/sl\/wp-json\/wp\/v2\/product_tag?post=19005"}],"curies":[{"name":"wp","href":"https:\/\/api.w.org\/{rel}","templated":true}]}}