{"id":18933,"date":"2024-10-24T11:02:59","date_gmt":"2024-10-24T09:02:59","guid":{"rendered":"http:\/\/billigtrikots.com\/?post_type=product&#038;p=18933"},"modified":"2024-10-24T11:04:21","modified_gmt":"2024-10-24T09:04:21","slug":"fussballtrikot-outlet-kinder-spanien-auswaerts-trikotsatzt-em-2024-pedri-gonzalez-20","status":"publish","type":"product","link":"https:\/\/www.billigtrikotde.com\/sl\/fussballtrikot-outlet-kinder-spanien-auswaerts-trikotsatzt-em-2024-pedri-gonzalez-20\/","title":{"rendered":"Nogometna majica Outlet Otroci \u0160panija Away Kit Euro 2024 Pedri Gonzalez 20"},"content":{"rendered":"<p>Izletni\u0161ki komplet \u0160panija 2024 ima sve\u017eo in privla\u010dno barvno kombinacijo. Ve\u010dinoma je bledo neonsko rumene barve, ki so jo verjetno navdihnile pe\u0161\u010dene sipine te dr\u017eave, edinstvena zna\u010dilnost gostujo\u010dega kompleta Spain Euro 2024 pa so platnice - na svetlo modrih platnicah je grafika pe\u0161\u010dene sipine.<\/p>\n<p>Nasveti za tiskanje: \u010ce sta ime in \u0161tevilka na sliki to\u010dno tak\u0161na, kot ju \u017eelite, ju ni treba ponovno vnesti. \u010ce ni tako, vnesite \u017eeleno ime in \u0161tevilko.<\/p>\n<p>Nasveti za pranje: Priporo\u010dljivo je, da nogometne majice perete ro\u010dno. \u010ce \u017eelite uporabiti pralni stroj, ne pozabite nogometne majice obrniti narobe in jih nato oprati. Stroj napolnite s hladno vodo in uporabite ob\u010dutljiv cikel, da bolje za\u0161\u010ditite barve.<\/p>","protected":false},"excerpt":{"rendered":"<p>\u0160panska 2024 doma\u010da majica ima sve\u017eo in izrazito barvno kombinacijo. Glavna je blekasto neonsko rumena, morda navdihnjena z dunes of sand of the country. Edinstvena zna\u010dilnost doma\u010de majice \u0160panije Euro 2024 so paneli \u2013 svetlim modrim panelom je dodana grafika pe\u0161\u010denih sip. Nasveti za tiskanje: \u010ce je ime in \u0161tevilka na sliki natan\u010dna [\u2026]<\/p>","protected":false},"featured_media":18949,"comment_status":"closed","ping_status":"closed","template":"","meta":[],"product_brand":[],"product_cat":[1079],"product_tag":[20,1076,22,23,24,1227],"class_list":{"0":"post-18933","1":"product","2":"type-product","3":"status-publish","4":"has-post-thumbnail","6":"product_cat-em-2024-spanien","7":"product_tag-coole-fussballtrikots","8":"product_tag-em-2024-trikot","9":"product_tag-fussballtrikot-guenstig-kaufen","10":"product_tag-fussballtrikot-kurzarm","11":"product_tag-guenstiges-fussballtrikot","12":"product_tag-pedri-gonzalez-trikots","14":"first","15":"instock","16":"purchasable","17":"product-type-variable"},"_links":{"self":[{"href":"https:\/\/www.billigtrikotde.com\/sl\/wp-json\/wp\/v2\/product\/18933","targetHints":{"allow":["GET"]}}],"collection":[{"href":"https:\/\/www.billigtrikotde.com\/sl\/wp-json\/wp\/v2\/product"}],"about":[{"href":"https:\/\/www.billigtrikotde.com\/sl\/wp-json\/wp\/v2\/types\/product"}],"replies":[{"embeddable":true,"href":"https:\/\/www.billigtrikotde.com\/sl\/wp-json\/wp\/v2\/comments?post=18933"}],"wp:featuredmedia":[{"embeddable":true,"href":"https:\/\/www.billigtrikotde.com\/sl\/wp-json\/wp\/v2\/media\/18949"}],"wp:attachment":[{"href":"https:\/\/www.billigtrikotde.com\/sl\/wp-json\/wp\/v2\/media?parent=18933"}],"wp:term":[{"taxonomy":"product_brand","embeddable":true,"href":"https:\/\/www.billigtrikotde.com\/sl\/wp-json\/wp\/v2\/product_brand?post=18933"},{"taxonomy":"product_cat","embeddable":true,"href":"https:\/\/www.billigtrikotde.com\/sl\/wp-json\/wp\/v2\/product_cat?post=18933"},{"taxonomy":"product_tag","embeddable":true,"href":"https:\/\/www.billigtrikotde.com\/sl\/wp-json\/wp\/v2\/product_tag?post=18933"}],"curies":[{"name":"wp","href":"https:\/\/api.w.org\/{rel}","templated":true}]}}