{"id":18836,"date":"2024-10-24T10:57:51","date_gmt":"2024-10-24T08:57:51","guid":{"rendered":"http:\/\/billigtrikots.com\/?post_type=product&#038;p=18836"},"modified":"2024-10-24T11:00:38","modified_gmt":"2024-10-24T09:00:38","slug":"billige-damen-frankreichs-trikots-fuer-die-europameisterschaft-2024-auswaertstrikot-jules-kounde-5","status":"publish","type":"product","link":"https:\/\/www.billigtrikotde.com\/sl\/billige-damen-frankreichs-trikots-fuer-die-europameisterschaft-2024-auswaertstrikot-jules-kounde-5\/","title":{"rendered":"Poceni \u017eenske majice Francija za Evropsko prvenstvo 2024 Jules Kounde 5"},"content":{"rendered":"<p>Francoska gostujo\u010da majica za Euro 2024 sezone izven doma\u010dih barv zdru\u017euje belo osnovno barvo z kraljevsko modro. Najopaznej\u0161i je iglasto narejen motiv \u2013 poteka od modre (desna stran) do rde\u010de (leva stran). Gostujo\u010da majica za Euro 2024 ima modni ovratnik in modre rokavne robove. Na sprednji strani izstopa ogromna, popolnoma barvna grb Francije, ki se prvi\u010d pojavi na Euro 2024 in verjetno bo uporabljena tudi po turnirju.<\/p>\n<p>Na doma\u010dem in gostujo\u010dem dresu za evropsko prvenstvo Francije 2024 bo nov barvni grb v velikem formatu, ki je ve\u010dji od prej\u0161njih dresov Francije. Vendar bo povr\u0161ina grba Francije \u0161e naprej v skladu s pravili FIFA za drese.<\/p>\n<p>Nasveti za tiskanje: \u010ce sta ime in \u0161tevilka na sliki to\u010dno tak\u0161na, kot ju \u017eelite, ju ni treba ponovno vnesti. \u010ce ni tako, vnesite \u017eeleno ime in \u0161tevilko.<\/p>\n<p>Nasveti za pranje: Priporo\u010dljivo je, da nogometne majice perete ro\u010dno. \u010ce \u017eelite uporabiti pralni stroj, ne pozabite nogometne majice obrniti narobe in jih nato oprati. Stroj napolnite s hladno vodo in uporabite ob\u010dutljiv cikel, da bolje za\u0161\u010ditite barve.<\/p>","protected":false},"excerpt":{"rendered":"<p>Das Frankreich Euro 2024 Ausw\u00e4rtstrikot kombiniert eine wei\u00dfe Grundfarbe mit einem K\u00f6nigsblau. Am auff\u00e4lligsten ist das Nadelstreifendesign \u2013 es geht von Blau (rechte Seite) zu Rot (linke Seite). Das Frankreich Euro 2024 Ausw\u00e4rtstrikot hat einen blauen Kragen und blaue \u00c4rmelb\u00fcndchen. Was auf der Vorderseite auff\u00e4llt, ist das riesige, voll farbige Frankreich-Wappen, das erstmals bei der [&hellip;]<\/p>","protected":false},"featured_media":18876,"comment_status":"closed","ping_status":"closed","template":"","meta":[],"product_brand":[],"product_cat":[1098],"product_tag":[20,1076,22,23,24,1218],"class_list":{"0":"post-18836","1":"product","2":"type-product","3":"status-publish","4":"has-post-thumbnail","6":"product_cat-em-2024-frankreich","7":"product_tag-coole-fussballtrikots","8":"product_tag-em-2024-trikot","9":"product_tag-fussballtrikot-guenstig-kaufen","10":"product_tag-fussballtrikot-kurzarm","11":"product_tag-guenstiges-fussballtrikot","12":"product_tag-jules-kounde-trikots","14":"first","15":"instock","16":"purchasable","17":"product-type-variable"},"_links":{"self":[{"href":"https:\/\/www.billigtrikotde.com\/sl\/wp-json\/wp\/v2\/product\/18836","targetHints":{"allow":["GET"]}}],"collection":[{"href":"https:\/\/www.billigtrikotde.com\/sl\/wp-json\/wp\/v2\/product"}],"about":[{"href":"https:\/\/www.billigtrikotde.com\/sl\/wp-json\/wp\/v2\/types\/product"}],"replies":[{"embeddable":true,"href":"https:\/\/www.billigtrikotde.com\/sl\/wp-json\/wp\/v2\/comments?post=18836"}],"wp:featuredmedia":[{"embeddable":true,"href":"https:\/\/www.billigtrikotde.com\/sl\/wp-json\/wp\/v2\/media\/18876"}],"wp:attachment":[{"href":"https:\/\/www.billigtrikotde.com\/sl\/wp-json\/wp\/v2\/media?parent=18836"}],"wp:term":[{"taxonomy":"product_brand","embeddable":true,"href":"https:\/\/www.billigtrikotde.com\/sl\/wp-json\/wp\/v2\/product_brand?post=18836"},{"taxonomy":"product_cat","embeddable":true,"href":"https:\/\/www.billigtrikotde.com\/sl\/wp-json\/wp\/v2\/product_cat?post=18836"},{"taxonomy":"product_tag","embeddable":true,"href":"https:\/\/www.billigtrikotde.com\/sl\/wp-json\/wp\/v2\/product_tag?post=18836"}],"curies":[{"name":"wp","href":"https:\/\/api.w.org\/{rel}","templated":true}]}}