{"id":18821,"date":"2024-10-24T10:56:49","date_gmt":"2024-10-24T08:56:49","guid":{"rendered":"http:\/\/billigtrikots.com\/?post_type=product&#038;p=18821"},"modified":"2024-10-24T11:00:01","modified_gmt":"2024-10-24T09:00:01","slug":"fussballtrikot-damen-paris-saint-germain-psg-heimtrikot-2024-25-kurzarm","status":"publish","type":"product","link":"https:\/\/www.billigtrikotde.com\/sl\/fussballtrikot-damen-paris-saint-germain-psg-heimtrikot-2024-25-kurzarm\/","title":{"rendered":"\u017denska majica Paris Saint-Germain PSG Home Shirt 2024-25 s kratkimi rokavi"},"content":{"rendered":"<p>Spletna stran <strong>Dres PSG 2024-25<\/strong> se vra\u010da v klubski klasi\u010dni Hechter. Zadnji dres Paris Saint-Germain s klasi\u010dnim Hechterjem je bil dres za sezono 2020-21.<\/p>\n<p>Nasveti za tiskanje: \u010ce sta ime in \u0161tevilka na sliki to\u010dno tak\u0161na, kot ju \u017eelite, ju ni treba ponovno vnesti. \u010ce ni tako, vnesite \u017eeleno ime in \u0161tevilko.<\/p>\n<p>Nasveti za pranje: Priporo\u010dljivo je, da nogometne majice perete ro\u010dno. \u010ce \u017eelite uporabiti pralni stroj, ne pozabite nogometne majice obrniti narobe in jih nato oprati. Stroj napolnite s hladno vodo in uporabite ob\u010dutljiv cikel, da bolje za\u0161\u010ditite barve.<\/p>","protected":false},"excerpt":{"rendered":"<p>Triko PSG 2024-25 se vra\u010da k klasi\u010dnemu hechterju kluba. Zadnje triko Paris Saint-Germain s klasi\u010dnim hechterjem je bilo triko 2020-21. Navodila za tiskanje: \u010ce je ime in \u0161tevilka na sliki to\u010dno tak\u0161na, kot \u017eelite, ju ne boste morali ponovno vnositi. \u010ce ni tako, morate vnesti \u017eeleno ime [\u2026]<\/p>","protected":false},"featured_media":18865,"comment_status":"open","ping_status":"closed","template":"","meta":[],"product_brand":[],"product_cat":[536],"product_tag":[20,574,21,24,484,485,41,1212,1213],"class_list":{"0":"post-18821","1":"product","2":"type-product","3":"status-publish","4":"has-post-thumbnail","6":"product_cat-paris-saint-germain-psg-damen-trikot","7":"product_tag-coole-fussballtrikots","8":"product_tag-fussballtrikot-deutschland","9":"product_tag-fussballtrikot-fuer-herren","10":"product_tag-guenstiges-fussballtrikot","11":"product_tag-paris-saint-germain-psg-fussballtrikot","12":"product_tag-paris-saint-germain-psg-trikot","13":"product_tag-paris-saint-germain-trikots","14":"product_tag-psg-2024-25-heimtrikots","15":"product_tag-psg-24-25-trikot","17":"first","18":"instock","19":"shipping-taxable","20":"purchasable","21":"product-type-variable"},"_links":{"self":[{"href":"https:\/\/www.billigtrikotde.com\/sl\/wp-json\/wp\/v2\/product\/18821","targetHints":{"allow":["GET"]}}],"collection":[{"href":"https:\/\/www.billigtrikotde.com\/sl\/wp-json\/wp\/v2\/product"}],"about":[{"href":"https:\/\/www.billigtrikotde.com\/sl\/wp-json\/wp\/v2\/types\/product"}],"replies":[{"embeddable":true,"href":"https:\/\/www.billigtrikotde.com\/sl\/wp-json\/wp\/v2\/comments?post=18821"}],"wp:featuredmedia":[{"embeddable":true,"href":"https:\/\/www.billigtrikotde.com\/sl\/wp-json\/wp\/v2\/media\/18865"}],"wp:attachment":[{"href":"https:\/\/www.billigtrikotde.com\/sl\/wp-json\/wp\/v2\/media?parent=18821"}],"wp:term":[{"taxonomy":"product_brand","embeddable":true,"href":"https:\/\/www.billigtrikotde.com\/sl\/wp-json\/wp\/v2\/product_brand?post=18821"},{"taxonomy":"product_cat","embeddable":true,"href":"https:\/\/www.billigtrikotde.com\/sl\/wp-json\/wp\/v2\/product_cat?post=18821"},{"taxonomy":"product_tag","embeddable":true,"href":"https:\/\/www.billigtrikotde.com\/sl\/wp-json\/wp\/v2\/product_tag?post=18821"}],"curies":[{"name":"wp","href":"https:\/\/api.w.org\/{rel}","templated":true}]}}