{"id":18740,"date":"2024-10-24T10:51:45","date_gmt":"2024-10-24T08:51:45","guid":{"rendered":"http:\/\/billigtrikots.com\/?post_type=product&#038;p=18740"},"modified":"2024-10-24T10:54:58","modified_gmt":"2024-10-24T08:54:58","slug":"kinder-niederlande-uefa-euro-2024-auswaertstrikot-matthijs-de-ligt-3","status":"publish","type":"product","link":"https:\/\/www.billigtrikotde.com\/sl\/kinder-niederlande-uefa-euro-2024-auswaertstrikot-matthijs-de-ligt-3\/","title":{"rendered":"Otroci Nizozemska UEFA Euro 2024 Away Jersey Matthijs de Ligt 3"},"content":{"rendered":"<p>Srajca Nizozemske 2024 je ve\u010dinoma mornarsko modra (\"Blue Void\"), sekundarne barve pa so oran\u017ena, turkizna in bela. To je podobna barvna paleta kot na doma\u010dem dresu Nizozemske, seveda v druga\u010dnem vrstnem redu, zato gostujo\u010di dres Nizozemske za Euro 2024 izstopa po dizajnu. Na sprednji in zadnji strani ter na rokavih ima oran\u017eno-modri vzorec.<\/p>\n<p>Nasveti za tiskanje: \u010ce sta ime in \u0161tevilka na sliki to\u010dno tak\u0161na, kot ju \u017eelite, ju ni treba ponovno vnesti. \u010ce ni tako, vnesite \u017eeleno ime in \u0161tevilko.<\/p>\n<p>Nasveti za pranje: Priporo\u010dljivo je, da nogometne majice perete ro\u010dno. \u010ce \u017eelite uporabiti pralni stroj, ne pozabite nogometne majice obrniti narobe in jih nato oprati. Stroj napolnite s hladno vodo in uporabite ob\u010dutljiv cikel, da bolje za\u0161\u010ditite barve.<\/p>","protected":false},"excerpt":{"rendered":"<p>Srajca Nizozemske 2024 je ve\u010dinoma mornarsko modra (\"Blue Void\"), sekundarne barve pa so oran\u017ena, turkizna in bela. To je podobna barvna paleta kot na doma\u010dem dresu Nizozemske, seveda v druga\u010dnem vrstnem redu, zato gostujo\u010di dres Nizozemske za Euro 2024 izstopa po dizajnu. Na sprednji in zadnji strani ter na rokavih ima oran\u017eno-modri vzorec.<\/p>","protected":false},"featured_media":18779,"comment_status":"open","ping_status":"closed","template":"","meta":[],"product_brand":[],"product_cat":[1102],"product_tag":[20,1076,1077,21,22,23,24,1103],"class_list":{"0":"post-18740","1":"product","2":"type-product","3":"status-publish","4":"has-post-thumbnail","6":"product_cat-em-2024-niederlande","7":"product_tag-coole-fussballtrikots","8":"product_tag-em-2024-trikot","9":"product_tag-em-2024-trikot-herren","10":"product_tag-fussballtrikot-fuer-herren","11":"product_tag-fussballtrikot-guenstig-kaufen","12":"product_tag-fussballtrikot-kurzarm","13":"product_tag-guenstiges-fussballtrikot","14":"product_tag-niederlande-trikot-em-2024","16":"first","17":"instock","18":"shipping-taxable","19":"purchasable","20":"product-type-variable"},"_links":{"self":[{"href":"https:\/\/www.billigtrikotde.com\/sl\/wp-json\/wp\/v2\/product\/18740","targetHints":{"allow":["GET"]}}],"collection":[{"href":"https:\/\/www.billigtrikotde.com\/sl\/wp-json\/wp\/v2\/product"}],"about":[{"href":"https:\/\/www.billigtrikotde.com\/sl\/wp-json\/wp\/v2\/types\/product"}],"replies":[{"embeddable":true,"href":"https:\/\/www.billigtrikotde.com\/sl\/wp-json\/wp\/v2\/comments?post=18740"}],"wp:featuredmedia":[{"embeddable":true,"href":"https:\/\/www.billigtrikotde.com\/sl\/wp-json\/wp\/v2\/media\/18779"}],"wp:attachment":[{"href":"https:\/\/www.billigtrikotde.com\/sl\/wp-json\/wp\/v2\/media?parent=18740"}],"wp:term":[{"taxonomy":"product_brand","embeddable":true,"href":"https:\/\/www.billigtrikotde.com\/sl\/wp-json\/wp\/v2\/product_brand?post=18740"},{"taxonomy":"product_cat","embeddable":true,"href":"https:\/\/www.billigtrikotde.com\/sl\/wp-json\/wp\/v2\/product_cat?post=18740"},{"taxonomy":"product_tag","embeddable":true,"href":"https:\/\/www.billigtrikotde.com\/sl\/wp-json\/wp\/v2\/product_tag?post=18740"}],"curies":[{"name":"wp","href":"https:\/\/api.w.org\/{rel}","templated":true}]}}