{"id":18711,"date":"2024-10-24T10:50:04","date_gmt":"2024-10-24T08:50:04","guid":{"rendered":"http:\/\/billigtrikots.com\/?post_type=product&#038;p=18711"},"modified":"2024-10-24T10:52:43","modified_gmt":"2024-10-24T08:52:43","slug":"trikotsatz-herren-fussball-portugal-trikot-em-2024-heimtrikot-rot-ronaldo-7","status":"publish","type":"product","link":"https:\/\/www.billigtrikotde.com\/sl\/trikotsatz-herren-fussball-portugal-trikot-em-2024-heimtrikot-rot-ronaldo-7\/","title":{"rendered":"Nogometna majica Mo\u0161ka nogometna majica Portugalska Euro 2024 Home Shirt Red Ronaldo 7"},"content":{"rendered":"<p>Doma\u010di dres Portugalske za Euro 2024 ima klasi\u010dno rde\u010do nacionalno barvo, vendar v kombinaciji z drugimi barvami kot v zadnjih letih. V glavnem je rde\u010da, kombinirana z zelenimi in \u010drnimi aplikacijami ter svetlo be\u017e barvo za sovoosh ter imena in \u0161tevilke. Uradne barve so \"univerzitetna rde\u010da\/borovo zelena\/\u017earela\".<\/p>\n<p>Doma\u010di dres Portugalske za Euro 2024 ima \u010drn, kontrastni ovratnik z zelenimi podrobnostmi - enak kontrastni ovratnik je viden tudi na doma\u010dem dresu Francije in gostujo\u010dem dresu Nizozemske za Euro 2024. \u010crno-zelena barva je uporabljena tudi za man\u0161ete in stranske dele.<\/p>\n<p>Nasveti za tiskanje: \u010ce sta ime in \u0161tevilka na sliki to\u010dno tak\u0161na, kot ju \u017eelite, ju ni treba ponovno vnesti. \u010ce ni tako, vnesite \u017eeleno ime in \u0161tevilko.<\/p>\n<p>Nasveti za pranje: Priporo\u010dljivo je, da nogometne majice perete ro\u010dno. \u010ce \u017eelite uporabiti pralni stroj, ne pozabite nogometne majice obrniti narobe in jih nato oprati. Stroj napolnite s hladno vodo in uporabite ob\u010dutljiv cikel, da bolje za\u0161\u010ditite barve.<\/p>","protected":false},"excerpt":{"rendered":"<p>Portugalova doma\u010da majica za EV 2024 prikazuje klasi\u010dno rde\u010do dr\u017eavno barvo, vendar v kombinaciji z drugimi barvami kot v zadnjih letih. Glavna je rde\u010da, kombinirana z zelenimi in \u010drnimi aplicacijami, plus svetlo be\u017e za Sowoosh ter imena in \u0161tevilke. Uradno so barve \u201eUniversity Red\/Pine Green\/Sail\u201c. Portugalska doma\u010da majica za EV [\u2026]<\/p>","protected":false},"featured_media":18752,"comment_status":"open","ping_status":"closed","template":"","meta":[],"product_brand":[],"product_cat":[1094],"product_tag":[20,21,22,24,1200,1095],"class_list":{"0":"post-18711","1":"product","2":"type-product","3":"status-publish","4":"has-post-thumbnail","6":"product_cat-em-2024-portugal","7":"product_tag-coole-fussballtrikots","8":"product_tag-fussballtrikot-fuer-herren","9":"product_tag-fussballtrikot-guenstig-kaufen","10":"product_tag-guenstiges-fussballtrikot","11":"product_tag-portugal-trikot-2024","12":"product_tag-portugal-trikot-em-2024","14":"first","15":"instock","16":"shipping-taxable","17":"purchasable","18":"product-type-variable"},"_links":{"self":[{"href":"https:\/\/www.billigtrikotde.com\/sl\/wp-json\/wp\/v2\/product\/18711","targetHints":{"allow":["GET"]}}],"collection":[{"href":"https:\/\/www.billigtrikotde.com\/sl\/wp-json\/wp\/v2\/product"}],"about":[{"href":"https:\/\/www.billigtrikotde.com\/sl\/wp-json\/wp\/v2\/types\/product"}],"replies":[{"embeddable":true,"href":"https:\/\/www.billigtrikotde.com\/sl\/wp-json\/wp\/v2\/comments?post=18711"}],"wp:featuredmedia":[{"embeddable":true,"href":"https:\/\/www.billigtrikotde.com\/sl\/wp-json\/wp\/v2\/media\/18752"}],"wp:attachment":[{"href":"https:\/\/www.billigtrikotde.com\/sl\/wp-json\/wp\/v2\/media?parent=18711"}],"wp:term":[{"taxonomy":"product_brand","embeddable":true,"href":"https:\/\/www.billigtrikotde.com\/sl\/wp-json\/wp\/v2\/product_brand?post=18711"},{"taxonomy":"product_cat","embeddable":true,"href":"https:\/\/www.billigtrikotde.com\/sl\/wp-json\/wp\/v2\/product_cat?post=18711"},{"taxonomy":"product_tag","embeddable":true,"href":"https:\/\/www.billigtrikotde.com\/sl\/wp-json\/wp\/v2\/product_tag?post=18711"}],"curies":[{"name":"wp","href":"https:\/\/api.w.org\/{rel}","templated":true}]}}