{"id":1863,"date":"2024-10-23T13:49:21","date_gmt":"2024-10-23T11:49:21","guid":{"rendered":"http:\/\/billigtrikots.com\/?post_type=product&#038;p=1863"},"modified":"2024-10-23T13:50:55","modified_gmt":"2024-10-23T11:50:55","slug":"bvb-borussia-dortmund-heimtrikot-morey-bauza-2-herren-2022-gelb-schwarz-trikotsatz","status":"publish","type":"product","link":"https:\/\/www.billigtrikotde.com\/sl\/bvb-borussia-dortmund-heimtrikot-morey-bauza-2-herren-2022-gelb-schwarz-trikotsatz\/","title":{"rendered":"BVB Borussia Dortmund Home Jersey Morey Bauza 2 Mo\u0161ki 2022 Yellow Black Kit"},"content":{"rendered":"<p>Daj vse od sebe z doma\u010dim dresom P-uma Borussia Dortmund 21\/22, ki ima nekoliko ohlapnej\u0161o prileganje, posebej zasnovano za navija\u010de.<\/p>\n<p>Navdihnjen z znamenitim triumfom v Ligi prvakov leta 1997, dres P-uma Borussia Dortmund 21\/22 predstavlja duh outsiderja Karl-Heinza Riedleja in dru\u0161\u010dine z \u010drnimi ramenskimi deli in \u010drtastimi rokavi, ki posnemajo dres in nogavice finala leta 1997.<\/p>\n<p>Standardna razli\u010dica dresa je bila razvita za udobje na igri\u0161\u010du in ob njem ter vklju\u010duje najnovej\u0161o tehnologijo za odvajanje znoja, ki te ohranja sve\u017eega. S spro\u0161\u010denim krojem je prav tako idealen za prosti \u010das.<\/p>\n<p>Nasveti za tiskanje: \u010ce sta ime in \u0161tevilka na sliki to\u010dno tak\u0161na, kot ju \u017eelite, ju ni treba ponovno vnesti. \u010ce ni tako, vnesite \u017eeleno ime in \u0161tevilko.<\/p>\n<p>Nasveti za pranje: Priporo\u010dljivo je, da nogometne majice perete ro\u010dno. \u010ce \u017eelite uporabiti pralni stroj, ne pozabite nogometne majice obrniti narobe in jih nato oprati. Stroj napolnite s hladno vodo in uporabite ob\u010dutljiv cikel, da bolje za\u0161\u010ditite barve.<\/p>","protected":false},"excerpt":{"rendered":"<p>Daj vse od sebe z dresom P-uma Borussia Dortmund 21\/22, ki ima nekoliko ohlapnej\u0161o prileganje, zasnovano posebej za navija\u010de. Navdihnjen z znamenitim triumfom kluba v Ligi prvakov leta 1997, dres P-uma Borussia Dortmund 21\/22 doma\u010di odra\u017ea duh poguma Karl-Heinza Riedleja in dru\u0161\u010dine z \u010drnimi ramenskimi deli in \u010drtastimi rokavi, ki dres in [...]<\/p>","protected":false},"featured_media":1896,"comment_status":"open","ping_status":"closed","template":"","meta":[],"product_brand":[],"product_cat":[63],"product_tag":[20,65,66,67,21,22,23,24],"class_list":{"0":"post-1863","1":"product","2":"type-product","3":"status-publish","4":"has-post-thumbnail","6":"product_cat-borussia-dortmund","7":"product_tag-coole-fussballtrikots","8":"product_tag-borussia-dortmund-trikots","9":"product_tag-bvb-trikots","10":"product_tag-fussball-trikotsatz","11":"product_tag-fussballtrikot-fuer-herren","12":"product_tag-fussballtrikot-guenstig-kaufen","13":"product_tag-fussballtrikot-kurzarm","14":"product_tag-guenstiges-fussballtrikot","16":"first","17":"instock","18":"shipping-taxable","19":"purchasable","20":"product-type-variable"},"_links":{"self":[{"href":"https:\/\/www.billigtrikotde.com\/sl\/wp-json\/wp\/v2\/product\/1863","targetHints":{"allow":["GET"]}}],"collection":[{"href":"https:\/\/www.billigtrikotde.com\/sl\/wp-json\/wp\/v2\/product"}],"about":[{"href":"https:\/\/www.billigtrikotde.com\/sl\/wp-json\/wp\/v2\/types\/product"}],"replies":[{"embeddable":true,"href":"https:\/\/www.billigtrikotde.com\/sl\/wp-json\/wp\/v2\/comments?post=1863"}],"wp:featuredmedia":[{"embeddable":true,"href":"https:\/\/www.billigtrikotde.com\/sl\/wp-json\/wp\/v2\/media\/1896"}],"wp:attachment":[{"href":"https:\/\/www.billigtrikotde.com\/sl\/wp-json\/wp\/v2\/media?parent=1863"}],"wp:term":[{"taxonomy":"product_brand","embeddable":true,"href":"https:\/\/www.billigtrikotde.com\/sl\/wp-json\/wp\/v2\/product_brand?post=1863"},{"taxonomy":"product_cat","embeddable":true,"href":"https:\/\/www.billigtrikotde.com\/sl\/wp-json\/wp\/v2\/product_cat?post=1863"},{"taxonomy":"product_tag","embeddable":true,"href":"https:\/\/www.billigtrikotde.com\/sl\/wp-json\/wp\/v2\/product_tag?post=1863"}],"curies":[{"name":"wp","href":"https:\/\/api.w.org\/{rel}","templated":true}]}}