{"id":18602,"date":"2024-10-24T10:43:17","date_gmt":"2024-10-24T08:43:17","guid":{"rendered":"http:\/\/billigtrikots.com\/?post_type=product&#038;p=18602"},"modified":"2025-10-16T16:01:52","modified_gmt":"2025-10-16T14:01:52","slug":"personalisierbar-real-madrid-2024-25-heimtrikot-weiss-kurzarm-kurze-hosen","status":"publish","type":"product","link":"https:\/\/www.billigtrikotde.com\/sl\/personalisierbar-real-madrid-2024-25-heimtrikot-weiss-kurzarm-kurze-hosen\/","title":{"rendered":"Prilagodljiv Real Madrid 2024-25 Home Jersey White kratkimi rokavi + kratke hla\u010de"},"content":{"rendered":"<p>Dres Real Madrid Club de F\u00fatbol 2024-25 ima tradicionalno belo barvo ekipe v kombinaciji s \u010drno za tri \u010drte, dres Real Madrid 2024-2025 pa zaradi klasi\u010dne barvne kombinacije in preproste zasnove vzbuja spomine na drese iz za\u010detka leta 2000.<\/p>\n<p>Nasveti za tiskanje: \u010ce sta ime in \u0161tevilka na sliki to\u010dno tak\u0161na, kot ju \u017eelite, ju ni treba ponovno vnesti. \u010ce ni tako, vnesite \u017eeleno ime in \u0161tevilko.<\/p>\n<p>Nasveti za pranje: Priporo\u010dljivo je, da nogometne majice perete ro\u010dno. \u010ce \u017eelite uporabiti pralni stroj, ne pozabite nogometne majice obrniti narobe in jih nato oprati. Stroj napolnite s hladno vodo in uporabite ob\u010dutljiv cikel, da bolje za\u0161\u010ditite barve.<\/p>","protected":false},"excerpt":{"rendered":"<p>Majica Real Madrid Club de F\u00fatbol 2024-25 ima tradicionalno belo barvo ekipe, v kombinaciji s \u010drno za tri \u010drte. Majica Real Madrid 2024-2025 vzbuja spomine na majice zgodnjih 2000-ih let zaradi klasi\u010dne kombinacije barv in preprostega dizajna. Nasveti za tisk: \u010ce je ime in \u0161tevilka na [...]<\/p>","protected":false},"featured_media":18643,"comment_status":"open","ping_status":"closed","template":"","meta":[],"product_brand":[],"product_cat":[45],"product_tag":[574,21,228,24,1191,489,490,979,47],"class_list":{"0":"post-18602","1":"product","2":"type-product","3":"status-publish","4":"has-post-thumbnail","6":"product_cat-real-madrid","7":"product_tag-fussballtrikot-deutschland","8":"product_tag-fussballtrikot-fuer-herren","9":"product_tag-guenstige-fussballtrikot","10":"product_tag-guenstiges-fussballtrikot","11":"product_tag-real-madrid-club-de-futbol-2024-25-trikot","12":"product_tag-real-madrid-fussballtrikot","13":"product_tag-real-madrid-trikot","14":"product_tag-real-madrid-trikot-2024","15":"product_tag-real-madrid-trikots","17":"first","18":"instock","19":"shipping-taxable","20":"purchasable","21":"product-type-variable"},"_links":{"self":[{"href":"https:\/\/www.billigtrikotde.com\/sl\/wp-json\/wp\/v2\/product\/18602","targetHints":{"allow":["GET"]}}],"collection":[{"href":"https:\/\/www.billigtrikotde.com\/sl\/wp-json\/wp\/v2\/product"}],"about":[{"href":"https:\/\/www.billigtrikotde.com\/sl\/wp-json\/wp\/v2\/types\/product"}],"replies":[{"embeddable":true,"href":"https:\/\/www.billigtrikotde.com\/sl\/wp-json\/wp\/v2\/comments?post=18602"}],"wp:featuredmedia":[{"embeddable":true,"href":"https:\/\/www.billigtrikotde.com\/sl\/wp-json\/wp\/v2\/media\/18643"}],"wp:attachment":[{"href":"https:\/\/www.billigtrikotde.com\/sl\/wp-json\/wp\/v2\/media?parent=18602"}],"wp:term":[{"taxonomy":"product_brand","embeddable":true,"href":"https:\/\/www.billigtrikotde.com\/sl\/wp-json\/wp\/v2\/product_brand?post=18602"},{"taxonomy":"product_cat","embeddable":true,"href":"https:\/\/www.billigtrikotde.com\/sl\/wp-json\/wp\/v2\/product_cat?post=18602"},{"taxonomy":"product_tag","embeddable":true,"href":"https:\/\/www.billigtrikotde.com\/sl\/wp-json\/wp\/v2\/product_tag?post=18602"}],"curies":[{"name":"wp","href":"https:\/\/api.w.org\/{rel}","templated":true}]}}