{"id":18537,"date":"2024-10-24T10:39:22","date_gmt":"2024-10-24T08:39:22","guid":{"rendered":"http:\/\/billigtrikots.com\/?post_type=product&#038;p=18537"},"modified":"2024-10-24T10:42:36","modified_gmt":"2024-10-24T08:42:36","slug":"kinder-england-trikot-em-2024-torwart-heimtrikot-kurzarm-kurze-hosen-pickford-1","status":"publish","type":"product","link":"https:\/\/www.billigtrikotde.com\/sl\/kinder-england-trikot-em-2024-torwart-heimtrikot-kurzarm-kurze-hosen-pickford-1\/","title":{"rendered":"Otro\u0161ka angle\u0161ka majica EM 2024 Goalkeeper Home Shirt s kratkimi rokavi + kratke hla\u010de Pickford 1"},"content":{"rendered":"<p>Otro\u0161ka angle\u0161ka majica EM 2024 Goalkeeper Home Shirt s kratkimi rokavi + kratke hla\u010de Pickford 1<\/p>","protected":false},"excerpt":{"rendered":"<p>Otro\u0161ka angle\u0161ka majica EM 2024 Goalkeeper Home Shirt s kratkimi rokavi + kratke hla\u010de Pickford 1<\/p>","protected":false},"featured_media":18588,"comment_status":"open","ping_status":"closed","template":"","meta":[],"product_brand":[],"product_cat":[1096],"product_tag":[20,1076,1078,1097,21,22,23,24],"class_list":{"0":"post-18537","1":"product","2":"type-product","3":"status-publish","4":"has-post-thumbnail","6":"product_cat-em-2024-england","7":"product_tag-coole-fussballtrikots","8":"product_tag-em-2024-trikot","9":"product_tag-em-2024-trikot-kinder","10":"product_tag-england-trikot-em-2024","11":"product_tag-fussballtrikot-fuer-herren","12":"product_tag-fussballtrikot-guenstig-kaufen","13":"product_tag-fussballtrikot-kurzarm","14":"product_tag-guenstiges-fussballtrikot","16":"first","17":"instock","18":"shipping-taxable","19":"purchasable","20":"product-type-variable"},"_links":{"self":[{"href":"https:\/\/www.billigtrikotde.com\/sl\/wp-json\/wp\/v2\/product\/18537","targetHints":{"allow":["GET"]}}],"collection":[{"href":"https:\/\/www.billigtrikotde.com\/sl\/wp-json\/wp\/v2\/product"}],"about":[{"href":"https:\/\/www.billigtrikotde.com\/sl\/wp-json\/wp\/v2\/types\/product"}],"replies":[{"embeddable":true,"href":"https:\/\/www.billigtrikotde.com\/sl\/wp-json\/wp\/v2\/comments?post=18537"}],"wp:featuredmedia":[{"embeddable":true,"href":"https:\/\/www.billigtrikotde.com\/sl\/wp-json\/wp\/v2\/media\/18588"}],"wp:attachment":[{"href":"https:\/\/www.billigtrikotde.com\/sl\/wp-json\/wp\/v2\/media?parent=18537"}],"wp:term":[{"taxonomy":"product_brand","embeddable":true,"href":"https:\/\/www.billigtrikotde.com\/sl\/wp-json\/wp\/v2\/product_brand?post=18537"},{"taxonomy":"product_cat","embeddable":true,"href":"https:\/\/www.billigtrikotde.com\/sl\/wp-json\/wp\/v2\/product_cat?post=18537"},{"taxonomy":"product_tag","embeddable":true,"href":"https:\/\/www.billigtrikotde.com\/sl\/wp-json\/wp\/v2\/product_tag?post=18537"}],"curies":[{"name":"wp","href":"https:\/\/api.w.org\/{rel}","templated":true}]}}