{"id":18365,"date":"2024-10-24T10:29:54","date_gmt":"2024-10-24T08:29:54","guid":{"rendered":"http:\/\/billigtrikots.com\/?post_type=product&#038;p=18365"},"modified":"2024-10-24T10:32:33","modified_gmt":"2024-10-24T08:32:33","slug":"guenstige-fussballtrikots-herren-argentinien-auswaertstrikot-2024-25-online-kaufen","status":"publish","type":"product","link":"https:\/\/www.billigtrikotde.com\/sl\/guenstige-fussballtrikots-herren-argentinien-auswaertstrikot-2024-25-online-kaufen\/","title":{"rendered":"Kupi poceni nogometne majice Mo\u0161ki Argentina Away Shirt 2024-25 Online"},"content":{"rendered":"<p>Kupi poceni nogometne majice Mo\u0161ki Argentina Away Shirt 2024-25 na spletu Komplet Argentina 2024 v tujini zdru\u017euje kraljevo modro osnovno barvo z barvami argentinske zastave, belo in nebesno modro. Tri \u010drte bodo verjetno svetlo modre barve, grb AFA pa je nebesno modre in bele barve.Modra barva gostujo\u010dega kompleta Argentina 2024 je podobna barvi gostujo\u010dih kompletov Argentine do konca devetdesetih let prej\u0161njega stoletja, preden je mornarsko modra postala obi\u010dajna izbira. Znak zveze bo dvobarven, v nebesno modri in beli barvi. Edinstvenost gostujo\u010dega kompleta Argentina 2024 je podrobnost, ki obuja spomine na svetovno prvenstvo 2006 - na strani je panel, ki spominja na mo\u0161tveni duh, z nebesno modro in belo barvo argentinske zastave. Izletni\u0161ki dres Argentine iz leta 2006 je oblekel Messi, ko je debitiral na svetovnem prvenstvu, izletni\u0161ki dres 2024 pa je jasen poklon tej zasnovi.<\/p>\n<p>Nasveti za tiskanje: \u010ce sta ime in \u0161tevilka na sliki to\u010dno tak\u0161na, kot ju \u017eelite, ju ni treba ponovno vnesti. \u010ce ni tako, vnesite \u017eeleno ime in \u0161tevilko.<\/p>\n<p>Nasveti za pranje: Priporo\u010dljivo je, da nogometne majice perete ro\u010dno. \u010ce \u017eelite uporabiti pralni stroj, ne pozabite nogometne majice obrniti narobe in jih nato oprati. Stroj napolnite s hladno vodo in uporabite ob\u010dutljiv cikel, da bolje za\u0161\u010ditite barve.<\/p>","protected":false},"excerpt":{"rendered":"<p>G\u00fcnstige Fu\u00dfballtrikots Herren Argentinien Ausw\u00e4rtstrikot 2024-25 Online Kaufen.Das Argentinien 2024 Ausw\u00e4rtstrikot kombiniert eine k\u00f6nigsblaue Grundfarbe mit den Farben der argentinischen Flagge, Wei\u00df und Himmelblau. Die Three Stripes sind wahrscheinlich hellblau, das AFA-Wappen ist himmelblau und wei\u00df.Die blaue Farbe des Argentinien 2024-Ausw\u00e4rtstrikots \u00e4hnelt der Farbe der argentinischen Ausw\u00e4rtstrikots bis Ende der 90er Jahre, bevor Marineblau die [&hellip;]<\/p>","protected":false},"featured_media":18410,"comment_status":"open","ping_status":"closed","template":"","meta":[],"product_brand":[],"product_cat":[325],"product_tag":[1186,1119,20,21,22,24],"class_list":{"0":"post-18365","1":"product","2":"type-product","3":"status-publish","4":"has-post-thumbnail","6":"product_cat-argentinien-trikots","7":"product_tag-argentinien-2024-25-trikots","8":"product_tag-argentinien-fussballtrikots","9":"product_tag-coole-fussballtrikots","10":"product_tag-fussballtrikot-fuer-herren","11":"product_tag-fussballtrikot-guenstig-kaufen","12":"product_tag-guenstiges-fussballtrikot","14":"first","15":"instock","16":"shipping-taxable","17":"purchasable","18":"product-type-variable"},"_links":{"self":[{"href":"https:\/\/www.billigtrikotde.com\/sl\/wp-json\/wp\/v2\/product\/18365","targetHints":{"allow":["GET"]}}],"collection":[{"href":"https:\/\/www.billigtrikotde.com\/sl\/wp-json\/wp\/v2\/product"}],"about":[{"href":"https:\/\/www.billigtrikotde.com\/sl\/wp-json\/wp\/v2\/types\/product"}],"replies":[{"embeddable":true,"href":"https:\/\/www.billigtrikotde.com\/sl\/wp-json\/wp\/v2\/comments?post=18365"}],"wp:featuredmedia":[{"embeddable":true,"href":"https:\/\/www.billigtrikotde.com\/sl\/wp-json\/wp\/v2\/media\/18410"}],"wp:attachment":[{"href":"https:\/\/www.billigtrikotde.com\/sl\/wp-json\/wp\/v2\/media?parent=18365"}],"wp:term":[{"taxonomy":"product_brand","embeddable":true,"href":"https:\/\/www.billigtrikotde.com\/sl\/wp-json\/wp\/v2\/product_brand?post=18365"},{"taxonomy":"product_cat","embeddable":true,"href":"https:\/\/www.billigtrikotde.com\/sl\/wp-json\/wp\/v2\/product_cat?post=18365"},{"taxonomy":"product_tag","embeddable":true,"href":"https:\/\/www.billigtrikotde.com\/sl\/wp-json\/wp\/v2\/product_tag?post=18365"}],"curies":[{"name":"wp","href":"https:\/\/api.w.org\/{rel}","templated":true}]}}