{"id":18300,"date":"2024-10-24T10:26:35","date_gmt":"2024-10-24T08:26:35","guid":{"rendered":"http:\/\/billigtrikots.com\/?post_type=product&#038;p=18300"},"modified":"2024-10-24T10:29:17","modified_gmt":"2024-10-24T08:29:17","slug":"mexiko-heimtrikot-copa-america-2024-kurzarm-fuer-herren","status":"publish","type":"product","link":"https:\/\/www.billigtrikotde.com\/sl\/mexiko-heimtrikot-copa-america-2024-kurzarm-fuer-herren\/","title":{"rendered":"Doma\u010da majica Mehike Copa Am\u00e9rica 2024 s kratkimi rokavi za mo\u0161ke"},"content":{"rendered":"<p>Namesto obi\u010dajne zelene barve zadnjih let, kombinira majica Mexico 2024 temno rjavo osnovno barvo z sivo za logotipe. To pa ni nova barva za mehi\u0161ko reprezentanco. Vzorec iz pavajih peres po vsej majici daje edinstven videz majici Mexico 2024. Navdihnjena je s mehi\u0161ko-majansko mitologijo pava, da \u010dasti tega \u010dudovitega ptica.<\/p>","protected":false},"excerpt":{"rendered":"<p>Namesto obi\u010dajne zelene barve zadnjih let, kombinira majica Mexico 2024 temno rjavo osnovno barvo z sivo za logotipe. To pa ni nova barva za mehi\u0161ko reprezentanco. Vzorec iz pavajih peres po vsej majici daje edinstven videz majici Mexico 2024. Navdihnjena je s mehi\u0161ko-majansko mitologijo pava, da \u010dasti tega \u010dudovitega ptica.<\/p>","protected":false},"featured_media":18347,"comment_status":"open","ping_status":"closed","template":"","meta":[],"product_brand":[],"product_cat":[251],"product_tag":[20,21,22,24,1165,1166,1167,1168],"class_list":{"0":"post-18300","1":"product","2":"type-product","3":"status-publish","4":"has-post-thumbnail","6":"product_cat-mexiko-trikots","7":"product_tag-coole-fussballtrikots","8":"product_tag-fussballtrikot-fuer-herren","9":"product_tag-fussballtrikot-guenstig-kaufen","10":"product_tag-guenstiges-fussballtrikot","11":"product_tag-mexiko-auswaerts-2024","12":"product_tag-mexiko-copa-america-2024","13":"product_tag-mexiko-fussballtrikots","14":"product_tag-mexiko-heim-2024","16":"first","17":"instock","18":"shipping-taxable","19":"purchasable","20":"product-type-variable"},"_links":{"self":[{"href":"https:\/\/www.billigtrikotde.com\/sl\/wp-json\/wp\/v2\/product\/18300","targetHints":{"allow":["GET"]}}],"collection":[{"href":"https:\/\/www.billigtrikotde.com\/sl\/wp-json\/wp\/v2\/product"}],"about":[{"href":"https:\/\/www.billigtrikotde.com\/sl\/wp-json\/wp\/v2\/types\/product"}],"replies":[{"embeddable":true,"href":"https:\/\/www.billigtrikotde.com\/sl\/wp-json\/wp\/v2\/comments?post=18300"}],"wp:featuredmedia":[{"embeddable":true,"href":"https:\/\/www.billigtrikotde.com\/sl\/wp-json\/wp\/v2\/media\/18347"}],"wp:attachment":[{"href":"https:\/\/www.billigtrikotde.com\/sl\/wp-json\/wp\/v2\/media?parent=18300"}],"wp:term":[{"taxonomy":"product_brand","embeddable":true,"href":"https:\/\/www.billigtrikotde.com\/sl\/wp-json\/wp\/v2\/product_brand?post=18300"},{"taxonomy":"product_cat","embeddable":true,"href":"https:\/\/www.billigtrikotde.com\/sl\/wp-json\/wp\/v2\/product_cat?post=18300"},{"taxonomy":"product_tag","embeddable":true,"href":"https:\/\/www.billigtrikotde.com\/sl\/wp-json\/wp\/v2\/product_tag?post=18300"}],"curies":[{"name":"wp","href":"https:\/\/api.w.org\/{rel}","templated":true}]}}