{"id":18174,"date":"2024-10-24T10:20:15","date_gmt":"2024-10-24T08:20:15","guid":{"rendered":"http:\/\/billigtrikots.com\/?post_type=product&#038;p=18174"},"modified":"2024-10-24T10:23:01","modified_gmt":"2024-10-24T08:23:01","slug":"polen-euro-2024-auswaertstrikots-em-24-25-rot-kurzarm","status":"publish","type":"product","link":"https:\/\/www.billigtrikotde.com\/sl\/polen-euro-2024-auswaertstrikots-em-24-25-rot-kurzarm\/","title":{"rendered":"Poljska Euro 2024 komplet EM 24-25 rde\u010da s kratkimi rokavi"},"content":{"rendered":"<p>Polska 2024 doma\u010da majica je zelo bolj moderna kot majica. Poljska 2024 doma\u010da majica je rde\u010da z nenavadnim prelivom v razli\u010dnih oran\u017enih, kostanjevih in rde\u010dih odtenkih. Preliv je sestavljen iz kri\u017ea.<\/p>","protected":false},"excerpt":{"rendered":"<p>Polska 2024 doma\u010da majica je zelo bolj moderna kot majica. Poljska 2024 doma\u010da majica je rde\u010da z nenavadnim prelivom v razli\u010dnih oran\u017enih, kostanjevih in rde\u010dih odtenkih. Preliv je sestavljen iz kri\u017ea.<\/p>","protected":false},"featured_media":18227,"comment_status":"open","ping_status":"closed","template":"","meta":[],"product_brand":[],"product_cat":[1072,415],"product_tag":[20,1076,1077,21,22,23,24,1106],"class_list":{"0":"post-18174","1":"product","2":"type-product","3":"status-publish","4":"has-post-thumbnail","6":"product_cat-em-2024-trikots","7":"product_cat-polen-trikots","8":"product_tag-coole-fussballtrikots","9":"product_tag-em-2024-trikot","10":"product_tag-em-2024-trikot-herren","11":"product_tag-fussballtrikot-fuer-herren","12":"product_tag-fussballtrikot-guenstig-kaufen","13":"product_tag-fussballtrikot-kurzarm","14":"product_tag-guenstiges-fussballtrikot","15":"product_tag-polen-trikot-em-2024","17":"first","18":"instock","19":"shipping-taxable","20":"purchasable","21":"product-type-variable"},"_links":{"self":[{"href":"https:\/\/www.billigtrikotde.com\/sl\/wp-json\/wp\/v2\/product\/18174","targetHints":{"allow":["GET"]}}],"collection":[{"href":"https:\/\/www.billigtrikotde.com\/sl\/wp-json\/wp\/v2\/product"}],"about":[{"href":"https:\/\/www.billigtrikotde.com\/sl\/wp-json\/wp\/v2\/types\/product"}],"replies":[{"embeddable":true,"href":"https:\/\/www.billigtrikotde.com\/sl\/wp-json\/wp\/v2\/comments?post=18174"}],"wp:featuredmedia":[{"embeddable":true,"href":"https:\/\/www.billigtrikotde.com\/sl\/wp-json\/wp\/v2\/media\/18227"}],"wp:attachment":[{"href":"https:\/\/www.billigtrikotde.com\/sl\/wp-json\/wp\/v2\/media?parent=18174"}],"wp:term":[{"taxonomy":"product_brand","embeddable":true,"href":"https:\/\/www.billigtrikotde.com\/sl\/wp-json\/wp\/v2\/product_brand?post=18174"},{"taxonomy":"product_cat","embeddable":true,"href":"https:\/\/www.billigtrikotde.com\/sl\/wp-json\/wp\/v2\/product_cat?post=18174"},{"taxonomy":"product_tag","embeddable":true,"href":"https:\/\/www.billigtrikotde.com\/sl\/wp-json\/wp\/v2\/product_tag?post=18174"}],"curies":[{"name":"wp","href":"https:\/\/api.w.org\/{rel}","templated":true}]}}