{"id":18100,"date":"2024-10-24T10:16:20","date_gmt":"2024-10-24T08:16:20","guid":{"rendered":"http:\/\/billigtrikots.com\/?post_type=product&#038;p=18100"},"modified":"2024-10-24T10:19:30","modified_gmt":"2024-10-24T08:19:30","slug":"kinder-set-england-euro-2024-heimtrikot-em-24-25-personalisierbar","status":"publish","type":"product","link":"https:\/\/www.billigtrikotde.com\/sl\/kinder-set-england-euro-2024-heimtrikot-em-24-25-personalisierbar\/","title":{"rendered":"Otro\u0161ki komplet England EURO 2024 Home Jersey EM 24-25 Prilagodljiv"},"content":{"rendered":"<p>Angle\u0161ka majica za Euro 2024 je velika sprememba v primerjavi s prej\u0161njimi doma\u010dimi majicami Anglije. Nogometna majica Anglija 2024 zdru\u017euje klasi\u010dno belo barvo dr\u017eave s temno mornarsko modro in bordo\/svetlo rde\u010dimi detajli. uporabljamo posebej izdelan ovratnik, ki je kombinacija klasi\u010dnega V ovratnika in polo ovratnika - gre za \"la\u017eni V\" polo ovratnik. Man\u0161ete doma\u010de majice Anglija 2024 imajo navadne temno temno modre\/svetlo rde\u010de\/bordo \u010drte s podrobnostmi.<\/p>","protected":false},"excerpt":{"rendered":"<p>Das England Euro 2024 Trikot ist eine starke Ver\u00e4nderung gegen\u00fcber den bisherigen England Heimtrikots. Das England 2024 Fu\u00dfballtrikot kombiniert das klassische Wei\u00df des Landes mit einem dunklen Marineblau und kastanienbraunen\/hellroten Details.We verwendet einen speziell konstruierten Kragen, der eine Kombination aus einem klassischen V-Kragen und einem Polokragen ist &#8211; es ist ein &#8222;falscher V-Polokragen&#8220;. Die \u00c4rmelb\u00fcndchen [&hellip;]<\/p>","protected":false},"featured_media":18146,"comment_status":"open","ping_status":"closed","template":"","meta":[],"product_brand":[],"product_cat":[1096,1072],"product_tag":[20,1076,1077,1097,21,22,23,24],"class_list":{"0":"post-18100","1":"product","2":"type-product","3":"status-publish","4":"has-post-thumbnail","6":"product_cat-em-2024-england","7":"product_cat-em-2024-trikots","8":"product_tag-coole-fussballtrikots","9":"product_tag-em-2024-trikot","10":"product_tag-em-2024-trikot-herren","11":"product_tag-england-trikot-em-2024","12":"product_tag-fussballtrikot-fuer-herren","13":"product_tag-fussballtrikot-guenstig-kaufen","14":"product_tag-fussballtrikot-kurzarm","15":"product_tag-guenstiges-fussballtrikot","17":"first","18":"instock","19":"shipping-taxable","20":"purchasable","21":"product-type-variable"},"_links":{"self":[{"href":"https:\/\/www.billigtrikotde.com\/sl\/wp-json\/wp\/v2\/product\/18100","targetHints":{"allow":["GET"]}}],"collection":[{"href":"https:\/\/www.billigtrikotde.com\/sl\/wp-json\/wp\/v2\/product"}],"about":[{"href":"https:\/\/www.billigtrikotde.com\/sl\/wp-json\/wp\/v2\/types\/product"}],"replies":[{"embeddable":true,"href":"https:\/\/www.billigtrikotde.com\/sl\/wp-json\/wp\/v2\/comments?post=18100"}],"wp:featuredmedia":[{"embeddable":true,"href":"https:\/\/www.billigtrikotde.com\/sl\/wp-json\/wp\/v2\/media\/18146"}],"wp:attachment":[{"href":"https:\/\/www.billigtrikotde.com\/sl\/wp-json\/wp\/v2\/media?parent=18100"}],"wp:term":[{"taxonomy":"product_brand","embeddable":true,"href":"https:\/\/www.billigtrikotde.com\/sl\/wp-json\/wp\/v2\/product_brand?post=18100"},{"taxonomy":"product_cat","embeddable":true,"href":"https:\/\/www.billigtrikotde.com\/sl\/wp-json\/wp\/v2\/product_cat?post=18100"},{"taxonomy":"product_tag","embeddable":true,"href":"https:\/\/www.billigtrikotde.com\/sl\/wp-json\/wp\/v2\/product_tag?post=18100"}],"curies":[{"name":"wp","href":"https:\/\/api.w.org\/{rel}","templated":true}]}}