{"id":18085,"date":"2024-10-24T10:15:37","date_gmt":"2024-10-24T08:15:37","guid":{"rendered":"http:\/\/billigtrikots.com\/?post_type=product&#038;p=18085"},"modified":"2024-10-24T10:18:22","modified_gmt":"2024-10-24T08:18:22","slug":"herren-portugal-euro-2024-heimtrikot-em-24-25-rot-kurzarm-ronaldo-7","status":"publish","type":"product","link":"https:\/\/www.billigtrikotde.com\/sl\/herren-portugal-euro-2024-heimtrikot-em-24-25-rot-kurzarm-ronaldo-7\/","title":{"rendered":"Mo\u0161ka majica Portugal EURO 2024 Home Jersey EM 24-25 Red s kratkimi rokavi Ronaldo 7"},"content":{"rendered":"<p>Na dresu Portugalske za Euro 2024 je klasi\u010dna rde\u010da barva dr\u017eave, ki pa je kombinirana z drugimi barvami kot v prej\u0161njih letih. V glavnem je rde\u010da, kombinirana z zelenimi in \u010drnimi aplikacijami ter svetlo be\u017e barvo za sovoosh, pa tudi imena in \u0161tevilke. Uradne barve so \"univerzitetna rde\u010da\/borovo zelena\/\u017eara\", dres Portugalske 2024 pa ne uporablja grafi\u010dnega oblikovanja, temve\u010d prepu\u0161\u010da osrednjo vlogo barvam. Na notranji strani ovratnika je poseben napis Portugalska.<\/p>","protected":false},"excerpt":{"rendered":"<p>Das Portugal Euro 2024 Trikot zeigt die klassische rote Farbe des Landes, aber kombiniert mit anderen Farben als in den letzten Jahren. Es ist haupts\u00e4chlich rot, kombiniert mit gr\u00fcnen und schwarzen Applikationen, dazu kommt ein helles Beige f\u00fcr den Sowoosh, sowie die Namen und Nummern. Offiziell lauten die Farben &#8222;University Red\/Pine Green\/Sail&#8220;.Verwendet f\u00fcr das Trikot [&hellip;]<\/p>","protected":false},"featured_media":18131,"comment_status":"open","ping_status":"closed","template":"","meta":[],"product_brand":[],"product_cat":[1094,1072],"product_tag":[20,1076,1077,21,22,23,24,1095],"class_list":{"0":"post-18085","1":"product","2":"type-product","3":"status-publish","4":"has-post-thumbnail","6":"product_cat-em-2024-portugal","7":"product_cat-em-2024-trikots","8":"product_tag-coole-fussballtrikots","9":"product_tag-em-2024-trikot","10":"product_tag-em-2024-trikot-herren","11":"product_tag-fussballtrikot-fuer-herren","12":"product_tag-fussballtrikot-guenstig-kaufen","13":"product_tag-fussballtrikot-kurzarm","14":"product_tag-guenstiges-fussballtrikot","15":"product_tag-portugal-trikot-em-2024","17":"first","18":"instock","19":"shipping-taxable","20":"purchasable","21":"product-type-variable"},"_links":{"self":[{"href":"https:\/\/www.billigtrikotde.com\/sl\/wp-json\/wp\/v2\/product\/18085","targetHints":{"allow":["GET"]}}],"collection":[{"href":"https:\/\/www.billigtrikotde.com\/sl\/wp-json\/wp\/v2\/product"}],"about":[{"href":"https:\/\/www.billigtrikotde.com\/sl\/wp-json\/wp\/v2\/types\/product"}],"replies":[{"embeddable":true,"href":"https:\/\/www.billigtrikotde.com\/sl\/wp-json\/wp\/v2\/comments?post=18085"}],"wp:featuredmedia":[{"embeddable":true,"href":"https:\/\/www.billigtrikotde.com\/sl\/wp-json\/wp\/v2\/media\/18131"}],"wp:attachment":[{"href":"https:\/\/www.billigtrikotde.com\/sl\/wp-json\/wp\/v2\/media?parent=18085"}],"wp:term":[{"taxonomy":"product_brand","embeddable":true,"href":"https:\/\/www.billigtrikotde.com\/sl\/wp-json\/wp\/v2\/product_brand?post=18085"},{"taxonomy":"product_cat","embeddable":true,"href":"https:\/\/www.billigtrikotde.com\/sl\/wp-json\/wp\/v2\/product_cat?post=18085"},{"taxonomy":"product_tag","embeddable":true,"href":"https:\/\/www.billigtrikotde.com\/sl\/wp-json\/wp\/v2\/product_tag?post=18085"}],"curies":[{"name":"wp","href":"https:\/\/api.w.org\/{rel}","templated":true}]}}