{"id":17968,"date":"2024-10-24T10:09:44","date_gmt":"2024-10-24T08:09:44","guid":{"rendered":"http:\/\/billigtrikots.com\/?post_type=product&#038;p=17968"},"modified":"2024-10-24T10:12:06","modified_gmt":"2024-10-24T08:12:06","slug":"fussball-trikot-spanien-euro-2024-heimtrikot-em-24-rot-mit-aufdruck-pedri-26","status":"publish","type":"product","link":"https:\/\/www.billigtrikotde.com\/sl\/fussball-trikot-spanien-euro-2024-heimtrikot-em-24-rot-mit-aufdruck-pedri-26\/","title":{"rendered":"Nogometna majica \u0160panija Euro 2024 Doma\u010da majica EM 24 Rde\u010da s tiskom Pedri 26"},"content":{"rendered":"<p>Dres \u0160panije 2024 ima privla\u010den videz, zaradi katerega predloga 2024 izstopa. Kombinacija bogate rde\u010de barve z bogato rumeno za vse logotipe in aplikacije je zelo subtilna, vendar ima dres \u0160panije 2024 v zasnovo vklju\u010den vzorec valov\/ peska.<\/p>\n<p>Nasveti za tiskanje: \u010ce sta ime in \u0161tevilka na sliki to\u010dno tak\u0161na, kot ju \u017eelite, ju ni treba ponovno vnesti. \u010ce ni tako, vnesite \u017eeleno ime in \u0161tevilko.<\/p>\n<p>Nasveti za pranje: Priporo\u010dljivo je, da nogometne majice perete ro\u010dno. \u010ce \u017eelite uporabiti pralni stroj, ne pozabite nogometne majice obrniti narobe in jih nato oprati. Stroj napolnite s hladno vodo in uporabite ob\u010dutljiv cikel, da bolje za\u0161\u010ditite barve.<\/p>","protected":false},"excerpt":{"rendered":"<p>Majica \u0160panija 2024 ima izstopajo\u010d videz, ki izpostavi zasnovo v letu 2024. Zdru\u017euje mo\u010dno rde\u010do z \u017eivahno rumeno za vse logotipe in aplikacije. Zelo je diskretna, vendar ima majica 2024 \u0160panija vzorec valovit ali pe\u0161\u010den vzorec, ki je vklju\u010den v dizajn. Napotila za tisk: \u010de je ime in \u0161tevilka [\u2026]<\/p>","protected":false},"featured_media":18004,"comment_status":"open","ping_status":"closed","template":"","meta":[],"product_brand":[],"product_cat":[1079,1072],"product_tag":[20,1076,1077,22,426,24,1080],"class_list":{"0":"post-17968","1":"product","2":"type-product","3":"status-publish","4":"has-post-thumbnail","6":"product_cat-em-2024-spanien","7":"product_cat-em-2024-trikots","8":"product_tag-coole-fussballtrikots","9":"product_tag-em-2024-trikot","10":"product_tag-em-2024-trikot-herren","11":"product_tag-fussballtrikot-guenstig-kaufen","12":"product_tag-fussballtrikots-kurzarm","13":"product_tag-guenstiges-fussballtrikot","14":"product_tag-spanien-trikot-em-2024","16":"first","17":"instock","18":"shipping-taxable","19":"purchasable","20":"product-type-variable"},"_links":{"self":[{"href":"https:\/\/www.billigtrikotde.com\/sl\/wp-json\/wp\/v2\/product\/17968","targetHints":{"allow":["GET"]}}],"collection":[{"href":"https:\/\/www.billigtrikotde.com\/sl\/wp-json\/wp\/v2\/product"}],"about":[{"href":"https:\/\/www.billigtrikotde.com\/sl\/wp-json\/wp\/v2\/types\/product"}],"replies":[{"embeddable":true,"href":"https:\/\/www.billigtrikotde.com\/sl\/wp-json\/wp\/v2\/comments?post=17968"}],"wp:featuredmedia":[{"embeddable":true,"href":"https:\/\/www.billigtrikotde.com\/sl\/wp-json\/wp\/v2\/media\/18004"}],"wp:attachment":[{"href":"https:\/\/www.billigtrikotde.com\/sl\/wp-json\/wp\/v2\/media?parent=17968"}],"wp:term":[{"taxonomy":"product_brand","embeddable":true,"href":"https:\/\/www.billigtrikotde.com\/sl\/wp-json\/wp\/v2\/product_brand?post=17968"},{"taxonomy":"product_cat","embeddable":true,"href":"https:\/\/www.billigtrikotde.com\/sl\/wp-json\/wp\/v2\/product_cat?post=17968"},{"taxonomy":"product_tag","embeddable":true,"href":"https:\/\/www.billigtrikotde.com\/sl\/wp-json\/wp\/v2\/product_tag?post=17968"}],"curies":[{"name":"wp","href":"https:\/\/api.w.org\/{rel}","templated":true}]}}